{"id":19907,"date":"2025-07-22T18:29:30","date_gmt":"2025-07-22T16:29:30","guid":{"rendered":"https:\/\/uj.adatbank.ro\/lexikon\/termek\/scheitz-antal\/"},"modified":"2025-07-22T18:29:30","modified_gmt":"2025-07-22T16:29:30","slug":"scheitz-antal","status":"publish","type":"product","link":"https:\/\/uj.adatbank.ro\/lexikon\/termek\/scheitz-antal\/","title":{"rendered":"SCHEITZ Antal"},"content":{"rendered":"<p>1822. \u2020 Mv., 1884. jan. 17.: \u00fcgyv\u00e9d. \u2013 Testv\u00e9rei: Sch. Ferenc orvos; Sch. Willib\u00e1ld \u00fcgyv\u00e9d. Feles\u00e9ge: Bodor Vilma. Gyermekeik: Vilmos, Endre \u00e9s P\u00e1l. \u2013 Mv.-en \u00fcgyv\u00e9d jogtudor, dr. Virilista (1876. dec., 1877. dec.). <br \/><strong>Irod.:<\/strong> Gy\u00e1szjelent\u0151; Id\u0151t\u00e1r 5\/3.<\/br><\/p>\n","protected":false},"excerpt":{"rendered":"<p>1822. \u2020 Mv., 1884. jan. 17.: \u00fcgyv\u00e9d. \u2013 Testv\u00e9rei: Sch. Ferenc orvos; Sch. Willib\u00e1ld \u00fcgyv\u00e9d. Feles\u00e9ge: Bodor Vilma. Gyermekeik: Vilmos, Endre \u00e9s P\u00e1l. \u2013 Mv.-en \u00fcgyv\u00e9d jogtudor, dr. Virilista (1876. dec., 1877. dec.). Irod.: Gy\u00e1szjelent\u0151; Id\u0151t\u00e1r 5\/3.<\/p>\n","protected":false},"featured_media":0,"comment_status":"open","ping_status":"closed","template":"","meta":[],"product_brand":[],"product_cat":[137],"product_tag":[],"class_list":{"0":"post-19907","1":"product","2":"type-product","3":"status-publish","5":"product_cat-maros-megyei-eletrajzi-lexikon","7":"first","8":"instock","9":"shipping-taxable","10":"product-type-simple"},"_links":{"self":[{"href":"https:\/\/uj.adatbank.ro\/lexikon\/wp-json\/wp\/v2\/product\/19907","targetHints":{"allow":["GET"]}}],"collection":[{"href":"https:\/\/uj.adatbank.ro\/lexikon\/wp-json\/wp\/v2\/product"}],"about":[{"href":"https:\/\/uj.adatbank.ro\/lexikon\/wp-json\/wp\/v2\/types\/product"}],"replies":[{"embeddable":true,"href":"https:\/\/uj.adatbank.ro\/lexikon\/wp-json\/wp\/v2\/comments?post=19907"}],"wp:attachment":[{"href":"https:\/\/uj.adatbank.ro\/lexikon\/wp-json\/wp\/v2\/media?parent=19907"}],"wp:term":[{"taxonomy":"product_brand","embeddable":true,"href":"https:\/\/uj.adatbank.ro\/lexikon\/wp-json\/wp\/v2\/product_brand?post=19907"},{"taxonomy":"product_cat","embeddable":true,"href":"https:\/\/uj.adatbank.ro\/lexikon\/wp-json\/wp\/v2\/product_cat?post=19907"},{"taxonomy":"product_tag","embeddable":true,"href":"https:\/\/uj.adatbank.ro\/lexikon\/wp-json\/wp\/v2\/product_tag?post=19907"}],"curies":[{"name":"wp","href":"https:\/\/api.w.org\/{rel}","templated":true}]}}