{"id":19909,"date":"2025-07-22T18:29:34","date_gmt":"2025-07-22T16:29:34","guid":{"rendered":"https:\/\/uj.adatbank.ro\/lexikon\/termek\/scheitz-pal\/"},"modified":"2025-07-22T18:29:34","modified_gmt":"2025-07-22T16:29:34","slug":"scheitz-pal","status":"publish","type":"product","link":"https:\/\/uj.adatbank.ro\/lexikon\/termek\/scheitz-pal\/","title":{"rendered":"SCHEITZ P\u00e1l"},"content":{"rendered":"<p>Mv., 1870. jan. 27., \u2020\u00a0Bp., 1912. \u00e1pr. 12.: vegy\u00e9sz. \u2013 M\u00fcnchenben v\u00e9gezte f\u0151iskolai tanulm\u00e1nyait. A m\u00fcncheni egy.-en W. Miller laborat\u00f3rium\u00e1ban folytatott kutat\u00e1sokat. A kv.-i TE.-en b\u00f6lcs\u00e9szdoktori oklevelet szerzett (1896). A bp.-i m\u0171egy. k\u00e9miai tansz\u00e9k\u00e9n Ilosvay Lajos tan\u00e1rseg\u00e9dje (1897), adjunktus (1906\u2013), a k\u00e9miai analitika c. t\u00e1rgyk\u00f6r mag\u00e1ntan\u00e1ra volt (1911\u2013). A lakmusz sz\u00ednes anyagaival, valamint a k\u00e9k sz\u00edn\u0171 molibd\u00e9n-oxidokkal, valamint a tell\u00far \u00e9s a szel\u00e9n sz\u00e9tv\u00e1laszt\u00e1s\u00e1val foglalkozott. K\u00e9miai analitikai m\u0171ve maradand\u00f3 \u00e9rt\u00e9k\u0171. K\u00f6z\u00f6lt a Matematikai \u00e9s Term\u00e9szettudom\u00e1nyi \u00c9rtes\u00edt\u0151ben, a Magyar Chemiai Foly\u00f3iratban. \u2013 <strong><strong>F. m.<\/strong><\/strong>: Az aethyliden \u00e9s benzyliden paraanisi-din n\u00e9h\u00e1ny sz\u00e1rmaz\u00e9k\u00e1r\u00f3l (v., 1896); A vegytan \u00e9s eredm\u00e9nyei (Bp., 1908); A min\u0151s\u00e9gi k\u00e9miai anal\u00edzis m\u00f3dszerei (Bp., 1911). <br \/><strong>Irod.:<\/strong> M\u00c9L; P\u00e9ter H. M. 2013; Todea.<\/br><\/p>\n","protected":false},"excerpt":{"rendered":"<p>Mv., 1870. jan. 27., \u2020\u00a0Bp., 1912. \u00e1pr. 12.: vegy\u00e9sz. \u2013 M\u00fcnchenben v\u00e9gezte f\u0151iskolai tanulm\u00e1nyait. A m\u00fcncheni egy.-en W. Miller laborat\u00f3rium\u00e1ban folytatott kutat\u00e1sokat. A kv.-i TE.-en b\u00f6lcs\u00e9szdoktori oklevelet szerzett (1896). A bp.-i m\u0171egy. k\u00e9miai tansz\u00e9k\u00e9n Ilosvay Lajos tan\u00e1rseg\u00e9dje (1897), adjunktus (1906\u2013), a k\u00e9miai analitika c. t\u00e1rgyk\u00f6r mag\u00e1ntan\u00e1ra volt (1911\u2013). A lakmusz sz\u00ednes anyagaival, valamint a k\u00e9k [&hellip;]<\/p>\n","protected":false},"featured_media":0,"comment_status":"open","ping_status":"closed","template":"","meta":[],"product_brand":[],"product_cat":[137],"product_tag":[],"class_list":{"0":"post-19909","1":"product","2":"type-product","3":"status-publish","5":"product_cat-maros-megyei-eletrajzi-lexikon","7":"first","8":"instock","9":"shipping-taxable","10":"product-type-simple"},"_links":{"self":[{"href":"https:\/\/uj.adatbank.ro\/lexikon\/wp-json\/wp\/v2\/product\/19909","targetHints":{"allow":["GET"]}}],"collection":[{"href":"https:\/\/uj.adatbank.ro\/lexikon\/wp-json\/wp\/v2\/product"}],"about":[{"href":"https:\/\/uj.adatbank.ro\/lexikon\/wp-json\/wp\/v2\/types\/product"}],"replies":[{"embeddable":true,"href":"https:\/\/uj.adatbank.ro\/lexikon\/wp-json\/wp\/v2\/comments?post=19909"}],"wp:attachment":[{"href":"https:\/\/uj.adatbank.ro\/lexikon\/wp-json\/wp\/v2\/media?parent=19909"}],"wp:term":[{"taxonomy":"product_brand","embeddable":true,"href":"https:\/\/uj.adatbank.ro\/lexikon\/wp-json\/wp\/v2\/product_brand?post=19909"},{"taxonomy":"product_cat","embeddable":true,"href":"https:\/\/uj.adatbank.ro\/lexikon\/wp-json\/wp\/v2\/product_cat?post=19909"},{"taxonomy":"product_tag","embeddable":true,"href":"https:\/\/uj.adatbank.ro\/lexikon\/wp-json\/wp\/v2\/product_tag?post=19909"}],"curies":[{"name":"wp","href":"https:\/\/api.w.org\/{rel}","templated":true}]}}