{"id":19911,"date":"2025-07-22T18:29:39","date_gmt":"2025-07-22T16:29:39","guid":{"rendered":"https:\/\/uj.adatbank.ro\/lexikon\/termek\/schell-istvan-br\/"},"modified":"2025-07-22T18:29:39","modified_gmt":"2025-07-22T16:29:39","slug":"schell-istvan-br","status":"publish","type":"product","link":"https:\/\/uj.adatbank.ro\/lexikon\/termek\/schell-istvan-br\/","title":{"rendered":"SCHELL Istv\u00e1n, br."},"content":{"rendered":"<p>Bp., 1910. \u00e1pr. 8., \u2020 B\u00e9cs, 2002. febr. 28.: jog\u00e1sz, gy\u00e1rtulajdonos, f\u00f6ldbirtokos. \u2013 Feles\u00e9ge: 1. s\u00e1rdi gr. Somssich M\u00e1ria. Esk\u00fcv\u0151 Kiskend 1932. j\u00fal 30., elv\u00e1ltak Mv. 1959. nov. 6.; 2. br. Reichlin-Meldegg Gabriella (esk\u00fcv\u0151: M\u00fcnchen, 1969. m\u00e1rc. 10.). \u2013 A jogtudom\u00e1nyok doktora. Szentdemeteren birtokos, k\u00f6zbenj\u00e1r\u00e1s\u00e1ra 30\u00a0000 peng\u0151 seg\u00e9lyt kapott az egyh\u00e1z, amib\u0151l az \u00e1rv\u00edzk\u00e1rosultak \u00e9s a nagycsal\u00e1dosok h\u00e1z\u00e9p\u00edt\u00e9s\u00e9t seg\u00edtett\u00e9k, 10 \u00faj h\u00e1zat \u00e9p\u00edtettek fel (1941). A kat. egyh\u00e1zk\u00f6zs\u00e9g f\u0151gondnok\u00e1v\u00e1 v\u00e1lasztott\u00e1k, amely tiszts\u00e9get bet\u00f6lt\u00f6tte lemond\u00e1s\u00e1ig (1943. febr. 21. \u2013 1945.). A Nemzeti Kaszin\u00f3 tagja (1938\u2013). Mv.-re Kiskendr\u0151l hurcolt\u00e1k k\u00e9nyszerlakhelyre (1949. m\u00e1rc. 2\u20133.), itt fuvaroz\u00f3 szekeresk\u00e9nt kereste a kenyer\u00e9t. Az 1956-os esem\u00e9nyek kapcs\u00e1n, fegyveres l\u00e1zad\u00e1s el\u0151k\u00e9sz\u00edt\u00e9se v\u00e1dj\u00e1val letart\u00f3ztatt\u00e1k (1957. nov. 24.). A Szoboszlai-perben \u00e9letfogytiglani b\u00f6rt\u00f6nb\u00f6ntet\u00e9sre 25 \u00e9vi k\u00e9nyszermunk\u00e1ra \u00e9s szem\u00e9lyi vagyona elkobz\u00e1s\u00e1ra \u00edt\u00e9lt\u00e9k (1958. m\u00e1j. 30.). Temesv\u00e1ron, Aradon, Jilav\u00e1n, Galacon \u00e9s Szamos\u00fajv\u00e1ron raboskodott \u00e9s amneszti\u00e1val szabadult (1964). N\u00e9metorsz\u00e1gba emigr\u00e1lt (1965). Hal\u00e1l\u00e1ig M\u00fcnchenben \u00e9lt. <br \/><strong>Irod.:<\/strong> 1956 Erd\u00e9lyben; Bartos 2012; Bottoni 2006; Castellum \u00c9rtes\u00edt\u0151 (2002, 7. sz.); Gudenus; Marosi-KZST; Maros-k\u00fck\u00fcll\u0151i f\u0151esp; Mik\u00f3; Nagy-Bod\u00f3 Tibor: Az erd\u00e9lyi Schell-udvarh\u00e1z \u00e9s a rom\u00e1nkori templom (K\u00f6zpont, 2016. \u00e1pr. 21\u201327.); [Nekrol\u00f3g] (N\u00fa., 2002. m\u00e1rc 5.); T\u00f3falvi 1.; T\u00f3falvi Zolt\u00e1n: A Szoboszlai-per (Sz\u00e9kelyf\u00f6ld, 9. sz., 2006).<\/br><\/p>\n","protected":false},"excerpt":{"rendered":"<p>Bp., 1910. \u00e1pr. 8., \u2020 B\u00e9cs, 2002. febr. 28.: jog\u00e1sz, gy\u00e1rtulajdonos, f\u00f6ldbirtokos. \u2013 Feles\u00e9ge: 1. s\u00e1rdi gr. Somssich M\u00e1ria. Esk\u00fcv\u0151 Kiskend 1932. j\u00fal 30., elv\u00e1ltak Mv. 1959. nov. 6.; 2. br. Reichlin-Meldegg Gabriella (esk\u00fcv\u0151: M\u00fcnchen, 1969. m\u00e1rc. 10.). \u2013 A jogtudom\u00e1nyok doktora. Szentdemeteren birtokos, k\u00f6zbenj\u00e1r\u00e1s\u00e1ra 30\u00a0000 peng\u0151 seg\u00e9lyt kapott az egyh\u00e1z, amib\u0151l az \u00e1rv\u00edzk\u00e1rosultak \u00e9s [&hellip;]<\/p>\n","protected":false},"featured_media":0,"comment_status":"open","ping_status":"closed","template":"","meta":[],"product_brand":[],"product_cat":[137],"product_tag":[],"class_list":{"0":"post-19911","1":"product","2":"type-product","3":"status-publish","5":"product_cat-maros-megyei-eletrajzi-lexikon","7":"first","8":"instock","9":"shipping-taxable","10":"product-type-simple"},"_links":{"self":[{"href":"https:\/\/uj.adatbank.ro\/lexikon\/wp-json\/wp\/v2\/product\/19911","targetHints":{"allow":["GET"]}}],"collection":[{"href":"https:\/\/uj.adatbank.ro\/lexikon\/wp-json\/wp\/v2\/product"}],"about":[{"href":"https:\/\/uj.adatbank.ro\/lexikon\/wp-json\/wp\/v2\/types\/product"}],"replies":[{"embeddable":true,"href":"https:\/\/uj.adatbank.ro\/lexikon\/wp-json\/wp\/v2\/comments?post=19911"}],"wp:attachment":[{"href":"https:\/\/uj.adatbank.ro\/lexikon\/wp-json\/wp\/v2\/media?parent=19911"}],"wp:term":[{"taxonomy":"product_brand","embeddable":true,"href":"https:\/\/uj.adatbank.ro\/lexikon\/wp-json\/wp\/v2\/product_brand?post=19911"},{"taxonomy":"product_cat","embeddable":true,"href":"https:\/\/uj.adatbank.ro\/lexikon\/wp-json\/wp\/v2\/product_cat?post=19911"},{"taxonomy":"product_tag","embeddable":true,"href":"https:\/\/uj.adatbank.ro\/lexikon\/wp-json\/wp\/v2\/product_tag?post=19911"}],"curies":[{"name":"wp","href":"https:\/\/api.w.org\/{rel}","templated":true}]}}