{"id":19912,"date":"2025-07-22T18:29:41","date_gmt":"2025-07-22T16:29:41","guid":{"rendered":"https:\/\/uj.adatbank.ro\/lexikon\/termek\/schell-johann\/"},"modified":"2025-07-22T18:29:41","modified_gmt":"2025-07-22T16:29:41","slug":"schell-johann","status":"publish","type":"product","link":"https:\/\/uj.adatbank.ro\/lexikon\/termek\/schell-johann\/","title":{"rendered":"SCHELL, Johann"},"content":{"rendered":"<p>? \u2020?: tan\u00e1r. \u2013 Segesv\u00e1ri Ev. Gimn. k\u00f6nyvt\u00e1r\u00e1ban fennmaradt a Wittenbergben lejegyzett n\u00e9met nyelv\u0171 gyakorlati aritmetik\u00e1ja (1703), amit ma a Segesv\u00e1ri \u00c1llami Lev\u00e9lt\u00e1r \u0151riz. \u2013 <strong><strong>F. m.<\/strong><\/strong>: k\u00e9zirat: Arithmetika (1703). <br \/><strong>Irod.:<\/strong> T\u00f3th.<\/br><\/p>\n","protected":false},"excerpt":{"rendered":"<p>? \u2020?: tan\u00e1r. \u2013 Segesv\u00e1ri Ev. Gimn. k\u00f6nyvt\u00e1r\u00e1ban fennmaradt a Wittenbergben lejegyzett n\u00e9met nyelv\u0171 gyakorlati aritmetik\u00e1ja (1703), amit ma a Segesv\u00e1ri \u00c1llami Lev\u00e9lt\u00e1r \u0151riz. \u2013 F. m.: k\u00e9zirat: Arithmetika (1703). Irod.: T\u00f3th.<\/p>\n","protected":false},"featured_media":0,"comment_status":"open","ping_status":"closed","template":"","meta":[],"product_brand":[],"product_cat":[137],"product_tag":[],"class_list":{"0":"post-19912","1":"product","2":"type-product","3":"status-publish","5":"product_cat-maros-megyei-eletrajzi-lexikon","7":"first","8":"instock","9":"shipping-taxable","10":"product-type-simple"},"_links":{"self":[{"href":"https:\/\/uj.adatbank.ro\/lexikon\/wp-json\/wp\/v2\/product\/19912","targetHints":{"allow":["GET"]}}],"collection":[{"href":"https:\/\/uj.adatbank.ro\/lexikon\/wp-json\/wp\/v2\/product"}],"about":[{"href":"https:\/\/uj.adatbank.ro\/lexikon\/wp-json\/wp\/v2\/types\/product"}],"replies":[{"embeddable":true,"href":"https:\/\/uj.adatbank.ro\/lexikon\/wp-json\/wp\/v2\/comments?post=19912"}],"wp:attachment":[{"href":"https:\/\/uj.adatbank.ro\/lexikon\/wp-json\/wp\/v2\/media?parent=19912"}],"wp:term":[{"taxonomy":"product_brand","embeddable":true,"href":"https:\/\/uj.adatbank.ro\/lexikon\/wp-json\/wp\/v2\/product_brand?post=19912"},{"taxonomy":"product_cat","embeddable":true,"href":"https:\/\/uj.adatbank.ro\/lexikon\/wp-json\/wp\/v2\/product_cat?post=19912"},{"taxonomy":"product_tag","embeddable":true,"href":"https:\/\/uj.adatbank.ro\/lexikon\/wp-json\/wp\/v2\/product_tag?post=19912"}],"curies":[{"name":"wp","href":"https:\/\/api.w.org\/{rel}","templated":true}]}}