{"id":19914,"date":"2025-07-22T18:29:45","date_gmt":"2025-07-22T16:29:45","guid":{"rendered":"https:\/\/uj.adatbank.ro\/lexikon\/termek\/schell-bauschlott-maria-lujza-br-haller-istvanne\/"},"modified":"2025-07-22T18:29:45","modified_gmt":"2025-07-22T16:29:45","slug":"schell-bauschlott-maria-lujza-br-haller-istvanne","status":"publish","type":"product","link":"https:\/\/uj.adatbank.ro\/lexikon\/termek\/schell-bauschlott-maria-lujza-br-haller-istvanne\/","title":{"rendered":"SCHELL-BAUSCHLOTT M\u00e1ria-Lujza, br., Haller Istv\u00e1nn\u00e9"},"content":{"rendered":"<p>1899. j\u00fan. 22., \u2020 M\u00fcnchen, 1982. dec. 10.: f\u00f6ldbirtokos b\u00e1r\u00f3n\u0151. \u2013 Apja, Rudolf (1827\u2013), anyja P\u00e1lffy Ernesztina (1833\u2013), f\u00e9rje Haller Istv\u00e1n, gyermekei: G\u00e9za (1925) \u00e9s Ilona-Katalin Harmath Ferencn\u00e9 (1924). A kerel\u0151szentp\u00e1li kast\u00e9ly utols\u00f3 tulajdonosa f\u00e9rj\u00e9vel \u00e9s gyermekeivel ott laktak az \u00e1llamos\u00edt\u00e1sig (1949), Kitelep\u00edtett\u00e9k (1949) Erzs\u00e9betv\u00e1rosba, ott a betonelemeket gy\u00e1rt\u00f3 \u00fczemben, a talicsk\u00e1z\u00e1shoz \u00e9s zsaluz\u00e1shoz sz\u00fcks\u00e9ges eszk\u00f6z\u00f6ket kente szappanos v\u00edzzel. F\u00e9rje Mv.-en \u00e9lt k\u00e9nyszerlakhelyen, ott fafeldogoz\u00f3ban, gombgy\u00e1rt\u00f3 \u00e9s pap\u00edrzacsk\u00f3 ragaszt\u00f3 m\u0171helyben kereste kenyer\u00e9t. Enged\u00e9llyel kiv\u00e1ndoroltak M\u00fcnchenbe (1967). A kerel\u0151szentp\u00e1li kriptak\u00e1poln\u00e1ba helyezt\u00e9k el az \u0151 \u00e9s f\u00e9rje, gr. Haller Istv\u00e1n hamvait (1984. okt. 27.). Gyermekeik: Haller G\u00e9za (1925) \u00e9s Ilona-Katalin (1924). <br \/><strong>Irod.:<\/strong> \u00c1ll\u00f3- \u00e9s mozg\u00f3k\u00e9pek; [Nekrol\u00f3g] (V.\u00a0Z., 1984. okt. 25.); Gudenus.<\/br><\/p>\n","protected":false},"excerpt":{"rendered":"<p>1899. j\u00fan. 22., \u2020 M\u00fcnchen, 1982. dec. 10.: f\u00f6ldbirtokos b\u00e1r\u00f3n\u0151. \u2013 Apja, Rudolf (1827\u2013), anyja P\u00e1lffy Ernesztina (1833\u2013), f\u00e9rje Haller Istv\u00e1n, gyermekei: G\u00e9za (1925) \u00e9s Ilona-Katalin Harmath Ferencn\u00e9 (1924). A kerel\u0151szentp\u00e1li kast\u00e9ly utols\u00f3 tulajdonosa f\u00e9rj\u00e9vel \u00e9s gyermekeivel ott laktak az \u00e1llamos\u00edt\u00e1sig (1949), Kitelep\u00edtett\u00e9k (1949) Erzs\u00e9betv\u00e1rosba, ott a betonelemeket gy\u00e1rt\u00f3 \u00fczemben, a talicsk\u00e1z\u00e1shoz \u00e9s zsaluz\u00e1shoz sz\u00fcks\u00e9ges [&hellip;]<\/p>\n","protected":false},"featured_media":0,"comment_status":"open","ping_status":"closed","template":"","meta":[],"product_brand":[],"product_cat":[137],"product_tag":[],"class_list":{"0":"post-19914","1":"product","2":"type-product","3":"status-publish","5":"product_cat-maros-megyei-eletrajzi-lexikon","7":"first","8":"instock","9":"shipping-taxable","10":"product-type-simple"},"_links":{"self":[{"href":"https:\/\/uj.adatbank.ro\/lexikon\/wp-json\/wp\/v2\/product\/19914","targetHints":{"allow":["GET"]}}],"collection":[{"href":"https:\/\/uj.adatbank.ro\/lexikon\/wp-json\/wp\/v2\/product"}],"about":[{"href":"https:\/\/uj.adatbank.ro\/lexikon\/wp-json\/wp\/v2\/types\/product"}],"replies":[{"embeddable":true,"href":"https:\/\/uj.adatbank.ro\/lexikon\/wp-json\/wp\/v2\/comments?post=19914"}],"wp:attachment":[{"href":"https:\/\/uj.adatbank.ro\/lexikon\/wp-json\/wp\/v2\/media?parent=19914"}],"wp:term":[{"taxonomy":"product_brand","embeddable":true,"href":"https:\/\/uj.adatbank.ro\/lexikon\/wp-json\/wp\/v2\/product_brand?post=19914"},{"taxonomy":"product_cat","embeddable":true,"href":"https:\/\/uj.adatbank.ro\/lexikon\/wp-json\/wp\/v2\/product_cat?post=19914"},{"taxonomy":"product_tag","embeddable":true,"href":"https:\/\/uj.adatbank.ro\/lexikon\/wp-json\/wp\/v2\/product_tag?post=19914"}],"curies":[{"name":"wp","href":"https:\/\/api.w.org\/{rel}","templated":true}]}}