{"id":19915,"date":"2025-07-22T18:29:47","date_gmt":"2025-07-22T16:29:47","guid":{"rendered":"https:\/\/uj.adatbank.ro\/lexikon\/termek\/schenker-georgius\/"},"modified":"2025-07-22T18:29:47","modified_gmt":"2025-07-22T16:29:47","slug":"schenker-georgius","status":"publish","type":"product","link":"https:\/\/uj.adatbank.ro\/lexikon\/termek\/schenker-georgius\/","title":{"rendered":"SCHENKER, Georgius"},"content":{"rendered":"<p>Segesv\u00e1r? \u2020 Kem\u00e9nynagysz\u0151l\u0151s (Maros), 1770. jan. 25.: tan\u00e1r. \u2013 Tanult J\u00e9n\u00e1ban (1750). Tan\u00e1r, rektor Segesv\u00e1ron, lelk\u00e9sz Nagysz\u0151l\u0151s\u00f6n (1766\u201370). <br \/><strong>Irod.:<\/strong> Szab\u00f3\u2013Sz\u00f6gi, Teutsch F.<\/br><\/p>\n","protected":false},"excerpt":{"rendered":"<p>Segesv\u00e1r? \u2020 Kem\u00e9nynagysz\u0151l\u0151s (Maros), 1770. jan. 25.: tan\u00e1r. \u2013 Tanult J\u00e9n\u00e1ban (1750). Tan\u00e1r, rektor Segesv\u00e1ron, lelk\u00e9sz Nagysz\u0151l\u0151s\u00f6n (1766\u201370). Irod.: Szab\u00f3\u2013Sz\u00f6gi, Teutsch F.<\/p>\n","protected":false},"featured_media":0,"comment_status":"open","ping_status":"closed","template":"","meta":[],"product_brand":[],"product_cat":[137],"product_tag":[],"class_list":{"0":"post-19915","1":"product","2":"type-product","3":"status-publish","5":"product_cat-maros-megyei-eletrajzi-lexikon","7":"first","8":"instock","9":"shipping-taxable","10":"product-type-simple"},"_links":{"self":[{"href":"https:\/\/uj.adatbank.ro\/lexikon\/wp-json\/wp\/v2\/product\/19915","targetHints":{"allow":["GET"]}}],"collection":[{"href":"https:\/\/uj.adatbank.ro\/lexikon\/wp-json\/wp\/v2\/product"}],"about":[{"href":"https:\/\/uj.adatbank.ro\/lexikon\/wp-json\/wp\/v2\/types\/product"}],"replies":[{"embeddable":true,"href":"https:\/\/uj.adatbank.ro\/lexikon\/wp-json\/wp\/v2\/comments?post=19915"}],"wp:attachment":[{"href":"https:\/\/uj.adatbank.ro\/lexikon\/wp-json\/wp\/v2\/media?parent=19915"}],"wp:term":[{"taxonomy":"product_brand","embeddable":true,"href":"https:\/\/uj.adatbank.ro\/lexikon\/wp-json\/wp\/v2\/product_brand?post=19915"},{"taxonomy":"product_cat","embeddable":true,"href":"https:\/\/uj.adatbank.ro\/lexikon\/wp-json\/wp\/v2\/product_cat?post=19915"},{"taxonomy":"product_tag","embeddable":true,"href":"https:\/\/uj.adatbank.ro\/lexikon\/wp-json\/wp\/v2\/product_tag?post=19915"}],"curies":[{"name":"wp","href":"https:\/\/api.w.org\/{rel}","templated":true}]}}