{"id":19916,"date":"2025-07-22T18:29:49","date_gmt":"2025-07-22T16:29:49","guid":{"rendered":"https:\/\/uj.adatbank.ro\/lexikon\/termek\/schenker-johannes-gottfried\/"},"modified":"2025-07-22T18:29:49","modified_gmt":"2025-07-22T16:29:49","slug":"schenker-johannes-gottfried","status":"publish","type":"product","link":"https:\/\/uj.adatbank.ro\/lexikon\/termek\/schenker-johannes-gottfried\/","title":{"rendered":"SCHENKER, Johannes Gottfried"},"content":{"rendered":"<p>? \u2020?: tan\u00e1r. \u2013 Segesv\u00e1ron a sz\u00e1sz gimn\u00e1ziumban tan\u00edtott, rektor (1772\u201374). Rektors\u00e1ga idej\u00e9ben sokat foglalkozott az iskola k\u00f6nyvt\u00e1r\u00e1nak a gazdag\u00edt\u00e1s\u00e1val, saj\u00e1t k\u00f6nyvt\u00e1r\u00e1b\u00f3l is 16 \u00e9rt\u00e9kes k\u00f6nyvet adom\u00e1nyozott, \u00edgy az iskola m\u00e1r akkor 130 k\u00f6nyvvel rendelkezett. <br \/><strong>Irod.:<\/strong> Sighi\u015foara.<\/br><\/p>\n","protected":false},"excerpt":{"rendered":"<p>? \u2020?: tan\u00e1r. \u2013 Segesv\u00e1ron a sz\u00e1sz gimn\u00e1ziumban tan\u00edtott, rektor (1772\u201374). Rektors\u00e1ga idej\u00e9ben sokat foglalkozott az iskola k\u00f6nyvt\u00e1r\u00e1nak a gazdag\u00edt\u00e1s\u00e1val, saj\u00e1t k\u00f6nyvt\u00e1r\u00e1b\u00f3l is 16 \u00e9rt\u00e9kes k\u00f6nyvet adom\u00e1nyozott, \u00edgy az iskola m\u00e1r akkor 130 k\u00f6nyvvel rendelkezett. Irod.: Sighi\u015foara.<\/p>\n","protected":false},"featured_media":0,"comment_status":"open","ping_status":"closed","template":"","meta":[],"product_brand":[],"product_cat":[137],"product_tag":[],"class_list":{"0":"post-19916","1":"product","2":"type-product","3":"status-publish","5":"product_cat-maros-megyei-eletrajzi-lexikon","7":"first","8":"instock","9":"shipping-taxable","10":"product-type-simple"},"_links":{"self":[{"href":"https:\/\/uj.adatbank.ro\/lexikon\/wp-json\/wp\/v2\/product\/19916","targetHints":{"allow":["GET"]}}],"collection":[{"href":"https:\/\/uj.adatbank.ro\/lexikon\/wp-json\/wp\/v2\/product"}],"about":[{"href":"https:\/\/uj.adatbank.ro\/lexikon\/wp-json\/wp\/v2\/types\/product"}],"replies":[{"embeddable":true,"href":"https:\/\/uj.adatbank.ro\/lexikon\/wp-json\/wp\/v2\/comments?post=19916"}],"wp:attachment":[{"href":"https:\/\/uj.adatbank.ro\/lexikon\/wp-json\/wp\/v2\/media?parent=19916"}],"wp:term":[{"taxonomy":"product_brand","embeddable":true,"href":"https:\/\/uj.adatbank.ro\/lexikon\/wp-json\/wp\/v2\/product_brand?post=19916"},{"taxonomy":"product_cat","embeddable":true,"href":"https:\/\/uj.adatbank.ro\/lexikon\/wp-json\/wp\/v2\/product_cat?post=19916"},{"taxonomy":"product_tag","embeddable":true,"href":"https:\/\/uj.adatbank.ro\/lexikon\/wp-json\/wp\/v2\/product_tag?post=19916"}],"curies":[{"name":"wp","href":"https:\/\/api.w.org\/{rel}","templated":true}]}}