{"id":19917,"date":"2025-07-22T18:29:53","date_gmt":"2025-07-22T16:29:53","guid":{"rendered":"https:\/\/uj.adatbank.ro\/lexikon\/termek\/schennegg-domokos\/"},"modified":"2025-07-22T18:29:53","modified_gmt":"2025-07-22T16:29:53","slug":"schennegg-domokos","status":"publish","type":"product","link":"https:\/\/uj.adatbank.ro\/lexikon\/termek\/schennegg-domokos\/","title":{"rendered":"SCHENNEGG Domokos"},"content":{"rendered":"<p>? \u2020?: gy\u00f3gyszer\u00e9sz. \u2013 Feles\u00e9ge: Hammer Anna Ter\u00e9zia. \u2013 Dolgozott a b\u00e9csi cs\u00e1sz\u00e1ri, a budai, a gyulafeh\u00e9rv\u00e1ri patik\u00e1kban. Mv.-en telepedett le (1754\u2013) \u00e9s m\u0171k\u00f6dtetett gy\u00f3gyszert\u00e1rat az elhunyt Bayer J\u00f3zsef hely\u00e9n (1754\u201365). Sok kellemetlens\u00e9ge volt a v\u00e1ros vezet\u0151s\u00e9g\u00e9vel. T\u00e9lv\u00edz idej\u00e9n kitelep\u00edtett\u00e9k patik\u00e1j\u00e1t a tan\u00e1csh\u00e1z\u00e1r\u00f3l a Kir. T\u00e1bla \u00e1tk\u00f6lt\u00f6z\u00e9se miatt (1754. dec. \u2013 55. jan.), a Gubernium megintette a magisztr\u00e1tust ez\u00e9rt, de a helyzet szept.-ben m\u00e9g nem old\u00f3dott meg, s\u0151t 1757 \u00e9s 1759-ben is hasonl\u00f3 panasszal fordult a Guberniumhoz; Mauksch J\u00e1nos enged\u00e9lyt kapott patika nyit\u00e1s\u00e1ra, ezt nehezm\u00e9nyezte beadv\u00e1ny\u00e1ban, szerinte nem b\u00edr meg a v\u00e1ros k\u00e9t patik\u00e1t, a Gubernium v\u00e9dlevele felhatalmazta \u0151t az egyed\u00e1rul\u00e1sra Mv.-en (1760), Mauksch J\u00e1nos kv.-i gy\u00f3gyszer\u00e9sz Veres Mikl\u00f3ssal sz\u00f6vetkezve kirabolta gy\u00f3gyszert\u00e1r\u00e1t (1762); a v\u00e1ros megint nem adott gy\u00f3gyszert\u00e1ra sz\u00e1m\u00e1ra megfelel\u0151 helyis\u00e9get (1764), megel\u00e9gelve a v\u00e1rosi tan\u00e1cs g\u00e1ncsoskod\u00e1sait elk\u00f6lt\u00f6z\u00f6tt Mv.-r\u0151l (1765). <br \/><strong>Irod.:<\/strong> Id\u0151t\u00e1r 1; Orb\u00e1n J\u00e1nos: T\u00e1blab\u00edr\u00e1k, f\u0151nemesek, pall\u00e9rok \u00e9s h\u00e1zak: V\u00e1rosk\u00e9p \u00e9s t\u00e1rsadalom v\u00e1ltoz\u00e1sai Mv.-en a Kir\u00e1lyi T\u00e1bla bek\u00f6lt\u00f6z\u00e9se ut\u00e1n [1754]= K\u00f6nyvek \u00e1ltal\u2026; P\u00e1l-Antal 2009; P\u00e1l Antal S\u00e1ndor: K\u00f6zeg\u00e9szs\u00e9g\u00fcgy \u00e9s szoci\u00e1lis gondoskod\u00e1s a 18\u201319. sz\u00e1zadi Mv.-en (N\u00fa., Sz\u00ednes Vil\u00e1g, 2010. j\u00fan. 12.); P\u00e9ter H. M.; P\u00e9ter H. M. 2013.<\/br><\/p>\n","protected":false},"excerpt":{"rendered":"<p>? \u2020?: gy\u00f3gyszer\u00e9sz. \u2013 Feles\u00e9ge: Hammer Anna Ter\u00e9zia. \u2013 Dolgozott a b\u00e9csi cs\u00e1sz\u00e1ri, a budai, a gyulafeh\u00e9rv\u00e1ri patik\u00e1kban. Mv.-en telepedett le (1754\u2013) \u00e9s m\u0171k\u00f6dtetett gy\u00f3gyszert\u00e1rat az elhunyt Bayer J\u00f3zsef hely\u00e9n (1754\u201365). Sok kellemetlens\u00e9ge volt a v\u00e1ros vezet\u0151s\u00e9g\u00e9vel. T\u00e9lv\u00edz idej\u00e9n kitelep\u00edtett\u00e9k patik\u00e1j\u00e1t a tan\u00e1csh\u00e1z\u00e1r\u00f3l a Kir. T\u00e1bla \u00e1tk\u00f6lt\u00f6z\u00e9se miatt (1754. dec. \u2013 55. jan.), a Gubernium [&hellip;]<\/p>\n","protected":false},"featured_media":0,"comment_status":"open","ping_status":"closed","template":"","meta":[],"product_brand":[],"product_cat":[137],"product_tag":[],"class_list":{"0":"post-19917","1":"product","2":"type-product","3":"status-publish","5":"product_cat-maros-megyei-eletrajzi-lexikon","7":"first","8":"instock","9":"shipping-taxable","10":"product-type-simple"},"_links":{"self":[{"href":"https:\/\/uj.adatbank.ro\/lexikon\/wp-json\/wp\/v2\/product\/19917","targetHints":{"allow":["GET"]}}],"collection":[{"href":"https:\/\/uj.adatbank.ro\/lexikon\/wp-json\/wp\/v2\/product"}],"about":[{"href":"https:\/\/uj.adatbank.ro\/lexikon\/wp-json\/wp\/v2\/types\/product"}],"replies":[{"embeddable":true,"href":"https:\/\/uj.adatbank.ro\/lexikon\/wp-json\/wp\/v2\/comments?post=19917"}],"wp:attachment":[{"href":"https:\/\/uj.adatbank.ro\/lexikon\/wp-json\/wp\/v2\/media?parent=19917"}],"wp:term":[{"taxonomy":"product_brand","embeddable":true,"href":"https:\/\/uj.adatbank.ro\/lexikon\/wp-json\/wp\/v2\/product_brand?post=19917"},{"taxonomy":"product_cat","embeddable":true,"href":"https:\/\/uj.adatbank.ro\/lexikon\/wp-json\/wp\/v2\/product_cat?post=19917"},{"taxonomy":"product_tag","embeddable":true,"href":"https:\/\/uj.adatbank.ro\/lexikon\/wp-json\/wp\/v2\/product_tag?post=19917"}],"curies":[{"name":"wp","href":"https:\/\/api.w.org\/{rel}","templated":true}]}}