{"id":1992,"date":"2025-06-28T12:00:20","date_gmt":"2025-06-28T10:00:20","guid":{"rendered":"https:\/\/uj.adatbank.ro\/lexikon\/termek\/balazsi-marton\/"},"modified":"2025-06-28T12:00:20","modified_gmt":"2025-06-28T10:00:20","slug":"balazsi-marton","status":"publish","type":"product","link":"https:\/\/uj.adatbank.ro\/lexikon\/termek\/balazsi-marton\/","title":{"rendered":"BAL\u00c1ZSI M\u00e1rton"},"content":{"rendered":"<p>? \u2020\u00a0? : f\u00f6ldbirtokos. \u2013 J\u00e1nos Zsigmond fejedelem Makfalva r\u00e9sz\u00e9t Balog Ferencnek adom\u00e1nyozta. A beiktat\u00e1skor \u0151 is k\u00f6vetelte a vitatott r\u00e9szt, perelt (1571\u201379) \u00e9s t\u00e1rsaival egyetemben meg is nyerte. <br \/><strong>Irod.:<\/strong> Ker\u00e9kgy\u00e1rt\u00f3<\/br><\/p>\n","protected":false},"excerpt":{"rendered":"<p>? \u2020\u00a0? : f\u00f6ldbirtokos. \u2013 J\u00e1nos Zsigmond fejedelem Makfalva r\u00e9sz\u00e9t Balog Ferencnek adom\u00e1nyozta. A beiktat\u00e1skor \u0151 is k\u00f6vetelte a vitatott r\u00e9szt, perelt (1571\u201379) \u00e9s t\u00e1rsaival egyetemben meg is nyerte. Irod.: Ker\u00e9kgy\u00e1rt\u00f3<\/p>\n","protected":false},"featured_media":0,"comment_status":"open","ping_status":"closed","template":"","meta":[],"product_brand":[],"product_cat":[137],"product_tag":[],"class_list":{"0":"post-1992","1":"product","2":"type-product","3":"status-publish","5":"product_cat-maros-megyei-eletrajzi-lexikon","7":"first","8":"instock","9":"shipping-taxable","10":"product-type-simple"},"_links":{"self":[{"href":"https:\/\/uj.adatbank.ro\/lexikon\/wp-json\/wp\/v2\/product\/1992","targetHints":{"allow":["GET"]}}],"collection":[{"href":"https:\/\/uj.adatbank.ro\/lexikon\/wp-json\/wp\/v2\/product"}],"about":[{"href":"https:\/\/uj.adatbank.ro\/lexikon\/wp-json\/wp\/v2\/types\/product"}],"replies":[{"embeddable":true,"href":"https:\/\/uj.adatbank.ro\/lexikon\/wp-json\/wp\/v2\/comments?post=1992"}],"wp:attachment":[{"href":"https:\/\/uj.adatbank.ro\/lexikon\/wp-json\/wp\/v2\/media?parent=1992"}],"wp:term":[{"taxonomy":"product_brand","embeddable":true,"href":"https:\/\/uj.adatbank.ro\/lexikon\/wp-json\/wp\/v2\/product_brand?post=1992"},{"taxonomy":"product_cat","embeddable":true,"href":"https:\/\/uj.adatbank.ro\/lexikon\/wp-json\/wp\/v2\/product_cat?post=1992"},{"taxonomy":"product_tag","embeddable":true,"href":"https:\/\/uj.adatbank.ro\/lexikon\/wp-json\/wp\/v2\/product_tag?post=1992"}],"curies":[{"name":"wp","href":"https:\/\/api.w.org\/{rel}","templated":true}]}}