{"id":19921,"date":"2025-07-22T18:30:01","date_gmt":"2025-07-22T16:30:01","guid":{"rendered":"https:\/\/uj.adatbank.ro\/lexikon\/termek\/scherzer-balint-valentin\/"},"modified":"2025-07-22T18:30:01","modified_gmt":"2025-07-22T16:30:01","slug":"scherzer-balint-valentin","status":"publish","type":"product","link":"https:\/\/uj.adatbank.ro\/lexikon\/termek\/scherzer-balint-valentin\/","title":{"rendered":"SCHERZER B\u00e1lint; Valentin"},"content":{"rendered":"<p>? \u2020?: \u00e9p\u00edt\u00e9sz, jezsuita. \u2013 Barokk \u00e9p\u00edt\u00e9sz Kv.-on (1718\u201324). Tervei alapj\u00e1n k\u00e9sz\u00fclt a mv.-i Keresztel\u0151 Szent J\u00e1nos pl\u00e9b\u00e1niatemplom (1728\u201364), Hammer Conrad \/ Konr\u00e1d kv.-i \u00e9p\u00edt\u00e9sz kivitelez\u00e9s\u00e9ben, barokk st\u00edlus\u00fa, k\u00e9ttorny\u00fa templom. <br \/><strong>Irod.:<\/strong> Id\u0151t\u00e1r 1.; K.L. M\u0171v. t\u00f6rt. tan. 2.; Keresztes Gyula: A Pl\u00e9b\u00e1niatemplom (N\u00fa., 1990. okt. 19.); Keresztes Gyula: A hajdani Mv. 7.: A v\u00e1ros r\u00e9gi \u00e9p\u00fcletei (N\u00fa., 1995. nov. 25.); Kripta; Maros megye; Moln\u00e1r; Mv.-Bal\u00e1s.<\/br><\/p>\n","protected":false},"excerpt":{"rendered":"<p>? \u2020?: \u00e9p\u00edt\u00e9sz, jezsuita. \u2013 Barokk \u00e9p\u00edt\u00e9sz Kv.-on (1718\u201324). Tervei alapj\u00e1n k\u00e9sz\u00fclt a mv.-i Keresztel\u0151 Szent J\u00e1nos pl\u00e9b\u00e1niatemplom (1728\u201364), Hammer Conrad \/ Konr\u00e1d kv.-i \u00e9p\u00edt\u00e9sz kivitelez\u00e9s\u00e9ben, barokk st\u00edlus\u00fa, k\u00e9ttorny\u00fa templom. Irod.: Id\u0151t\u00e1r 1.; K.L. M\u0171v. t\u00f6rt. tan. 2.; Keresztes Gyula: A Pl\u00e9b\u00e1niatemplom (N\u00fa., 1990. okt. 19.); Keresztes Gyula: A hajdani Mv. 7.: A v\u00e1ros r\u00e9gi [&hellip;]<\/p>\n","protected":false},"featured_media":0,"comment_status":"open","ping_status":"closed","template":"","meta":[],"product_brand":[],"product_cat":[137],"product_tag":[],"class_list":{"0":"post-19921","1":"product","2":"type-product","3":"status-publish","5":"product_cat-maros-megyei-eletrajzi-lexikon","7":"first","8":"instock","9":"shipping-taxable","10":"product-type-simple"},"_links":{"self":[{"href":"https:\/\/uj.adatbank.ro\/lexikon\/wp-json\/wp\/v2\/product\/19921","targetHints":{"allow":["GET"]}}],"collection":[{"href":"https:\/\/uj.adatbank.ro\/lexikon\/wp-json\/wp\/v2\/product"}],"about":[{"href":"https:\/\/uj.adatbank.ro\/lexikon\/wp-json\/wp\/v2\/types\/product"}],"replies":[{"embeddable":true,"href":"https:\/\/uj.adatbank.ro\/lexikon\/wp-json\/wp\/v2\/comments?post=19921"}],"wp:attachment":[{"href":"https:\/\/uj.adatbank.ro\/lexikon\/wp-json\/wp\/v2\/media?parent=19921"}],"wp:term":[{"taxonomy":"product_brand","embeddable":true,"href":"https:\/\/uj.adatbank.ro\/lexikon\/wp-json\/wp\/v2\/product_brand?post=19921"},{"taxonomy":"product_cat","embeddable":true,"href":"https:\/\/uj.adatbank.ro\/lexikon\/wp-json\/wp\/v2\/product_cat?post=19921"},{"taxonomy":"product_tag","embeddable":true,"href":"https:\/\/uj.adatbank.ro\/lexikon\/wp-json\/wp\/v2\/product_tag?post=19921"}],"curies":[{"name":"wp","href":"https:\/\/api.w.org\/{rel}","templated":true}]}}