{"id":19924,"date":"2025-07-22T18:30:07","date_gmt":"2025-07-22T16:30:07","guid":{"rendered":"https:\/\/uj.adatbank.ro\/lexikon\/termek\/schieb-schieb-kauntz\/"},"modified":"2025-07-22T18:30:07","modified_gmt":"2025-07-22T16:30:07","slug":"schieb-schieb-kauntz","status":"publish","type":"product","link":"https:\/\/uj.adatbank.ro\/lexikon\/termek\/schieb-schieb-kauntz\/","title":{"rendered":"SCHIEB SCHIEB-KAUNTZ"},"content":{"rendered":"<p>?, \u2020?: harang\u00f6nt\u0151. \u2013 Segesv\u00e1ron volt harang\u00f6nt\u0151, n\u00e9gy harangot k\u00e9sz\u00edtett a volt Manchen-m\u0171helyben (1921\u20131935). <br \/><strong>Irod.:<\/strong> Moln\u00e1r.<\/br><\/p>\n","protected":false},"excerpt":{"rendered":"<p>?, \u2020?: harang\u00f6nt\u0151. \u2013 Segesv\u00e1ron volt harang\u00f6nt\u0151, n\u00e9gy harangot k\u00e9sz\u00edtett a volt Manchen-m\u0171helyben (1921\u20131935). Irod.: Moln\u00e1r.<\/p>\n","protected":false},"featured_media":0,"comment_status":"open","ping_status":"closed","template":"","meta":[],"product_brand":[],"product_cat":[137],"product_tag":[],"class_list":{"0":"post-19924","1":"product","2":"type-product","3":"status-publish","5":"product_cat-maros-megyei-eletrajzi-lexikon","7":"first","8":"instock","9":"shipping-taxable","10":"product-type-simple"},"_links":{"self":[{"href":"https:\/\/uj.adatbank.ro\/lexikon\/wp-json\/wp\/v2\/product\/19924","targetHints":{"allow":["GET"]}}],"collection":[{"href":"https:\/\/uj.adatbank.ro\/lexikon\/wp-json\/wp\/v2\/product"}],"about":[{"href":"https:\/\/uj.adatbank.ro\/lexikon\/wp-json\/wp\/v2\/types\/product"}],"replies":[{"embeddable":true,"href":"https:\/\/uj.adatbank.ro\/lexikon\/wp-json\/wp\/v2\/comments?post=19924"}],"wp:attachment":[{"href":"https:\/\/uj.adatbank.ro\/lexikon\/wp-json\/wp\/v2\/media?parent=19924"}],"wp:term":[{"taxonomy":"product_brand","embeddable":true,"href":"https:\/\/uj.adatbank.ro\/lexikon\/wp-json\/wp\/v2\/product_brand?post=19924"},{"taxonomy":"product_cat","embeddable":true,"href":"https:\/\/uj.adatbank.ro\/lexikon\/wp-json\/wp\/v2\/product_cat?post=19924"},{"taxonomy":"product_tag","embeddable":true,"href":"https:\/\/uj.adatbank.ro\/lexikon\/wp-json\/wp\/v2\/product_tag?post=19924"}],"curies":[{"name":"wp","href":"https:\/\/api.w.org\/{rel}","templated":true}]}}