{"id":19926,"date":"2025-07-22T18:30:12","date_gmt":"2025-07-22T16:30:12","guid":{"rendered":"https:\/\/uj.adatbank.ro\/lexikon\/termek\/schiessl-kazmer-jozsef\/"},"modified":"2025-07-22T18:30:12","modified_gmt":"2025-07-22T16:30:12","slug":"schiessl-kazmer-jozsef","status":"publish","type":"product","link":"https:\/\/uj.adatbank.ro\/lexikon\/termek\/schiessl-kazmer-jozsef\/","title":{"rendered":"SCHIESSL K\u00e1zm\u00e9r J\u00f3zsef"},"content":{"rendered":"<p>Zsidve, 1908. m\u00e1rc. 30., \u2020\u00a0N\u00e9meto., 1992: gy\u00f3gyszer\u00e9sz. \u2013 Apja Sch. Viktor Emanuel gy\u00f3gyszer\u00e9sz (1867\u20131948). \u2013 Sz\u00fcl\u0151faluj\u00e1ban \u00e9s a medgyesi gimn.-ban tanult, ahol \u00e9retts\u00e9gizett (1926), gy\u00f3gyszer\u00e9sz tanulm\u00e1nyait Kv.-on \u00e9s Grazban folytatta, ahol diplom\u00e1zott \u00e9s k\u00e9mia-fizika t\u00e1rgyk\u00f6rben nyert b\u00f6lcs\u00e9szdoktori fokozatot is (1932). Gy\u00f3gyszer\u00e9sz volt Zsidv\u00e9n, Bal\u00e1zsfalv\u00e1n, Buk.-ben (1948-ig), apja hal\u00e1la ut\u00e1n \u00e1tvette a csal\u00e1di gy\u00f3gyszert\u00e1r vezet\u00e9s\u00e9t Zsidv\u00e9n az \u00e1llamos\u00edt\u00e1sig (1953. m\u00e1j. 16.). Dics\u0151szentm\u00e1rtonban volt f\u0151m\u00e9rn\u00f6k a vegyipari kombin\u00e1tban nyugd\u00edjaz\u00e1s\u00e1ig (1969). Csal\u00e1dj\u00e1val kitelepedett N\u00e9meto.-ba. Aranydiplom\u00e1val t\u00fcntette ki a grazi egyetem, \u00f6tven \u00e9ves gy\u00f3gyszer\u00e9szi munk\u00e1ss\u00e1g\u00e1\u00e9rt (1982). <br \/><strong>Irod.:<\/strong> P\u00e9ter H. M.<\/br><\/p>\n","protected":false},"excerpt":{"rendered":"<p>Zsidve, 1908. m\u00e1rc. 30., \u2020\u00a0N\u00e9meto., 1992: gy\u00f3gyszer\u00e9sz. \u2013 Apja Sch. Viktor Emanuel gy\u00f3gyszer\u00e9sz (1867\u20131948). \u2013 Sz\u00fcl\u0151faluj\u00e1ban \u00e9s a medgyesi gimn.-ban tanult, ahol \u00e9retts\u00e9gizett (1926), gy\u00f3gyszer\u00e9sz tanulm\u00e1nyait Kv.-on \u00e9s Grazban folytatta, ahol diplom\u00e1zott \u00e9s k\u00e9mia-fizika t\u00e1rgyk\u00f6rben nyert b\u00f6lcs\u00e9szdoktori fokozatot is (1932). Gy\u00f3gyszer\u00e9sz volt Zsidv\u00e9n, Bal\u00e1zsfalv\u00e1n, Buk.-ben (1948-ig), apja hal\u00e1la ut\u00e1n \u00e1tvette a csal\u00e1di gy\u00f3gyszert\u00e1r vezet\u00e9s\u00e9t Zsidv\u00e9n [&hellip;]<\/p>\n","protected":false},"featured_media":0,"comment_status":"open","ping_status":"closed","template":"","meta":[],"product_brand":[],"product_cat":[137],"product_tag":[],"class_list":{"0":"post-19926","1":"product","2":"type-product","3":"status-publish","5":"product_cat-maros-megyei-eletrajzi-lexikon","7":"first","8":"instock","9":"shipping-taxable","10":"product-type-simple"},"_links":{"self":[{"href":"https:\/\/uj.adatbank.ro\/lexikon\/wp-json\/wp\/v2\/product\/19926","targetHints":{"allow":["GET"]}}],"collection":[{"href":"https:\/\/uj.adatbank.ro\/lexikon\/wp-json\/wp\/v2\/product"}],"about":[{"href":"https:\/\/uj.adatbank.ro\/lexikon\/wp-json\/wp\/v2\/types\/product"}],"replies":[{"embeddable":true,"href":"https:\/\/uj.adatbank.ro\/lexikon\/wp-json\/wp\/v2\/comments?post=19926"}],"wp:attachment":[{"href":"https:\/\/uj.adatbank.ro\/lexikon\/wp-json\/wp\/v2\/media?parent=19926"}],"wp:term":[{"taxonomy":"product_brand","embeddable":true,"href":"https:\/\/uj.adatbank.ro\/lexikon\/wp-json\/wp\/v2\/product_brand?post=19926"},{"taxonomy":"product_cat","embeddable":true,"href":"https:\/\/uj.adatbank.ro\/lexikon\/wp-json\/wp\/v2\/product_cat?post=19926"},{"taxonomy":"product_tag","embeddable":true,"href":"https:\/\/uj.adatbank.ro\/lexikon\/wp-json\/wp\/v2\/product_tag?post=19926"}],"curies":[{"name":"wp","href":"https:\/\/api.w.org\/{rel}","templated":true}]}}