{"id":19927,"date":"2025-07-22T18:30:16","date_gmt":"2025-07-22T16:30:16","guid":{"rendered":"https:\/\/uj.adatbank.ro\/lexikon\/termek\/schiffbaumer-hugo\/"},"modified":"2025-07-22T18:30:16","modified_gmt":"2025-07-22T16:30:16","slug":"schiffbaumer-hugo","status":"publish","type":"product","link":"https:\/\/uj.adatbank.ro\/lexikon\/termek\/schiffbaumer-hugo\/","title":{"rendered":"SCHIFFB\u00c4UMER Hugo"},"content":{"rendered":"<p>Sz\u00e1szr\u00e9gen. \u2020?: polg\u00e1rmester. \u2013 Apja fakeresked\u0151. Tanult a Berlini Egy. Jogtud. Kar\u00e1n (1900\u20131901). Sz\u00e1szr\u00e9gen polg\u00e1rmestere (1913\u201324). Tagja volt a Let\u00e9ti P\u00e9nzt\u00e1r R. T. igazgat\u00f3tan\u00e1cs\u00e1nak. (1924). <br \/><strong>Irod.:<\/strong> Dandea: Dare de seama asupra Adun\u0103rii Generale de constituire a Uniunei Ora\u015felor din Rom\u00e2nia \u0163inut\u0103 la Cluj 11. iun. 1922 (Cluj, 1922); Pan\u0103; Reghin, destin \u015fi istorie, Szab\u00f3\u2013Simon\u2013Sz\u00f6gi.<\/br><\/p>\n","protected":false},"excerpt":{"rendered":"<p>Sz\u00e1szr\u00e9gen. \u2020?: polg\u00e1rmester. \u2013 Apja fakeresked\u0151. Tanult a Berlini Egy. Jogtud. Kar\u00e1n (1900\u20131901). Sz\u00e1szr\u00e9gen polg\u00e1rmestere (1913\u201324). Tagja volt a Let\u00e9ti P\u00e9nzt\u00e1r R. T. igazgat\u00f3tan\u00e1cs\u00e1nak. (1924). Irod.: Dandea: Dare de seama asupra Adun\u0103rii Generale de constituire a Uniunei Ora\u015felor din Rom\u00e2nia \u0163inut\u0103 la Cluj 11. iun. 1922 (Cluj, 1922); Pan\u0103; Reghin, destin \u015fi istorie, Szab\u00f3\u2013Simon\u2013Sz\u00f6gi.<\/p>\n","protected":false},"featured_media":0,"comment_status":"open","ping_status":"closed","template":"","meta":[],"product_brand":[],"product_cat":[137],"product_tag":[],"class_list":{"0":"post-19927","1":"product","2":"type-product","3":"status-publish","5":"product_cat-maros-megyei-eletrajzi-lexikon","7":"first","8":"instock","9":"shipping-taxable","10":"product-type-simple"},"_links":{"self":[{"href":"https:\/\/uj.adatbank.ro\/lexikon\/wp-json\/wp\/v2\/product\/19927","targetHints":{"allow":["GET"]}}],"collection":[{"href":"https:\/\/uj.adatbank.ro\/lexikon\/wp-json\/wp\/v2\/product"}],"about":[{"href":"https:\/\/uj.adatbank.ro\/lexikon\/wp-json\/wp\/v2\/types\/product"}],"replies":[{"embeddable":true,"href":"https:\/\/uj.adatbank.ro\/lexikon\/wp-json\/wp\/v2\/comments?post=19927"}],"wp:attachment":[{"href":"https:\/\/uj.adatbank.ro\/lexikon\/wp-json\/wp\/v2\/media?parent=19927"}],"wp:term":[{"taxonomy":"product_brand","embeddable":true,"href":"https:\/\/uj.adatbank.ro\/lexikon\/wp-json\/wp\/v2\/product_brand?post=19927"},{"taxonomy":"product_cat","embeddable":true,"href":"https:\/\/uj.adatbank.ro\/lexikon\/wp-json\/wp\/v2\/product_cat?post=19927"},{"taxonomy":"product_tag","embeddable":true,"href":"https:\/\/uj.adatbank.ro\/lexikon\/wp-json\/wp\/v2\/product_tag?post=19927"}],"curies":[{"name":"wp","href":"https:\/\/api.w.org\/{rel}","templated":true}]}}