{"id":19928,"date":"2025-07-22T18:30:18","date_gmt":"2025-07-22T16:30:18","guid":{"rendered":"https:\/\/uj.adatbank.ro\/lexikon\/termek\/schiffbaumer-kurt\/"},"modified":"2025-07-22T18:30:18","modified_gmt":"2025-07-22T16:30:18","slug":"schiffbaumer-kurt","status":"publish","type":"product","link":"https:\/\/uj.adatbank.ro\/lexikon\/termek\/schiffbaumer-kurt\/","title":{"rendered":"SCHIFFBAUMER, Kurt"},"content":{"rendered":"<p>Sz\u00e1szr\u00e9gen, 1912. dec. 31. \u2020 Idriza, (SzU), 1943. nov. 5.: katonatiszt. \u2013 A Deutsche Wehrmacht (N\u00e9met Hadsereg) 3. gyalogezred\u00e9nek 3. z\u00e1szl\u00f3alj\u00e1nak f\u0151hadnagyak\u00e9nt harcolt a SzU ter\u00fclet\u00e9n, ahol elesett. <br \/><strong>Irod.:<\/strong> Reghin, militari.<\/br><\/p>\n","protected":false},"excerpt":{"rendered":"<p>Sz\u00e1szr\u00e9gen, 1912. dec. 31. \u2020 Idriza, (SzU), 1943. nov. 5.: katonatiszt. \u2013 A Deutsche Wehrmacht (N\u00e9met Hadsereg) 3. gyalogezred\u00e9nek 3. z\u00e1szl\u00f3alj\u00e1nak f\u0151hadnagyak\u00e9nt harcolt a SzU ter\u00fclet\u00e9n, ahol elesett. Irod.: Reghin, militari.<\/p>\n","protected":false},"featured_media":0,"comment_status":"open","ping_status":"closed","template":"","meta":[],"product_brand":[],"product_cat":[137],"product_tag":[],"class_list":{"0":"post-19928","1":"product","2":"type-product","3":"status-publish","5":"product_cat-maros-megyei-eletrajzi-lexikon","7":"first","8":"instock","9":"shipping-taxable","10":"product-type-simple"},"_links":{"self":[{"href":"https:\/\/uj.adatbank.ro\/lexikon\/wp-json\/wp\/v2\/product\/19928","targetHints":{"allow":["GET"]}}],"collection":[{"href":"https:\/\/uj.adatbank.ro\/lexikon\/wp-json\/wp\/v2\/product"}],"about":[{"href":"https:\/\/uj.adatbank.ro\/lexikon\/wp-json\/wp\/v2\/types\/product"}],"replies":[{"embeddable":true,"href":"https:\/\/uj.adatbank.ro\/lexikon\/wp-json\/wp\/v2\/comments?post=19928"}],"wp:attachment":[{"href":"https:\/\/uj.adatbank.ro\/lexikon\/wp-json\/wp\/v2\/media?parent=19928"}],"wp:term":[{"taxonomy":"product_brand","embeddable":true,"href":"https:\/\/uj.adatbank.ro\/lexikon\/wp-json\/wp\/v2\/product_brand?post=19928"},{"taxonomy":"product_cat","embeddable":true,"href":"https:\/\/uj.adatbank.ro\/lexikon\/wp-json\/wp\/v2\/product_cat?post=19928"},{"taxonomy":"product_tag","embeddable":true,"href":"https:\/\/uj.adatbank.ro\/lexikon\/wp-json\/wp\/v2\/product_tag?post=19928"}],"curies":[{"name":"wp","href":"https:\/\/api.w.org\/{rel}","templated":true}]}}