{"id":19929,"date":"2025-07-22T18:30:19","date_gmt":"2025-07-22T16:30:19","guid":{"rendered":"https:\/\/uj.adatbank.ro\/lexikon\/termek\/schiffbaumer-mathias\/"},"modified":"2025-07-22T18:30:19","modified_gmt":"2025-07-22T16:30:19","slug":"schiffbaumer-mathias","status":"publish","type":"product","link":"https:\/\/uj.adatbank.ro\/lexikon\/termek\/schiffbaumer-mathias\/","title":{"rendered":"SCHIFFBAUMER, Mathias"},"content":{"rendered":"<p>? \u2020?: ev. lelk\u00e9sz Sz\u00e1szd\u00e1ny\u00e1nban (1601\u201311). <br \/><strong>Irod.:<\/strong> Apold.<\/br><\/p>\n","protected":false},"excerpt":{"rendered":"<p>? \u2020?: ev. lelk\u00e9sz Sz\u00e1szd\u00e1ny\u00e1nban (1601\u201311). Irod.: Apold.<\/p>\n","protected":false},"featured_media":0,"comment_status":"open","ping_status":"closed","template":"","meta":[],"product_brand":[],"product_cat":[137],"product_tag":[],"class_list":{"0":"post-19929","1":"product","2":"type-product","3":"status-publish","5":"product_cat-maros-megyei-eletrajzi-lexikon","7":"first","8":"instock","9":"shipping-taxable","10":"product-type-simple"},"_links":{"self":[{"href":"https:\/\/uj.adatbank.ro\/lexikon\/wp-json\/wp\/v2\/product\/19929","targetHints":{"allow":["GET"]}}],"collection":[{"href":"https:\/\/uj.adatbank.ro\/lexikon\/wp-json\/wp\/v2\/product"}],"about":[{"href":"https:\/\/uj.adatbank.ro\/lexikon\/wp-json\/wp\/v2\/types\/product"}],"replies":[{"embeddable":true,"href":"https:\/\/uj.adatbank.ro\/lexikon\/wp-json\/wp\/v2\/comments?post=19929"}],"wp:attachment":[{"href":"https:\/\/uj.adatbank.ro\/lexikon\/wp-json\/wp\/v2\/media?parent=19929"}],"wp:term":[{"taxonomy":"product_brand","embeddable":true,"href":"https:\/\/uj.adatbank.ro\/lexikon\/wp-json\/wp\/v2\/product_brand?post=19929"},{"taxonomy":"product_cat","embeddable":true,"href":"https:\/\/uj.adatbank.ro\/lexikon\/wp-json\/wp\/v2\/product_cat?post=19929"},{"taxonomy":"product_tag","embeddable":true,"href":"https:\/\/uj.adatbank.ro\/lexikon\/wp-json\/wp\/v2\/product_tag?post=19929"}],"curies":[{"name":"wp","href":"https:\/\/api.w.org\/{rel}","templated":true}]}}