{"id":19931,"date":"2025-07-22T18:30:23","date_gmt":"2025-07-22T16:30:23","guid":{"rendered":"https:\/\/uj.adatbank.ro\/lexikon\/termek\/schiffbaumer-oskar\/"},"modified":"2025-07-22T18:30:23","modified_gmt":"2025-07-22T16:30:23","slug":"schiffbaumer-oskar","status":"publish","type":"product","link":"https:\/\/uj.adatbank.ro\/lexikon\/termek\/schiffbaumer-oskar\/","title":{"rendered":"SCHIFFBAUMER, Oskar"},"content":{"rendered":"<p>Sz\u00e1szr\u00e9gen, 1895. jan. 21., \u2020 Hamburg, 1973. szept. 13.: katonatiszt. \u2013 Gimn\u00e1ziumot Beszterc\u00e9n, lut. teol\u00f3gi\u00e1t Szebenben v\u00e9gzett (1915). Katonatisztk\u00e9nt r\u00e9szt vett az I.\u00a0vh. harcaiban az olasz fronton, azut\u00e1n a nyugati hadj\u00e1rtban \u00e9s a keletiben is. Tagja lett a besztercei Sz\u00e1sz Nemzeti G\u00e1rd\u00e1nak (1918\u2013), azut\u00e1n a rom\u00e1n kir.-i hadsereg tisztjek\u00e9nt r\u00e9szt vett a Mo. elleni hadj\u00e1ratban. Hadnagyk\u00e9nt tov\u00e1bbra is a rom\u00e1n hadsereg tisztje maradt. K\u00e9t \u00e9vig Turnu Severinben teljes\u00edtett szolg\u00e1latot a 8. hegyivad\u00e1sz ezredn\u00e9l, azt\u00e1n visszament Beszterc\u00e9re a 84. gyalogezredhez. Kit\u0171n\u0151 s\u00edz\u0151k\u00e9nt M\u00e1ramarosszigetre helyezt\u00e9k (1936\u201338), onnan ezredesi rangban Buk.-be a Had\u00fcgyminiszt\u00e9riumba. N\u00e9met nemzetis\u00e9ge miatt elbocs\u00e1tott\u00e1k \u00e9s nyug\u00e1llom\u00e1nyba helyezt\u00e9k (1944. okt.\u2013). El\u0151bb egy b\u0151rgy\u00e1r igazgat\u00f3ja volt, majd v\u00e9gleges nyug\u00e1llom\u00e1nyba k\u00fcldt\u00e9k (1948. j\u00fal.). V\u00e9gleg N\u00e9meto.-ba telepedett (1969\u2013). <br \/><strong>Irod.:<\/strong> Reghin, militari.<\/br><\/p>\n","protected":false},"excerpt":{"rendered":"<p>Sz\u00e1szr\u00e9gen, 1895. jan. 21., \u2020 Hamburg, 1973. szept. 13.: katonatiszt. \u2013 Gimn\u00e1ziumot Beszterc\u00e9n, lut. teol\u00f3gi\u00e1t Szebenben v\u00e9gzett (1915). Katonatisztk\u00e9nt r\u00e9szt vett az I.\u00a0vh. harcaiban az olasz fronton, azut\u00e1n a nyugati hadj\u00e1rtban \u00e9s a keletiben is. Tagja lett a besztercei Sz\u00e1sz Nemzeti G\u00e1rd\u00e1nak (1918\u2013), azut\u00e1n a rom\u00e1n kir.-i hadsereg tisztjek\u00e9nt r\u00e9szt vett a Mo. elleni hadj\u00e1ratban. [&hellip;]<\/p>\n","protected":false},"featured_media":0,"comment_status":"open","ping_status":"closed","template":"","meta":[],"product_brand":[],"product_cat":[137],"product_tag":[],"class_list":{"0":"post-19931","1":"product","2":"type-product","3":"status-publish","5":"product_cat-maros-megyei-eletrajzi-lexikon","7":"first","8":"instock","9":"shipping-taxable","10":"product-type-simple"},"_links":{"self":[{"href":"https:\/\/uj.adatbank.ro\/lexikon\/wp-json\/wp\/v2\/product\/19931","targetHints":{"allow":["GET"]}}],"collection":[{"href":"https:\/\/uj.adatbank.ro\/lexikon\/wp-json\/wp\/v2\/product"}],"about":[{"href":"https:\/\/uj.adatbank.ro\/lexikon\/wp-json\/wp\/v2\/types\/product"}],"replies":[{"embeddable":true,"href":"https:\/\/uj.adatbank.ro\/lexikon\/wp-json\/wp\/v2\/comments?post=19931"}],"wp:attachment":[{"href":"https:\/\/uj.adatbank.ro\/lexikon\/wp-json\/wp\/v2\/media?parent=19931"}],"wp:term":[{"taxonomy":"product_brand","embeddable":true,"href":"https:\/\/uj.adatbank.ro\/lexikon\/wp-json\/wp\/v2\/product_brand?post=19931"},{"taxonomy":"product_cat","embeddable":true,"href":"https:\/\/uj.adatbank.ro\/lexikon\/wp-json\/wp\/v2\/product_cat?post=19931"},{"taxonomy":"product_tag","embeddable":true,"href":"https:\/\/uj.adatbank.ro\/lexikon\/wp-json\/wp\/v2\/product_tag?post=19931"}],"curies":[{"name":"wp","href":"https:\/\/api.w.org\/{rel}","templated":true}]}}