{"id":19933,"date":"2025-07-22T18:30:27","date_gmt":"2025-07-22T16:30:27","guid":{"rendered":"https:\/\/uj.adatbank.ro\/lexikon\/termek\/schilling-arpad\/"},"modified":"2025-07-22T18:30:27","modified_gmt":"2025-07-22T16:30:27","slug":"schilling-arpad","status":"publish","type":"product","link":"https:\/\/uj.adatbank.ro\/lexikon\/termek\/schilling-arpad\/","title":{"rendered":"SCHILLING \u00c1rp\u00e1d"},"content":{"rendered":"<p>Szamos\u00fajv\u00e1r, 1880. nov. 18. \u2020\u00a0Stuttgart, 1955.: orvos. \u2013 Apja k\u00f6zjegyz\u0151. A kv.-i ref. koll.-ban \u00e9s a szamos\u00fajv\u00e1ri \u00e1llami f\u0151gimn.-ban tanult, majd a Kv.-i Egy. Orvostud. Kar\u00e1n (1898\u20131903) a z\u00fcrichi Egy. Orvostud. Kar\u00e1nak (1898\u201399) tanult, orvosdoktorr\u00e1 avatt\u00e1k Kv.-on (1905). Tanulm\u00e1nyai befejezt\u00e9vel a kv.-i Belgy\u00f3gy. Klinik\u00e1n gyakornok, majd bp.-i seb\u00e9szi kik\u00e9pz\u00e9s ut\u00e1n az irgalmas rend seb\u00e9szorvosa n\u00e9gy \u00e9s f\u00e9l \u00e9vig. Dics\u0151szentm\u00e1rtonban seb\u00e9szorvos (1912\u2013) Az els\u0151 vh.-ban katonaorvos, ut\u00e1na Nagyv\u00e1radon az irgalmasrend k\u00f3rh\u00e1z\u00e1nak f\u0151orvosa. Mag\u00e1npraxisa volt, homeop\u00e1ti\u00e1s gy\u00f3gym\u00f3dot alkalmazott (1929\u2013). Emiatt kiz\u00e1rt\u00e1k a Bihar megyei Orvos-, Gy\u00f3gyszer\u00e9sz- \u00e9s Term\u00e9szettudom\u00e1nyi Egyletb\u0151l. 1931-ben viszont P\u00e1rizsban a Nemzetk\u00f6zi Homeopathia Liga aleln\u00f6k\u00e9v\u00e9 v\u00e1lasztotta. Tudom\u00e1nyos tev\u00e9kenys\u00e9g\u00e9t is a homeop\u00e1tia t\u00e1rgyk\u00f6r\u00e9ben fejtette ki. \u00daj ir\u00e1nyelvek \u00e9s eredm\u00e9nyek az organother\u00e1pi\u00e1ban c. munk\u00e1ja az Erd\u00e9lyi Orvosi Lapban jelent meg (Kv, 1924\/15\u201316). <br \/><strong>Irod.:<\/strong> RMIL; Szab\u00f3\u2013Simon\u2013Sz\u00f6gi.<\/br><\/p>\n","protected":false},"excerpt":{"rendered":"<p>Szamos\u00fajv\u00e1r, 1880. nov. 18. \u2020\u00a0Stuttgart, 1955.: orvos. \u2013 Apja k\u00f6zjegyz\u0151. A kv.-i ref. koll.-ban \u00e9s a szamos\u00fajv\u00e1ri \u00e1llami f\u0151gimn.-ban tanult, majd a Kv.-i Egy. Orvostud. Kar\u00e1n (1898\u20131903) a z\u00fcrichi Egy. Orvostud. Kar\u00e1nak (1898\u201399) tanult, orvosdoktorr\u00e1 avatt\u00e1k Kv.-on (1905). Tanulm\u00e1nyai befejezt\u00e9vel a kv.-i Belgy\u00f3gy. Klinik\u00e1n gyakornok, majd bp.-i seb\u00e9szi kik\u00e9pz\u00e9s ut\u00e1n az irgalmas rend seb\u00e9szorvosa n\u00e9gy [&hellip;]<\/p>\n","protected":false},"featured_media":0,"comment_status":"open","ping_status":"closed","template":"","meta":[],"product_brand":[],"product_cat":[137],"product_tag":[],"class_list":{"0":"post-19933","1":"product","2":"type-product","3":"status-publish","5":"product_cat-maros-megyei-eletrajzi-lexikon","7":"first","8":"instock","9":"shipping-taxable","10":"product-type-simple"},"_links":{"self":[{"href":"https:\/\/uj.adatbank.ro\/lexikon\/wp-json\/wp\/v2\/product\/19933","targetHints":{"allow":["GET"]}}],"collection":[{"href":"https:\/\/uj.adatbank.ro\/lexikon\/wp-json\/wp\/v2\/product"}],"about":[{"href":"https:\/\/uj.adatbank.ro\/lexikon\/wp-json\/wp\/v2\/types\/product"}],"replies":[{"embeddable":true,"href":"https:\/\/uj.adatbank.ro\/lexikon\/wp-json\/wp\/v2\/comments?post=19933"}],"wp:attachment":[{"href":"https:\/\/uj.adatbank.ro\/lexikon\/wp-json\/wp\/v2\/media?parent=19933"}],"wp:term":[{"taxonomy":"product_brand","embeddable":true,"href":"https:\/\/uj.adatbank.ro\/lexikon\/wp-json\/wp\/v2\/product_brand?post=19933"},{"taxonomy":"product_cat","embeddable":true,"href":"https:\/\/uj.adatbank.ro\/lexikon\/wp-json\/wp\/v2\/product_cat?post=19933"},{"taxonomy":"product_tag","embeddable":true,"href":"https:\/\/uj.adatbank.ro\/lexikon\/wp-json\/wp\/v2\/product_tag?post=19933"}],"curies":[{"name":"wp","href":"https:\/\/api.w.org\/{rel}","templated":true}]}}