{"id":19938,"date":"2025-07-22T18:30:38","date_gmt":"2025-07-22T16:30:38","guid":{"rendered":"https:\/\/uj.adatbank.ro\/lexikon\/termek\/schlaff-ignac\/"},"modified":"2025-07-22T18:30:38","modified_gmt":"2025-07-22T16:30:38","slug":"schlaff-ignac","status":"publish","type":"product","link":"https:\/\/uj.adatbank.ro\/lexikon\/termek\/schlaff-ignac\/","title":{"rendered":"SCHLAFF Ign\u00e1c"},"content":{"rendered":"<p>1799., \u2020\u00a01804.: \u00e9p\u00edt\u00e9sz, k\u0151m\u0171vespall\u00e9r. \u2013 Gyulafeh\u00e9rv\u00e1ri \u00e9p\u00edt\u00e9sz Teleki S\u00e1muel megb\u00edz\u00e1s\u00e1b\u00f3l a Teleki T\u00e9ka \u00e9p\u00edt\u00e9s\u00e9nek terv\u00e9t a b\u00e9csi Ernest Koch (1755\u20131825) k\u00e9sz\u00edtette el (1797). Ennek ismeret\u00e9ben T\u00fcrk Antal tervezte meg Mv.-en a Teleki S\u00e1muel h\u00e1z\u00e1t \u00e9s k\u00f6nyvt\u00e1rterm\u00e9t. T\u00fcrk tervei alapj\u00e1n k\u00e9sz\u00edtette el saj\u00e1t terv\u00e9t (1799. j\u00fal. 22.). <br \/><strong>Irod.:<\/strong> De\u00e9 Nagy Anik\u00f3 1997; Moln\u00e1r; Orb\u00e1n J\u00e1nos: \u201e&#8230;k\u00e9tfel\u00f6l gal\u00e9ria lesz, a k\u00f6zepe pedig templom form\u00e1ra felmegyen\u201d. A Teleki T\u00e9ka hosszh\u00e1zas terveir\u0151l = T\u00e1gul\u00f3 horizont.<\/br><\/p>\n","protected":false},"excerpt":{"rendered":"<p>1799., \u2020\u00a01804.: \u00e9p\u00edt\u00e9sz, k\u0151m\u0171vespall\u00e9r. \u2013 Gyulafeh\u00e9rv\u00e1ri \u00e9p\u00edt\u00e9sz Teleki S\u00e1muel megb\u00edz\u00e1s\u00e1b\u00f3l a Teleki T\u00e9ka \u00e9p\u00edt\u00e9s\u00e9nek terv\u00e9t a b\u00e9csi Ernest Koch (1755\u20131825) k\u00e9sz\u00edtette el (1797). Ennek ismeret\u00e9ben T\u00fcrk Antal tervezte meg Mv.-en a Teleki S\u00e1muel h\u00e1z\u00e1t \u00e9s k\u00f6nyvt\u00e1rterm\u00e9t. T\u00fcrk tervei alapj\u00e1n k\u00e9sz\u00edtette el saj\u00e1t terv\u00e9t (1799. j\u00fal. 22.). Irod.: De\u00e9 Nagy Anik\u00f3 1997; Moln\u00e1r; Orb\u00e1n J\u00e1nos: \u201e&#8230;k\u00e9tfel\u00f6l [&hellip;]<\/p>\n","protected":false},"featured_media":0,"comment_status":"open","ping_status":"closed","template":"","meta":[],"product_brand":[],"product_cat":[137],"product_tag":[],"class_list":{"0":"post-19938","1":"product","2":"type-product","3":"status-publish","5":"product_cat-maros-megyei-eletrajzi-lexikon","7":"first","8":"instock","9":"shipping-taxable","10":"product-type-simple"},"_links":{"self":[{"href":"https:\/\/uj.adatbank.ro\/lexikon\/wp-json\/wp\/v2\/product\/19938","targetHints":{"allow":["GET"]}}],"collection":[{"href":"https:\/\/uj.adatbank.ro\/lexikon\/wp-json\/wp\/v2\/product"}],"about":[{"href":"https:\/\/uj.adatbank.ro\/lexikon\/wp-json\/wp\/v2\/types\/product"}],"replies":[{"embeddable":true,"href":"https:\/\/uj.adatbank.ro\/lexikon\/wp-json\/wp\/v2\/comments?post=19938"}],"wp:attachment":[{"href":"https:\/\/uj.adatbank.ro\/lexikon\/wp-json\/wp\/v2\/media?parent=19938"}],"wp:term":[{"taxonomy":"product_brand","embeddable":true,"href":"https:\/\/uj.adatbank.ro\/lexikon\/wp-json\/wp\/v2\/product_brand?post=19938"},{"taxonomy":"product_cat","embeddable":true,"href":"https:\/\/uj.adatbank.ro\/lexikon\/wp-json\/wp\/v2\/product_cat?post=19938"},{"taxonomy":"product_tag","embeddable":true,"href":"https:\/\/uj.adatbank.ro\/lexikon\/wp-json\/wp\/v2\/product_tag?post=19938"}],"curies":[{"name":"wp","href":"https:\/\/api.w.org\/{rel}","templated":true}]}}