{"id":19939,"date":"2025-07-22T18:30:40","date_gmt":"2025-07-22T16:30:40","guid":{"rendered":"https:\/\/uj.adatbank.ro\/lexikon\/termek\/schlaghamer-alois\/"},"modified":"2025-07-22T18:30:40","modified_gmt":"2025-07-22T16:30:40","slug":"schlaghamer-alois","status":"publish","type":"product","link":"https:\/\/uj.adatbank.ro\/lexikon\/termek\/schlaghamer-alois\/","title":{"rendered":"SCHLAGHAMER, Alois"},"content":{"rendered":"<p>Mv., 1850 \u2020?: orvos. \u2013 Apja ad\u00f3szed\u0151. \u2013 Tanult a B\u00e9csi Josephinum Kat. Orvosi Int\u00e9zet\u00e9ben (1868\u201372), a B\u00e9csi Egy. Orvosi Kar\u00e1n (1869\u201373), a B\u00e9csi Egy. Jogtud. Kar\u00e1n (1877\u201378). <br \/><strong>Irod.:<\/strong> Szab\u00f3\u2013Simon\u2013Sz\u00f6gi.<\/br><\/p>\n","protected":false},"excerpt":{"rendered":"<p>Mv., 1850 \u2020?: orvos. \u2013 Apja ad\u00f3szed\u0151. \u2013 Tanult a B\u00e9csi Josephinum Kat. Orvosi Int\u00e9zet\u00e9ben (1868\u201372), a B\u00e9csi Egy. Orvosi Kar\u00e1n (1869\u201373), a B\u00e9csi Egy. Jogtud. Kar\u00e1n (1877\u201378). Irod.: Szab\u00f3\u2013Simon\u2013Sz\u00f6gi.<\/p>\n","protected":false},"featured_media":0,"comment_status":"open","ping_status":"closed","template":"","meta":[],"product_brand":[],"product_cat":[137],"product_tag":[],"class_list":{"0":"post-19939","1":"product","2":"type-product","3":"status-publish","5":"product_cat-maros-megyei-eletrajzi-lexikon","7":"first","8":"instock","9":"shipping-taxable","10":"product-type-simple"},"_links":{"self":[{"href":"https:\/\/uj.adatbank.ro\/lexikon\/wp-json\/wp\/v2\/product\/19939","targetHints":{"allow":["GET"]}}],"collection":[{"href":"https:\/\/uj.adatbank.ro\/lexikon\/wp-json\/wp\/v2\/product"}],"about":[{"href":"https:\/\/uj.adatbank.ro\/lexikon\/wp-json\/wp\/v2\/types\/product"}],"replies":[{"embeddable":true,"href":"https:\/\/uj.adatbank.ro\/lexikon\/wp-json\/wp\/v2\/comments?post=19939"}],"wp:attachment":[{"href":"https:\/\/uj.adatbank.ro\/lexikon\/wp-json\/wp\/v2\/media?parent=19939"}],"wp:term":[{"taxonomy":"product_brand","embeddable":true,"href":"https:\/\/uj.adatbank.ro\/lexikon\/wp-json\/wp\/v2\/product_brand?post=19939"},{"taxonomy":"product_cat","embeddable":true,"href":"https:\/\/uj.adatbank.ro\/lexikon\/wp-json\/wp\/v2\/product_cat?post=19939"},{"taxonomy":"product_tag","embeddable":true,"href":"https:\/\/uj.adatbank.ro\/lexikon\/wp-json\/wp\/v2\/product_tag?post=19939"}],"curies":[{"name":"wp","href":"https:\/\/api.w.org\/{rel}","templated":true}]}}