{"id":19941,"date":"2025-07-22T18:30:45","date_gmt":"2025-07-22T16:30:45","guid":{"rendered":"https:\/\/uj.adatbank.ro\/lexikon\/termek\/schleinitz-wilmos\/"},"modified":"2025-07-22T18:30:45","modified_gmt":"2025-07-22T16:30:45","slug":"schleinitz-wilmos","status":"publish","type":"product","link":"https:\/\/uj.adatbank.ro\/lexikon\/termek\/schleinitz-wilmos\/","title":{"rendered":"SCHLEINITZ Wilmos"},"content":{"rendered":"<p>Koronka, \u2020?: m\u00e9rn\u00f6k. \u2013 Apja f\u00f6ldbirtokos. Tanult a B\u00e9csi Hadm\u00e9rn\u00f6ki Akad. M\u00e9rn\u00f6ki Kar\u00e1n (1876\u201379). <br \/><strong>Irod.:<\/strong> Szab\u00f3\u2013Simon\u2013Sz\u00f6gi.<\/br><\/p>\n","protected":false},"excerpt":{"rendered":"<p>Koronka, \u2020?: m\u00e9rn\u00f6k. \u2013 Apja f\u00f6ldbirtokos. Tanult a B\u00e9csi Hadm\u00e9rn\u00f6ki Akad. M\u00e9rn\u00f6ki Kar\u00e1n (1876\u201379). Irod.: Szab\u00f3\u2013Simon\u2013Sz\u00f6gi.<\/p>\n","protected":false},"featured_media":0,"comment_status":"open","ping_status":"closed","template":"","meta":[],"product_brand":[],"product_cat":[137],"product_tag":[],"class_list":{"0":"post-19941","1":"product","2":"type-product","3":"status-publish","5":"product_cat-maros-megyei-eletrajzi-lexikon","7":"first","8":"instock","9":"shipping-taxable","10":"product-type-simple"},"_links":{"self":[{"href":"https:\/\/uj.adatbank.ro\/lexikon\/wp-json\/wp\/v2\/product\/19941","targetHints":{"allow":["GET"]}}],"collection":[{"href":"https:\/\/uj.adatbank.ro\/lexikon\/wp-json\/wp\/v2\/product"}],"about":[{"href":"https:\/\/uj.adatbank.ro\/lexikon\/wp-json\/wp\/v2\/types\/product"}],"replies":[{"embeddable":true,"href":"https:\/\/uj.adatbank.ro\/lexikon\/wp-json\/wp\/v2\/comments?post=19941"}],"wp:attachment":[{"href":"https:\/\/uj.adatbank.ro\/lexikon\/wp-json\/wp\/v2\/media?parent=19941"}],"wp:term":[{"taxonomy":"product_brand","embeddable":true,"href":"https:\/\/uj.adatbank.ro\/lexikon\/wp-json\/wp\/v2\/product_brand?post=19941"},{"taxonomy":"product_cat","embeddable":true,"href":"https:\/\/uj.adatbank.ro\/lexikon\/wp-json\/wp\/v2\/product_cat?post=19941"},{"taxonomy":"product_tag","embeddable":true,"href":"https:\/\/uj.adatbank.ro\/lexikon\/wp-json\/wp\/v2\/product_tag?post=19941"}],"curies":[{"name":"wp","href":"https:\/\/api.w.org\/{rel}","templated":true}]}}