{"id":19942,"date":"2025-07-22T18:30:47","date_gmt":"2025-07-22T16:30:47","guid":{"rendered":"https:\/\/uj.adatbank.ro\/lexikon\/termek\/schlesak-dieter\/"},"modified":"2025-07-22T18:30:47","modified_gmt":"2025-07-22T16:30:47","slug":"schlesak-dieter","status":"publish","type":"product","link":"https:\/\/uj.adatbank.ro\/lexikon\/termek\/schlesak-dieter\/","title":{"rendered":"SCHLESAK, Dieter"},"content":{"rendered":"<p>Segesv\u00e1r, 1934. aug. 4., \u2020\u00a0Camaiore., 2019. m\u00e1rc., 29.: \u00edr\u00f3, k\u00f6lt\u0151. \u2013 Germanisztik\u00e1t Buk.-ben tanult. N\u00e9met tan\u00e1r volt Sz\u00e1szd\u00e1ny\u00e1n, majd szerkeszt\u0151je a Neue Literatur c. foly\u00f3iratnak (1959\u201369), az NSzK-ba t\u00e1vozott (1969). Stuttgartban \u00e9s Camaiore\/Lucc\u00e1ban (Olaszo.) \u00e9lt. L\u00edrikusk\u00e9nt, irodalomkritikusk\u00e9nt \u00e9s -t\u00f6rt\u00e9n\u00e9szk\u00e9nt elk\u00fcl\u00f6n\u00fclt a rom\u00e1niai n\u00e9met szocialista realizmus m\u00f3dszereit\u0151l. Verseiben tudatosan k\u00f6vette a modern eur\u00f3pai l\u00edra t\u00e9m\u00e1it \u00e9s form\u00e1it. Jelent\u0151s a haz\u00e1ja \u00e9s eredete ihlette versei, \u00f6n\u00e9letrajzi vonatkoz\u00e1s\u00fa reg\u00e9nye Vaterlandstage. R\u00e1di\u00f3j\u00e1t\u00e9kokat, riportokat, ford\u00edt\u00e1sokat, tud\u00f3s\u00edt\u00e1sokat egyar\u00e1nt \u00edrt. T\u00f6bb kit\u00fcntet\u00e9sben r\u00e9szes\u00fclt: Andreas-Gryphius-d\u00edj, Ehrengabe (1980). \u2013 <strong><strong>F. m.<\/strong><\/strong>: Grenzstreifen (Buk., 1968); Visa. Ostwestlektionen (Frankfurt, 1970); Gesch\u00e4fte mit Odysseus (Bern, 1972); Weisse Gegend \u2013 F\u00fchlt die Gewald in diesem Traum (versek, Hamburg, 1981); Vaterlandstage (Z\u00fcrich\/K\u00f6ln, 1986); Revolta mor\u0163ilor (Buc., 1998); Exista viata dupa moarte (Buc., 2001); Capesius az auschwitzi patikus (Mv., 2008); <strong>szerk.:<\/strong> Amurgul imperiului: Proza austriac\u0103 modern\u0103 (el\u0151sz\u00f3, jegyz; Buc., 1968). <br \/><strong>Irod.:<\/strong> Gespr\u00e4ch f\u00fcr zwei stimmen und zwei drei Sprachen. Poe\u0163i germani n\u0103scu\u0163i \u00een Rom\u00e2nia (Buc., 1998); LSS.<\/br><\/p>\n","protected":false},"excerpt":{"rendered":"<p>Segesv\u00e1r, 1934. aug. 4., \u2020\u00a0Camaiore., 2019. m\u00e1rc., 29.: \u00edr\u00f3, k\u00f6lt\u0151. \u2013 Germanisztik\u00e1t Buk.-ben tanult. N\u00e9met tan\u00e1r volt Sz\u00e1szd\u00e1ny\u00e1n, majd szerkeszt\u0151je a Neue Literatur c. foly\u00f3iratnak (1959\u201369), az NSzK-ba t\u00e1vozott (1969). Stuttgartban \u00e9s Camaiore\/Lucc\u00e1ban (Olaszo.) \u00e9lt. L\u00edrikusk\u00e9nt, irodalomkritikusk\u00e9nt \u00e9s -t\u00f6rt\u00e9n\u00e9szk\u00e9nt elk\u00fcl\u00f6n\u00fclt a rom\u00e1niai n\u00e9met szocialista realizmus m\u00f3dszereit\u0151l. Verseiben tudatosan k\u00f6vette a modern eur\u00f3pai l\u00edra t\u00e9m\u00e1it \u00e9s [&hellip;]<\/p>\n","protected":false},"featured_media":0,"comment_status":"open","ping_status":"closed","template":"","meta":[],"product_brand":[],"product_cat":[137],"product_tag":[],"class_list":{"0":"post-19942","1":"product","2":"type-product","3":"status-publish","5":"product_cat-maros-megyei-eletrajzi-lexikon","7":"first","8":"instock","9":"shipping-taxable","10":"product-type-simple"},"_links":{"self":[{"href":"https:\/\/uj.adatbank.ro\/lexikon\/wp-json\/wp\/v2\/product\/19942","targetHints":{"allow":["GET"]}}],"collection":[{"href":"https:\/\/uj.adatbank.ro\/lexikon\/wp-json\/wp\/v2\/product"}],"about":[{"href":"https:\/\/uj.adatbank.ro\/lexikon\/wp-json\/wp\/v2\/types\/product"}],"replies":[{"embeddable":true,"href":"https:\/\/uj.adatbank.ro\/lexikon\/wp-json\/wp\/v2\/comments?post=19942"}],"wp:attachment":[{"href":"https:\/\/uj.adatbank.ro\/lexikon\/wp-json\/wp\/v2\/media?parent=19942"}],"wp:term":[{"taxonomy":"product_brand","embeddable":true,"href":"https:\/\/uj.adatbank.ro\/lexikon\/wp-json\/wp\/v2\/product_brand?post=19942"},{"taxonomy":"product_cat","embeddable":true,"href":"https:\/\/uj.adatbank.ro\/lexikon\/wp-json\/wp\/v2\/product_cat?post=19942"},{"taxonomy":"product_tag","embeddable":true,"href":"https:\/\/uj.adatbank.ro\/lexikon\/wp-json\/wp\/v2\/product_tag?post=19942"}],"curies":[{"name":"wp","href":"https:\/\/api.w.org\/{rel}","templated":true}]}}