{"id":19943,"date":"2025-07-22T18:30:48","date_gmt":"2025-07-22T16:30:48","guid":{"rendered":"https:\/\/uj.adatbank.ro\/lexikon\/termek\/schlett-erno\/"},"modified":"2025-07-22T18:30:48","modified_gmt":"2025-07-22T16:30:48","slug":"schlett-erno","status":"publish","type":"product","link":"https:\/\/uj.adatbank.ro\/lexikon\/termek\/schlett-erno\/","title":{"rendered":"SCHLETT Ern\u0151"},"content":{"rendered":"<p>Abrudb\u00e1nya, 1925. j\u00fan. 15. aug. 22., \u2020 Nagyv\u00e1rad, 1988.: gy\u00f3gyszer\u00e9sz. \u2013 Sch. Oliv\u00e9r (1890\u20131973) gy\u00f3gyszer\u00e9sz \u00e9s V\u00e1mosi Erzs\u00e9bet fia. Testv\u00e9re: Oliv\u00e9r. Feles\u00e9ge: Bar\u00e1tky Anna (V\u00e1radsz\u0151ll\u0151s, 1928. j\u00fan. 23. \u2013?), gy\u00f3gyszer\u00e9sz. \u2013 Tanul\u00f3 volt Abrudb\u00e1ny\u00e1n, Kv.-on \u00e9s Nagyk\u00e1rolyban \u00e9retts\u00e9gizett (1944), Katonai szolg\u00e1latot teljes\u00edtett, orosz fogs\u00e1gban t\u00f6lt\u00f6tt k\u00e9t \u00e9vet (1945\u201347). Visszat\u00e9rte ut\u00e1n gy\u00f3gyszer\u00e9sz gyakornok volt Szatm\u00e1rn\u00e9metiben, a MOGYI GYK-\u00e1n v\u00e9gezte az egyetemet, egyszerre a feles\u00e9g\u00e9vel (1951). Mv.-en k\u00f3rh\u00e1zi gy\u00f3gyszert\u00e1rban kezdte munk\u00e1j\u00e1t, a \u201egyermekgy\u00f3gyszert\u00e1r f\u0151n\u00f6ke (1953\u201368). A mv.-i posztl\u00edce\u00e1lis technikumban tan\u00edtott galenik\u00e1t, vagyis gy\u00f3gyszer\u00e9szi technol\u00f3gi\u00e1t. Feles\u00e9g\u00e9vel Nagyv\u00e1radra k\u00f6lt\u00f6ztek (1968). <br \/><strong>Irod.:<\/strong> P\u00e9ter H. M. 2013.<\/br><\/p>\n","protected":false},"excerpt":{"rendered":"<p>Abrudb\u00e1nya, 1925. j\u00fan. 15. aug. 22., \u2020 Nagyv\u00e1rad, 1988.: gy\u00f3gyszer\u00e9sz. \u2013 Sch. Oliv\u00e9r (1890\u20131973) gy\u00f3gyszer\u00e9sz \u00e9s V\u00e1mosi Erzs\u00e9bet fia. Testv\u00e9re: Oliv\u00e9r. Feles\u00e9ge: Bar\u00e1tky Anna (V\u00e1radsz\u0151ll\u0151s, 1928. j\u00fan. 23. \u2013?), gy\u00f3gyszer\u00e9sz. \u2013 Tanul\u00f3 volt Abrudb\u00e1ny\u00e1n, Kv.-on \u00e9s Nagyk\u00e1rolyban \u00e9retts\u00e9gizett (1944), Katonai szolg\u00e1latot teljes\u00edtett, orosz fogs\u00e1gban t\u00f6lt\u00f6tt k\u00e9t \u00e9vet (1945\u201347). Visszat\u00e9rte ut\u00e1n gy\u00f3gyszer\u00e9sz gyakornok volt Szatm\u00e1rn\u00e9metiben, a [&hellip;]<\/p>\n","protected":false},"featured_media":0,"comment_status":"open","ping_status":"closed","template":"","meta":[],"product_brand":[],"product_cat":[137],"product_tag":[],"class_list":{"0":"post-19943","1":"product","2":"type-product","3":"status-publish","5":"product_cat-maros-megyei-eletrajzi-lexikon","7":"first","8":"instock","9":"shipping-taxable","10":"product-type-simple"},"_links":{"self":[{"href":"https:\/\/uj.adatbank.ro\/lexikon\/wp-json\/wp\/v2\/product\/19943","targetHints":{"allow":["GET"]}}],"collection":[{"href":"https:\/\/uj.adatbank.ro\/lexikon\/wp-json\/wp\/v2\/product"}],"about":[{"href":"https:\/\/uj.adatbank.ro\/lexikon\/wp-json\/wp\/v2\/types\/product"}],"replies":[{"embeddable":true,"href":"https:\/\/uj.adatbank.ro\/lexikon\/wp-json\/wp\/v2\/comments?post=19943"}],"wp:attachment":[{"href":"https:\/\/uj.adatbank.ro\/lexikon\/wp-json\/wp\/v2\/media?parent=19943"}],"wp:term":[{"taxonomy":"product_brand","embeddable":true,"href":"https:\/\/uj.adatbank.ro\/lexikon\/wp-json\/wp\/v2\/product_brand?post=19943"},{"taxonomy":"product_cat","embeddable":true,"href":"https:\/\/uj.adatbank.ro\/lexikon\/wp-json\/wp\/v2\/product_cat?post=19943"},{"taxonomy":"product_tag","embeddable":true,"href":"https:\/\/uj.adatbank.ro\/lexikon\/wp-json\/wp\/v2\/product_tag?post=19943"}],"curies":[{"name":"wp","href":"https:\/\/api.w.org\/{rel}","templated":true}]}}