{"id":19945,"date":"2025-07-22T18:30:51","date_gmt":"2025-07-22T16:30:51","guid":{"rendered":"https:\/\/uj.adatbank.ro\/lexikon\/termek\/schlosser-karl-franz-%c2%a7\/"},"modified":"2025-07-22T18:30:51","modified_gmt":"2025-07-22T16:30:51","slug":"schlosser-karl-franz-%c2%a7","status":"publish","type":"product","link":"https:\/\/uj.adatbank.ro\/lexikon\/termek\/schlosser-karl-franz-%c2%a7\/","title":{"rendered":"SCHLOSSER Karl Franz, \u00a7"},"content":{"rendered":"<p>Temesv\u00e1r, 1912. m\u00e1rc. 15., \u2020 Sz\u00e1szk\u00e9zd, 1984. \u00e1pr. 13.: ev. lelk\u00e9sz, akad\u00e9mikus. \u2013 Teol\u00f3gi\u00e1t v\u00e9gzett Berlin-, B\u00e9cs-, Lipcse- \u00e9s T\u00fcbingenben (1930\u201336). Vik\u00e1rius lett Leblangban (1936\u2013), azut\u00e1n Brass\u00f3ban, ahonnan Sz\u00e1szk\u00e9zdre ker\u00fclt (1939. nov. 1.\u2013). A Presbit\u00e9rium k\u00e9r\u00e9s\u00e9re ott papp\u00e1 szentelt\u00e9k (1939. nov. 8.). Neh\u00e9z id\u0151szakban \u00e9rt Sz\u00e1szk\u00e9zdre, 165 sz\u00e1sz f\u00e9rfi volt katonai szolg\u00e1latra besorozva, majd kit\u00f6rt a II. vh. Az otthon maradott f\u00e9rfiakat, k\u00f6zt\u00fck a lelkip\u00e1sztort is elhurcolt\u00e1k Oroszo.-ba k\u00e9nyszermunk\u00e1ra (1945\u2013). T\u00e1voll\u00e9t\u00e9ben feles\u00e9ge, Dora Schlosser l\u00e1tta el a lelk\u00e9szi teend\u0151k egy r\u00e9sz\u00e9t: megtartotta a vall\u00e1s\u00f3r\u00e1kat az iskol\u00e1ban, gondoskodott a lev\u00e9lt\u00e1r megment\u00e9s\u00e9r\u0151l. F\u00e9rje szerencs\u00e9sen hazat\u00e9rt (1945. dec). Az orosz l\u00e1gerben megtanult oroszul, \u00edgy tudott kommunik\u00e1lni az \u0151r\u00f6kkel \u00e9s a l\u00e1ger vezet\u0151ivel, akik az \u0151 k\u00f6zbenj\u00e1r\u00e1s\u00e1ra hazaengedt\u00e9k a beteg \u00e9s nagyon fiatal foglyokat. A h\u00e1bor\u00fa ut\u00e1n lelk\u00e9szk\u00e9nt seg\u00edtett a sz\u00e1sz k\u00f6z\u00f6ss\u00e9gnek az \u00faj rendszerbe val\u00f3 beilleszked\u00e9sn\u00e9l. Jav\u00edt\u00e1sokat v\u00e9geztek a templomon, bevezett\u00e9k az elektromos \u00e1ramot, de falust\u00e1rsainak kiv\u00e1ndorl\u00e1s\u00e1t nem tudta meg\u00e1ll\u00edtani, azok t\u00f6megesen N\u00e9meto.-ba telepedtek \u00e1t, egyik ok a f\u00f6ldjeik elveszt\u00e9se, a kollektiviz\u00e1l\u00e1s volt. Egy aut\u00f3busz balesetben megs\u00e9r\u00fclt, seb\u00e9t nem tudtak m\u00e9g kezelni akkor, belehalt. <br \/><strong>Irod.:<\/strong> Saschiz.<\/br><\/p>\n","protected":false},"excerpt":{"rendered":"<p>Temesv\u00e1r, 1912. m\u00e1rc. 15., \u2020 Sz\u00e1szk\u00e9zd, 1984. \u00e1pr. 13.: ev. lelk\u00e9sz, akad\u00e9mikus. \u2013 Teol\u00f3gi\u00e1t v\u00e9gzett Berlin-, B\u00e9cs-, Lipcse- \u00e9s T\u00fcbingenben (1930\u201336). Vik\u00e1rius lett Leblangban (1936\u2013), azut\u00e1n Brass\u00f3ban, ahonnan Sz\u00e1szk\u00e9zdre ker\u00fclt (1939. nov. 1.\u2013). A Presbit\u00e9rium k\u00e9r\u00e9s\u00e9re ott papp\u00e1 szentelt\u00e9k (1939. nov. 8.). Neh\u00e9z id\u0151szakban \u00e9rt Sz\u00e1szk\u00e9zdre, 165 sz\u00e1sz f\u00e9rfi volt katonai szolg\u00e1latra besorozva, majd kit\u00f6rt [&hellip;]<\/p>\n","protected":false},"featured_media":0,"comment_status":"open","ping_status":"closed","template":"","meta":[],"product_brand":[],"product_cat":[137],"product_tag":[],"class_list":{"0":"post-19945","1":"product","2":"type-product","3":"status-publish","5":"product_cat-maros-megyei-eletrajzi-lexikon","7":"first","8":"instock","9":"shipping-taxable","10":"product-type-simple"},"_links":{"self":[{"href":"https:\/\/uj.adatbank.ro\/lexikon\/wp-json\/wp\/v2\/product\/19945","targetHints":{"allow":["GET"]}}],"collection":[{"href":"https:\/\/uj.adatbank.ro\/lexikon\/wp-json\/wp\/v2\/product"}],"about":[{"href":"https:\/\/uj.adatbank.ro\/lexikon\/wp-json\/wp\/v2\/types\/product"}],"replies":[{"embeddable":true,"href":"https:\/\/uj.adatbank.ro\/lexikon\/wp-json\/wp\/v2\/comments?post=19945"}],"wp:attachment":[{"href":"https:\/\/uj.adatbank.ro\/lexikon\/wp-json\/wp\/v2\/media?parent=19945"}],"wp:term":[{"taxonomy":"product_brand","embeddable":true,"href":"https:\/\/uj.adatbank.ro\/lexikon\/wp-json\/wp\/v2\/product_brand?post=19945"},{"taxonomy":"product_cat","embeddable":true,"href":"https:\/\/uj.adatbank.ro\/lexikon\/wp-json\/wp\/v2\/product_cat?post=19945"},{"taxonomy":"product_tag","embeddable":true,"href":"https:\/\/uj.adatbank.ro\/lexikon\/wp-json\/wp\/v2\/product_tag?post=19945"}],"curies":[{"name":"wp","href":"https:\/\/api.w.org\/{rel}","templated":true}]}}