{"id":19946,"date":"2025-07-22T18:30:54","date_gmt":"2025-07-22T16:30:54","guid":{"rendered":"https:\/\/uj.adatbank.ro\/lexikon\/termek\/schmid-johannes\/"},"modified":"2025-07-22T18:30:54","modified_gmt":"2025-07-22T16:30:54","slug":"schmid-johannes","status":"publish","type":"product","link":"https:\/\/uj.adatbank.ro\/lexikon\/termek\/schmid-johannes\/","title":{"rendered":"SCHMID, Johannes"},"content":{"rendered":"<p>Segesv\u00e1r? \u2020 Volk\u00e1ny, 1822: tan\u00e1r, pap. \u2013 Tanult T\u00fcbingenben teol\u00f3gi\u00e1t (1780). Tan\u00e1r Segesv\u00e1ron, lelk\u00e9sz Volk\u00e1nyban (1797\u20131822). <br \/><strong>Irod.:<\/strong> Szab\u00f3\u2013Sz\u00f6gi.<\/br><\/p>\n","protected":false},"excerpt":{"rendered":"<p>Segesv\u00e1r? \u2020 Volk\u00e1ny, 1822: tan\u00e1r, pap. \u2013 Tanult T\u00fcbingenben teol\u00f3gi\u00e1t (1780). Tan\u00e1r Segesv\u00e1ron, lelk\u00e9sz Volk\u00e1nyban (1797\u20131822). Irod.: Szab\u00f3\u2013Sz\u00f6gi.<\/p>\n","protected":false},"featured_media":0,"comment_status":"open","ping_status":"closed","template":"","meta":[],"product_brand":[],"product_cat":[137],"product_tag":[],"class_list":{"0":"post-19946","1":"product","2":"type-product","3":"status-publish","5":"product_cat-maros-megyei-eletrajzi-lexikon","7":"first","8":"instock","9":"shipping-taxable","10":"product-type-simple"},"_links":{"self":[{"href":"https:\/\/uj.adatbank.ro\/lexikon\/wp-json\/wp\/v2\/product\/19946","targetHints":{"allow":["GET"]}}],"collection":[{"href":"https:\/\/uj.adatbank.ro\/lexikon\/wp-json\/wp\/v2\/product"}],"about":[{"href":"https:\/\/uj.adatbank.ro\/lexikon\/wp-json\/wp\/v2\/types\/product"}],"replies":[{"embeddable":true,"href":"https:\/\/uj.adatbank.ro\/lexikon\/wp-json\/wp\/v2\/comments?post=19946"}],"wp:attachment":[{"href":"https:\/\/uj.adatbank.ro\/lexikon\/wp-json\/wp\/v2\/media?parent=19946"}],"wp:term":[{"taxonomy":"product_brand","embeddable":true,"href":"https:\/\/uj.adatbank.ro\/lexikon\/wp-json\/wp\/v2\/product_brand?post=19946"},{"taxonomy":"product_cat","embeddable":true,"href":"https:\/\/uj.adatbank.ro\/lexikon\/wp-json\/wp\/v2\/product_cat?post=19946"},{"taxonomy":"product_tag","embeddable":true,"href":"https:\/\/uj.adatbank.ro\/lexikon\/wp-json\/wp\/v2\/product_tag?post=19946"}],"curies":[{"name":"wp","href":"https:\/\/api.w.org\/{rel}","templated":true}]}}