{"id":19948,"date":"2025-07-22T18:31:00","date_gmt":"2025-07-22T16:31:00","guid":{"rendered":"https:\/\/uj.adatbank.ro\/lexikon\/termek\/schmidt-bela-%c2%a7-iroi-neve-s-palmi-bela\/"},"modified":"2025-07-22T18:31:00","modified_gmt":"2025-07-22T16:31:00","slug":"schmidt-bela-%c2%a7-iroi-neve-s-palmi-bela","status":"publish","type":"product","link":"https:\/\/uj.adatbank.ro\/lexikon\/termek\/schmidt-bela-%c2%a7-iroi-neve-s-palmi-bela\/","title":{"rendered":"SCHMIDT B\u00e9la, \u00a7 \u00edr\u00f3i neve: S. P\u00e1lmi B\u00e9la"},"content":{"rendered":"<p>Fels\u0151telekes (Mo.), 1881. aug. 18., \u2020 Bp., 1943. m\u00e1rc. 20. Mv.-en temett\u00e9k: orvos, szerkeszt\u0151, szak\u00edr\u00f3. \u2013 Sch. S\u00e1ndor bp.-i egyetemi tan\u00e1r (1887\u2013?) fia. Feles\u00e9ge: Fall Erzs\u00e9bet gy\u00f3gyszer\u00e9sz (1901 \u2013 Mv., 1986). Fi\u00fak: Sch. S\u00e1ndor. \u2013 K\u00f6z\u00e9piskolai tanulm\u00e1nyait Bp.-en v\u00e9gezte (1899), Bp.-en \u00e9s B\u00e9csben megkezdett tanulm\u00e1nyai ut\u00e1n Kv.-on szerzett orvosi diplom\u00e1t (1905). Bern\u00e1dy Gy\u00f6rgy h\u00edv\u00e1s\u00e1ra a mv.-i \u00c1llami K\u00f3rh\u00e1zhoz ker\u00fclt. A R.K. Gimn. orvosa \u00e9s eg\u00e9szs\u00e9gtan tan\u00e1ra volt (1906\u201340 k\u00f6z\u00f6tt). Purjesz prof. mellett a nemi betegs\u00e9gek orvosa (1913). Bar\u00e1tja Sim\u00f3 G\u00e9z\u00e1nak. Vend\u00e9ge volt F\u00fcl\u00f6p Zsigmond term\u00e9szettud\u00f3s \u00e9s szociol\u00f3gus, a Darvin c. lap szerk.-je (1914. \u00e1pr.). K\u00fclf\u00f6ldi tanulm\u00e1ny\u00faton volt (1914). A KZST v\u00e1lasztm\u00e1nyi tagja (1910), titk\u00e1ra (1920. nov. 3. \u2013). Az I. vh. alatt bekapcsol\u00f3dott a V\u00f6r\u00f6skereszt munk\u00e1j\u00e1ba, javaslat\u00e1t elfogadt\u00e1k \u00e9s l\u00e9trej\u00f6tt a Zita Kir\u00e1lyn\u0151 Katonai Kiseg\u00edt\u0151 K\u00f3rh\u00e1z (1914. aug. 11.), itt dolgozott d\u00edjtalanul (1914. szept. 7. \u2013 1915. jan. 31.), mint helyettes f\u0151orvos, igazgat\u00f3-f\u0151orvos (1915-ig). Az \u00f6nk\u00e9ntes \u00e1pol\u00f3n\u0151i tanfolyam szervez\u0151je \u00e9s vezet\u0151je, elm\u00e9let \u00e9s gyakorlati oktat\u00f3ja. A r\u00e9sztvev\u0151k k\u00f6zismertek, a k\u00f6z\u00e9let szerepl\u0151inek hozz\u00e1tartoz\u00f3i, k\u00f6zt\u00fck saj\u00e1t feles\u00e9ge is. A szatm\u00e1rn\u00e9meti megfigyel\u0151 k\u00f3rh\u00e1z orvosa \u00e9s az \u00e9szaki harct\u00e9ren is teljes\u00edtett szolg\u00e1latot. Honv\u00e9d orvos f\u0151hadnagy, ez\u00fcst \u00e9s bronz Signum Laudis a kardokkal, Koron\u00e1s arany \u00e9rdemkereszt a kardokkal, a V\u00f6r\u00f6skereszt II. oszt. tiszti jelv\u00e9nye a hadi\u00e9k\u00edtm\u00e9nnyel, a K\u00e1roly csapatkereszt, nemzetv\u00e9delmi kereszt, a H\u00e1bor\u00fas eml\u00e9k\u00e9rem, a Bulg\u00e1r h\u00e1bor\u00fas eml\u00e9k\u00e9rem kit\u00fcntet\u00e9sek tulajdonosa, t\u0171zharcos. A h\u00e1bor\u00fa ut\u00e1n a Munk\u00e1s Szabadiskola a Ref. Koll.-ban m\u0171k\u00f6d\u00f6tt tov\u00e1bb (1920. szept. 26. \u2013), melynek tan\u00e1ra volt. Tov\u00e1bb dolgozott a mv.-i k\u00f3rh\u00e1zban (Szentgy\u00f6rgy\/ Lenin \/ Forradalom u.) nyugd\u00edjba vonul\u00e1s\u00e1ig (1931), majd mag\u00e1npraxist folytatott. Tev\u00e9keny szerepe volt a Munk\u00e1s-Otthon \u00e9let\u00e9ben. El\u0151ad\u00e1sokat tartott a Munk\u00e1s Szabadiskol\u00e1ban (1928. febr. 22\u201326). T\u00e1mogat\u00f3ja az Iparos Egyes\u00fcletnek, a M. Iparos Egyes\u00fclet Dalkar\u00e1nak eln\u00f6ke (1936 k.). Titk\u00e1ra volt a Marosmegyei Orvoskamar\u00e1nak. A j\u00e1rv\u00e1nyk\u00f3rh\u00e1z igazgat\u00f3ja lett (1940\u2013). Dr. Szil\u00e1gyi J\u00e1nossal harcot ind\u00edtott a TBC ellen. Megszervezte a t\u00fcd\u0151betegek nyilv\u00e1ntart\u00e1s\u00e1t, vizsg\u00e1lat\u00e1t; beind\u00edtotta a k\u00f3rh\u00e1z t\u00fcd\u0151bajos r\u00e9szleg\u00e9t. Megind\u00edtotta, kiadta \u00e9s szerkesztette a M. N\u00e9peg\u00e9szs\u00e9g\u00fcgyi Szeml\u00e9t (1933\u20131943). Orvost\u00f6rt\u00e9neti \u00edr\u00e1sait hazai: Erd\u00e9lyi Orvosi Lap, Praxis Medici, Orvosi Szemle, Revista Medical\u0103,az EME v\u00e1ndorgy\u0171l\u00e9seinek Eml\u00e9kk\u00f6nyveiben \u00e9s k\u00fclf\u00f6ldi szaklapokban: Orvosi Hetilap, M. N\u00e9peg\u00e9szs\u00e9g\u00fcgyi Szemle, Pester Medizin, Chirurgische Presse, Gy\u00f3gy\u00e1szat, stb. lapok k\u00f6z\u00f6lt\u00e9k. Tudom\u00e1nyn\u00e9pszer\u0171s\u00edt\u0151 cikkei a Csal\u00e1d \u00e9s Iskola, Sz\u00e9kely Tan\u00fcgy, K\u00f6zeg\u00e9szs\u00e9g\u00fcgy, Eg\u00e9szs\u00e9g, Munk\u00e1sotthon \u00c9rtes\u00edt\u0151je c. lapokban jelentek meg. Sz\u00e9pirodalmi vonatkoz\u00e1s\u00fa \u00edr\u00e1sai az Ellenz\u00e9k, F\u00e1klya, Napl\u00f3, Szegedi Napl\u00f3, \u00daj Sz\u00e1zad, Sz\u00e9kely Ellenz\u00e9k, Sz\u00e9kely Napl\u00f3 has\u00e1bjain l\u00e1ttak napvil\u00e1got. Egyik tagja az opera- \u00e9s operett kedvel\u0151 polg\u00e1rok Dalm\u0171 J\u00e1tsz\u00f3 T\u00e1rsas\u00e1g szervez\u0151bizotts\u00e1g\u00e1nak (1930. szept. 20.). A R.K. Gimn.-ban szervezett \u00e9s megnyitott szabadegyetem egyik el\u0151ad\u00f3ja (1931. febr. 10.). Mv.-en megalakult a M. Orvosok Nemzeti Egyes\u00fclet\u00e9nek sz\u00e9kelyf\u00f6ldi fi\u00f3kja (1941. nov. 4.), ennek aleln\u00f6ke. Ma, a volt h\u00e1za (Eminescu u. 3. sz.) \u201eA\u201d kateg\u00f3ri\u00e1ba tartoz\u00f3 m\u0171eml\u00e9k, a Procardia sz\u00e9khelye. Bp.-en halt meg, de hamvait hazahozt\u00e1k Mv.-re. \u2013 <strong>F. m.<\/strong>: A gyermekek \u201ef\u00f6lvil\u00e1gos\u00edt\u00e1s\u00e1\u201d-r\u00f3l. (Kv, 1906.); A t\u00fcd\u0151v\u00e9sz elleni v\u00e9dekez\u00e9s rationalis \u00fatja: (Szanatorium \u00e9s dispensaire) (Bp, 1908.); A Calmette-f\u00e9le ophthalmoreacti\u00f3r\u00f3l. Bp., 1908); Ueber die Calmette\u2019sche Ophtalmo-Reaction (Bp., 1908.); Tartson-e a k\u00f6rorvos hivatalos rendel\u0151 \u00f3r\u00e1t? (Bp., 1908.); A gyermekek gyakoribb heveny fert\u0151z\u0151 betegs\u00e9g\u00e9r\u0151l. (Mv., 1908.); A k\u00f6rorvosi hivatalos rendel\u0151\u00f3ra. (Bp, 1909.); Eg\u00e9szs\u00e9gtan a fels\u0151 kereskedelmi iskol\u00e1kban. (Bp., 1910.); A kereskedelmi szakoktat\u00e1s egy hi\u00e1nya (Bp., 1910); A k\u00e9zr\u0151l az eg\u00e9szs\u00e9g szempontj\u00e1b\u00f3l. (Mv., 1910.); Ehrlich, Wettenstein \u00e9s a kolleg\u00e1k: Reflexi\u00f3k P\u00f3k \u00d6d\u00f6n czikk\u00e9re. (Bp., 1910.); A munk\u00e1s szeme. (Mv., 1911.); A cukor quantitativ meghat\u00e1roz\u00e1s\u00e1nak egy \u00faj m\u00f3dja az orvosi gyakorlatban (Bp., 1911); Az \u00e9let. Bevezet\u0151 a biol\u00f3gi\u00e1ba (Mv., 1912); A prognosisr\u00f3l: Orvost\u00f6rt\u00e9nelmi v\u00e1zlat. (Bp., 1913.); Freund eml\u00e9kei. (Bp., 1914.); Az orvos \u00e9s a beteg. (Mv., 1914.); A h\u00e1bor\u00fat kis\u00e9r\u0151 j\u00e1rv\u00e1nyok \u00e9s az orsz\u00e1g lakoss\u00e1ga: (a megfigyel\u0151\u00e1llom\u00e1sokr\u00f3l). (Bp., 1915.); Adatok a katon\u00e1k venere\u00e1s megbeteged\u00e9s\u00e9hez. (Bp., 1916.); Pseudovenere\u00e1s megbeteged\u00e9sek. (Bp., 1917); A katonai szolg\u00e1lat al\u00f3l val\u00f3 kimenek\u00fcl\u00e9s \u00e1ltal\u00e1nos orvosi szempontb\u00f3l: Sz\u00ednlel\u00e9s \u00e9s \u00f6ncsonk\u00edt\u00e1s. (Bp., 1917.); \u00dajabb gy\u00f3gyszerek jegyz\u00e9ke: A Gy\u00f3gyszerek c\u00edmt\u00e1ra \u00e9s zsebt\u00e1ra 1920 f\u00fcggel\u00e9ke (Mv., 1921); A transplantatior\u00f3l. (Kv., 1924.); A champhor-olaj intravenosus alaklmaz\u00e1sa. (Kv., 1925.); A sz\u00edv kopogtat\u00e1s\u00e1r\u00f3l. (Kv, 1925.); A protargol egy \u00faj therapi\u00e1s alkalmaz\u00e1sa. (Kv., 1925, 1926.); Az orvos. (Mv., 1926.); Egy pofon, k\u00e9t pofon (Mv., 1928); A theosan k\u00e9sz\u00edtm\u00e9nyekr\u0151l. (Bp., 1928.); Az erd\u00e9lyi m. orvosok szervezked\u00e9se \u00e9s m. orvosi tov\u00e1bbk\u00e9pz\u0151 tanfolyamok; M. tov\u00e1bbk\u00e9pz\u0151 kurzus \u00e9s kisebbs\u00e9gi orvosszervezked\u00e9s. (Temesv\u00e1r, 1929.); Egy \u00e9rdekes typhus eset (Kv., 1929.); Egy orvosi k\u00f6rlev\u00e9l (Kv., 1929); Dollinger Gyula professzor \u00e9let\u00e9nek 80 \u00e9ve (1849\u20131929). (Kv, 1929); Pettenkoffer \u00e9s Forssmann (Temesv\u00e1r, 1929); Arc- \u00e9s fejs\u00e9r\u00fcl\u00e9s esete: (A baleset biztos\u00edt\u00e1s k\u00f6r\u00e9b\u0151l). (Kv., 1930.); Az \u201eOrvosi mint\u00e1k\u201d k\u00e9rd\u00e9se. (Kv., 1930.); Erd\u00e9ly orvosi foly\u00f3irat 1919-t\u0151l napjainkig. (Bp., 1930.); A m. k\u00f6nyv sorsa (Temesv\u00e1r, 1930); Az ember v\u00e1ndor\u00fatja (Mv., 1930.) = \u00dcnnepi konyv; A rendel\u0151 gy\u00f3gyszer\u00e9sz (Temesv\u00e1r, 1930); Az 1930. \u00e9vi drezdai eg\u00e9szs\u00e9g\u00fcgyi ki\u00e1ll\u00edt\u00e1s. (Kv., [1931]).; Aj\u00e1nl\u00e1s \u00e9s lebesz\u00e9l\u00e9s: glossz\u00e1k egy orvosper bir\u00f3i d\u00f6nt\u00e9s\u00e9hez. (Kv., 1931.); Az \u00e9let \u00f6r\u00f6k trag\u00e9di\u00e1ja. (Mv., 1931.); Hogyan mozd\u00edthatja el\u0151 a sz\u00fcl\u0151 gyermek\u00e9nek eredm\u00e9nyes tanul\u00e1s\u00e1t (Mv., 1931); Az \u00e1thangol\u00e1s \u00e9s egy \u00faj m\u00f3dja (Bp., 1932); A napi lapok orvosi h\u00edrei. (Kv., 1933.); Semmelweis trag\u00e9di\u00e1ja. (Kv., 1938.); A v\u00e9rbaj (Kv.-Brass\u00f3, 1938.); Gyermekv\u00e9delem (Arad, 1940); Harc a \u201ebetegs\u00e9g\u201d ellen. (Mv., 1942.); Az erd\u00e9lyi kisebbs\u00e9gi orvosok irodalmi munk\u00e1ss\u00e1g\u00e1nak tizenegy \u00e9ve (EME Orvosi \u00c9rtes\u00edt\u0151 Kv., 1940\/49); Az \u00e9lelmiszerek mint gy\u00f3gyszerek. (h.n., \u00e9.n.); A term\u00e9szetismeret halad\u00e1sa (Mv., \u00e9.n.); Az orvosi mint\u00e1k sorsa (Kv, \u00e9.n.); Az igazi ember (H.n., \u00e9.n.); <strong>t\u00e1rssz.:<\/strong> A Mv.-i KZST \u00c9vk\u00f6nyve (Mv., 1914); Az \u00f6r\u00f6k harc: k\u00fczdelem a tuberkul\u00f3zis ellen (Szigeti Imr\u00e9vel, Kv., 1931); <strong>antol\u00f3g.:<\/strong> Maros-V\u00e1s\u00e1rhelyi lexikon (Mv., 1912); Az ember v\u00e1ndor\u00fatja = \u00dcnnepi k\u00f6nyv: F\u00e9lsz\u00e1zados jubileuma eml\u00e9k\u00e9\u00fcl kiadta a KZST (Mv., 1930); Az EME Mv.-en 1930. aug. 28\u201330 tartott kilencedik v\u00e1ndorgy\u0171l\u00e9s\u00e9nek eml\u00e9kk\u00f6nyve (Kv., 1931); <strong>ford.:<\/strong> Hadseb\u00e9szeti ir\u00e1nyelvek \/ Walter Oettinger. (Mv., 1915.). <br \/><strong>Irod.:<\/strong> Almanah Tg.M.; Bern\u00e1dy; Csepreghy 2010; Dezs\u0151 Istv\u00e1n; D\u00f6rnyey; F\u00fcl\u00f6p\u2013Ferencz; Genersich; Gy\u00e1szjelent\u0151; Gy\u0151ry; N\u00fa. (2002. j\u00fan. 18.); Id\u0151t\u00e1r 2., 3., 5 \/ 2; Kiss\u2013P.\u2013P.; Kiss Cs. M 4.; KZST 1930; Marosi-KZST; Molter 2.3.; Mv. \u00e9s a h\u00e1bor\u00fa1 Mv.-i R.K. okt. ; R.K. okt. ; Nov\u00e1k Ern\u0151: A m. seb\u00e9szirodalom bibliogr. (Bp., 1939); Osv\u00e1th; \u00d6kr\u00f6s; Popt\u0103ma\u015f\u2013M\u00f3zes; R. K. Okt.\u20131; RMIL; Sipos; Schmidt S\u00e1ndor: Aki a k\u00f6znek \u00e9lt: dr. Sch. B. orvos (N\u00fa., Sz\u00ednes Vil\u00e1g, 2012. dec. 8.); Szab\u00f3 K. Attila; Todea; \u00dcnnepi k\u00f6nyv; V\u00e1rter\u00e9sz Istv\u00e1n: Egy orvos, aki a k\u00f6znek \u00e9lt (V. Z., 1983. m\u00e1rc. 27.); Valori mure\u015fene de patrimoniu.<\/br><\/p>\n","protected":false},"excerpt":{"rendered":"<p>Fels\u0151telekes (Mo.), 1881. aug. 18., \u2020 Bp., 1943. m\u00e1rc. 20. Mv.-en temett\u00e9k: orvos, szerkeszt\u0151, szak\u00edr\u00f3. \u2013 Sch. S\u00e1ndor bp.-i egyetemi tan\u00e1r (1887\u2013?) fia. Feles\u00e9ge: Fall Erzs\u00e9bet gy\u00f3gyszer\u00e9sz (1901 \u2013 Mv., 1986). Fi\u00fak: Sch. S\u00e1ndor. \u2013 K\u00f6z\u00e9piskolai tanulm\u00e1nyait Bp.-en v\u00e9gezte (1899), Bp.-en \u00e9s B\u00e9csben megkezdett tanulm\u00e1nyai ut\u00e1n Kv.-on szerzett orvosi diplom\u00e1t (1905). Bern\u00e1dy Gy\u00f6rgy h\u00edv\u00e1s\u00e1ra a [&hellip;]<\/p>\n","protected":false},"featured_media":0,"comment_status":"open","ping_status":"closed","template":"","meta":[],"product_brand":[],"product_cat":[137],"product_tag":[],"class_list":{"0":"post-19948","1":"product","2":"type-product","3":"status-publish","5":"product_cat-maros-megyei-eletrajzi-lexikon","7":"first","8":"instock","9":"shipping-taxable","10":"product-type-simple"},"_links":{"self":[{"href":"https:\/\/uj.adatbank.ro\/lexikon\/wp-json\/wp\/v2\/product\/19948","targetHints":{"allow":["GET"]}}],"collection":[{"href":"https:\/\/uj.adatbank.ro\/lexikon\/wp-json\/wp\/v2\/product"}],"about":[{"href":"https:\/\/uj.adatbank.ro\/lexikon\/wp-json\/wp\/v2\/types\/product"}],"replies":[{"embeddable":true,"href":"https:\/\/uj.adatbank.ro\/lexikon\/wp-json\/wp\/v2\/comments?post=19948"}],"wp:attachment":[{"href":"https:\/\/uj.adatbank.ro\/lexikon\/wp-json\/wp\/v2\/media?parent=19948"}],"wp:term":[{"taxonomy":"product_brand","embeddable":true,"href":"https:\/\/uj.adatbank.ro\/lexikon\/wp-json\/wp\/v2\/product_brand?post=19948"},{"taxonomy":"product_cat","embeddable":true,"href":"https:\/\/uj.adatbank.ro\/lexikon\/wp-json\/wp\/v2\/product_cat?post=19948"},{"taxonomy":"product_tag","embeddable":true,"href":"https:\/\/uj.adatbank.ro\/lexikon\/wp-json\/wp\/v2\/product_tag?post=19948"}],"curies":[{"name":"wp","href":"https:\/\/api.w.org\/{rel}","templated":true}]}}