{"id":1995,"date":"2025-06-28T12:00:27","date_gmt":"2025-06-28T10:00:27","guid":{"rendered":"https:\/\/uj.adatbank.ro\/lexikon\/termek\/balcescu-nicolae\/"},"modified":"2025-06-28T12:00:27","modified_gmt":"2025-06-28T10:00:27","slug":"balcescu-nicolae","status":"publish","type":"product","link":"https:\/\/uj.adatbank.ro\/lexikon\/termek\/balcescu-nicolae\/","title":{"rendered":"B\u0102LCESCU Nicolae"},"content":{"rendered":"<p>1819, \u2020 1852.: t\u00f6rt\u00e9n\u00e9sz. \u2013 Az1848-as forradalom 120. \u00e9vfordul\u00f3j\u00e1n avatt\u00e1k fel Mv.-en (1968), a Gy\u0151zelem (Victoriei) t\u00e9ren a mellszobr\u00e1t, Andrei Ostap<\/br><\/p>\n","protected":false},"excerpt":{"rendered":"<p>1819, \u2020 1852.: t\u00f6rt\u00e9n\u00e9sz. \u2013 Az1848-as forradalom 120. \u00e9vfordul\u00f3j\u00e1n avatt\u00e1k fel Mv.-en (1968), a Gy\u0151zelem (Victoriei) t\u00e9ren a mellszobr\u00e1t, Andrei Ostap<\/p>\n","protected":false},"featured_media":0,"comment_status":"open","ping_status":"closed","template":"","meta":[],"product_brand":[],"product_cat":[137],"product_tag":[],"class_list":{"0":"post-1995","1":"product","2":"type-product","3":"status-publish","5":"product_cat-maros-megyei-eletrajzi-lexikon","7":"first","8":"instock","9":"shipping-taxable","10":"product-type-simple"},"_links":{"self":[{"href":"https:\/\/uj.adatbank.ro\/lexikon\/wp-json\/wp\/v2\/product\/1995","targetHints":{"allow":["GET"]}}],"collection":[{"href":"https:\/\/uj.adatbank.ro\/lexikon\/wp-json\/wp\/v2\/product"}],"about":[{"href":"https:\/\/uj.adatbank.ro\/lexikon\/wp-json\/wp\/v2\/types\/product"}],"replies":[{"embeddable":true,"href":"https:\/\/uj.adatbank.ro\/lexikon\/wp-json\/wp\/v2\/comments?post=1995"}],"wp:attachment":[{"href":"https:\/\/uj.adatbank.ro\/lexikon\/wp-json\/wp\/v2\/media?parent=1995"}],"wp:term":[{"taxonomy":"product_brand","embeddable":true,"href":"https:\/\/uj.adatbank.ro\/lexikon\/wp-json\/wp\/v2\/product_brand?post=1995"},{"taxonomy":"product_cat","embeddable":true,"href":"https:\/\/uj.adatbank.ro\/lexikon\/wp-json\/wp\/v2\/product_cat?post=1995"},{"taxonomy":"product_tag","embeddable":true,"href":"https:\/\/uj.adatbank.ro\/lexikon\/wp-json\/wp\/v2\/product_tag?post=1995"}],"curies":[{"name":"wp","href":"https:\/\/api.w.org\/{rel}","templated":true}]}}