{"id":19951,"date":"2025-07-22T18:31:07","date_gmt":"2025-07-22T16:31:07","guid":{"rendered":"https:\/\/uj.adatbank.ro\/lexikon\/termek\/schmidt-herman\/"},"modified":"2025-07-22T18:31:07","modified_gmt":"2025-07-22T16:31:07","slug":"schmidt-herman","status":"publish","type":"product","link":"https:\/\/uj.adatbank.ro\/lexikon\/termek\/schmidt-herman\/","title":{"rendered":"SCHMIDT Herman"},"content":{"rendered":"<p>1849?, \u2020\u00a0Mv., 1883. j\u00fal. 12.: \u00fcgyv\u00e9d. \u2013 Anyja: Sch. Charlotte, Lindinger akad. tan\u00e1r \u00f6zvegye. Testv\u00e9re: Sch. Guszt\u00e1v, gimn. tan\u00e1r. Feles\u00e9ge: Henrich Louise. \u2013 Mv.-i hites \u00fcgyv\u00e9d. <br \/><strong>Irod.:<\/strong> Gy\u00e1szjelent\u0151.<\/br><\/p>\n","protected":false},"excerpt":{"rendered":"<p>1849?, \u2020\u00a0Mv., 1883. j\u00fal. 12.: \u00fcgyv\u00e9d. \u2013 Anyja: Sch. Charlotte, Lindinger akad. tan\u00e1r \u00f6zvegye. Testv\u00e9re: Sch. Guszt\u00e1v, gimn. tan\u00e1r. Feles\u00e9ge: Henrich Louise. \u2013 Mv.-i hites \u00fcgyv\u00e9d. Irod.: Gy\u00e1szjelent\u0151.<\/p>\n","protected":false},"featured_media":0,"comment_status":"open","ping_status":"closed","template":"","meta":[],"product_brand":[],"product_cat":[137],"product_tag":[],"class_list":{"0":"post-19951","1":"product","2":"type-product","3":"status-publish","5":"product_cat-maros-megyei-eletrajzi-lexikon","7":"first","8":"instock","9":"shipping-taxable","10":"product-type-simple"},"_links":{"self":[{"href":"https:\/\/uj.adatbank.ro\/lexikon\/wp-json\/wp\/v2\/product\/19951","targetHints":{"allow":["GET"]}}],"collection":[{"href":"https:\/\/uj.adatbank.ro\/lexikon\/wp-json\/wp\/v2\/product"}],"about":[{"href":"https:\/\/uj.adatbank.ro\/lexikon\/wp-json\/wp\/v2\/types\/product"}],"replies":[{"embeddable":true,"href":"https:\/\/uj.adatbank.ro\/lexikon\/wp-json\/wp\/v2\/comments?post=19951"}],"wp:attachment":[{"href":"https:\/\/uj.adatbank.ro\/lexikon\/wp-json\/wp\/v2\/media?parent=19951"}],"wp:term":[{"taxonomy":"product_brand","embeddable":true,"href":"https:\/\/uj.adatbank.ro\/lexikon\/wp-json\/wp\/v2\/product_brand?post=19951"},{"taxonomy":"product_cat","embeddable":true,"href":"https:\/\/uj.adatbank.ro\/lexikon\/wp-json\/wp\/v2\/product_cat?post=19951"},{"taxonomy":"product_tag","embeddable":true,"href":"https:\/\/uj.adatbank.ro\/lexikon\/wp-json\/wp\/v2\/product_tag?post=19951"}],"curies":[{"name":"wp","href":"https:\/\/api.w.org\/{rel}","templated":true}]}}