{"id":19953,"date":"2025-07-22T18:31:10","date_gmt":"2025-07-22T16:31:10","guid":{"rendered":"https:\/\/uj.adatbank.ro\/lexikon\/termek\/schmidt-istvan-dr\/"},"modified":"2025-07-22T18:31:10","modified_gmt":"2025-07-22T16:31:10","slug":"schmidt-istvan-dr","status":"publish","type":"product","link":"https:\/\/uj.adatbank.ro\/lexikon\/termek\/schmidt-istvan-dr\/","title":{"rendered":"SCHMIDT Istv\u00e1n, dr."},"content":{"rendered":"<p>Sz\u00e1szr\u00e9gen, 1916. aug. 20. \u2020?: t. husz\u00e1rz\u00e1szl\u00f3s, jog\u00e1sz, Sz\u00e1szr\u00e9gen polg\u00e1rmestere. \u2013 T\u00e9nyleges katonai szolg\u00e1latot teljes\u00edtett a rom\u00e1n hadsereg 7. lovasezred\u00e9ben (1937\u201340). Kv.-on a IX. \u00f6n\u00e1ll\u00f3 husz\u00e1rsz\u00e1zadn\u00e1l tartal\u00e9kos tiszti \u00e1tk\u00e9pz\u0151 tanfolyamon vett r\u00e9szt (1941. m\u00e1rc. \u2013 j\u00fal.). A jogi okl.-t is Kv.-on szerezte. Cegl\u00e9dre h\u00edvt\u00e1k be a 2. husz\u00e1rezredhez (1941. szept.\u2013). A d\u00e9lvid\u00e9ki hadm\u0171veletben a lovassz\u00e1zad parancsnoka volt (1941. \u00e1pr.), majd tartal\u00e9kos z\u00e1szl\u00f3ss\u00e1 l\u00e9ptett\u00e9k el\u0151 (1942. \u00e1pr.). Azut\u00e1n a 26. felder\u00edt\u0151oszt\u00e1ly husz\u00e1rsz\u00e1zad\u00e1ban szolg\u00e1lt (1943. aug. \u2013 44. j\u00fal.). Ezt k\u00f6vet\u0151en a szatm\u00e1rn\u00e9meti m\u00e9ntelephez vez\u00e9nyelt\u00e9k, mellyel a front mozg\u00e1s\u00e1t k\u00f6vetve fokozatosan osztr\u00e1k ter\u00fcletre szorult ki. Wels k\u00f6rny\u00e9k\u00e9n amerikai fogs\u00e1gba esett (1945. m\u00e1j.\u2013okt.). Az \u00fan. FM-perben koholt v\u00e1dak alapj\u00e1n 8 \u00e9v fegyh\u00e1zb\u00fcntet\u00e9sre \u00edt\u00e9lt\u00e9k, ahonnan kiszabadult (1955. \u00e1pr. 5.). <br \/><strong>Irod.:<\/strong> Bene\u2013Szab\u00f3.<\/br><\/p>\n","protected":false},"excerpt":{"rendered":"<p>Sz\u00e1szr\u00e9gen, 1916. aug. 20. \u2020?: t. husz\u00e1rz\u00e1szl\u00f3s, jog\u00e1sz, Sz\u00e1szr\u00e9gen polg\u00e1rmestere. \u2013 T\u00e9nyleges katonai szolg\u00e1latot teljes\u00edtett a rom\u00e1n hadsereg 7. lovasezred\u00e9ben (1937\u201340). Kv.-on a IX. \u00f6n\u00e1ll\u00f3 husz\u00e1rsz\u00e1zadn\u00e1l tartal\u00e9kos tiszti \u00e1tk\u00e9pz\u0151 tanfolyamon vett r\u00e9szt (1941. m\u00e1rc. \u2013 j\u00fal.). A jogi okl.-t is Kv.-on szerezte. Cegl\u00e9dre h\u00edvt\u00e1k be a 2. husz\u00e1rezredhez (1941. szept.\u2013). A d\u00e9lvid\u00e9ki hadm\u0171veletben a lovassz\u00e1zad [&hellip;]<\/p>\n","protected":false},"featured_media":0,"comment_status":"open","ping_status":"closed","template":"","meta":[],"product_brand":[],"product_cat":[137],"product_tag":[],"class_list":{"0":"post-19953","1":"product","2":"type-product","3":"status-publish","5":"product_cat-maros-megyei-eletrajzi-lexikon","7":"first","8":"instock","9":"shipping-taxable","10":"product-type-simple"},"_links":{"self":[{"href":"https:\/\/uj.adatbank.ro\/lexikon\/wp-json\/wp\/v2\/product\/19953","targetHints":{"allow":["GET"]}}],"collection":[{"href":"https:\/\/uj.adatbank.ro\/lexikon\/wp-json\/wp\/v2\/product"}],"about":[{"href":"https:\/\/uj.adatbank.ro\/lexikon\/wp-json\/wp\/v2\/types\/product"}],"replies":[{"embeddable":true,"href":"https:\/\/uj.adatbank.ro\/lexikon\/wp-json\/wp\/v2\/comments?post=19953"}],"wp:attachment":[{"href":"https:\/\/uj.adatbank.ro\/lexikon\/wp-json\/wp\/v2\/media?parent=19953"}],"wp:term":[{"taxonomy":"product_brand","embeddable":true,"href":"https:\/\/uj.adatbank.ro\/lexikon\/wp-json\/wp\/v2\/product_brand?post=19953"},{"taxonomy":"product_cat","embeddable":true,"href":"https:\/\/uj.adatbank.ro\/lexikon\/wp-json\/wp\/v2\/product_cat?post=19953"},{"taxonomy":"product_tag","embeddable":true,"href":"https:\/\/uj.adatbank.ro\/lexikon\/wp-json\/wp\/v2\/product_tag?post=19953"}],"curies":[{"name":"wp","href":"https:\/\/api.w.org\/{rel}","templated":true}]}}