{"id":19956,"date":"2025-07-22T18:31:16","date_gmt":"2025-07-22T16:31:16","guid":{"rendered":"https:\/\/uj.adatbank.ro\/lexikon\/termek\/schmidt-karoly\/"},"modified":"2025-07-22T18:31:16","modified_gmt":"2025-07-22T16:31:16","slug":"schmidt-karoly","status":"publish","type":"product","link":"https:\/\/uj.adatbank.ro\/lexikon\/termek\/schmidt-karoly\/","title":{"rendered":"SCHMIDT K\u00e1roly"},"content":{"rendered":"<p>Brass\u00f3, 1893. \u2020 Mv., 1982. m\u00e1j.16.: vegy\u00e9szm\u00e9rn\u00f6k. \u2013 Gyermekei: Ir\u00e9n Imreh Ern\u0151n\u00e9 (Mv., 1923. j\u00fal. 11. \u2013 Mv., 2002. m\u00e1j.); K\u00e1roly (Mv., 1925. m\u00e1rc. 29.\u2013) gyermekorvos Bp.-en; B\u00e9la Zolt\u00e1n (Mv., 1927. \u00e1pr. 11. \u2013 Wales (Egyes\u00fclt Kir\u00e1lys\u00e1g, 2010. \u00e1pr. 9. Mv.-en temett\u00e9k). \u2013 A mv.-i Cukorgy\u00e1r f\u0151int\u00e9z\u0151je. \u2013 Csehszlov\u00e1k \u00e1llampolg\u00e1rs\u00e1g\u00fa cukorgy\u00e1rt\u00f3 szakember (1924-ben m\u00e1r Mv.-en dolgozott), akit a szakma legjobbjai k\u00f6z\u00e9 soroltak, ez\u00e9rt vett r\u00e9szt a Mv.-i Cukorgy\u00e1r ir\u00e1ny\u00edt\u00e1s\u00e1ban (az 1930-as \u00e9vek v\u00e9g\u00e9t\u0151l). A II.\u00a0vh. kit\u00f6r\u00e9se ut\u00e1n a gy\u00e1r komoly er\u0151fesz\u00edt\u00e9seket tett idegen \u00e1llampolg\u00e1rs\u00e1g\u00fa szakemberei itt-tart\u00f3zkod\u00e1si enged\u00e9ly\u00e9nek a meghosszabb\u00edt\u00e1s\u00e1\u00e9rt (1939). <br \/><strong>Irod.:<\/strong> Almanah Tg.\u00a0M.; Bodolai Gy\u00f6ngyi: \u00c9des \u00e9let? Volt egyszer egy cukorgy\u00e1r (N\u00fa, 2013. jan. 31.; 2013. febr. 7.); Ferenczi; [Nekrol\u00f3g] (V. Z., 1982. m\u00e1j. 18.); Nekrol\u00f3g Schmidt B\u00e9la Zolt\u00e1n (N\u00fa., 2010. j\u00fan. 4.).<\/br><\/p>\n","protected":false},"excerpt":{"rendered":"<p>Brass\u00f3, 1893. \u2020 Mv., 1982. m\u00e1j.16.: vegy\u00e9szm\u00e9rn\u00f6k. \u2013 Gyermekei: Ir\u00e9n Imreh Ern\u0151n\u00e9 (Mv., 1923. j\u00fal. 11. \u2013 Mv., 2002. m\u00e1j.); K\u00e1roly (Mv., 1925. m\u00e1rc. 29.\u2013) gyermekorvos Bp.-en; B\u00e9la Zolt\u00e1n (Mv., 1927. \u00e1pr. 11. \u2013 Wales (Egyes\u00fclt Kir\u00e1lys\u00e1g, 2010. \u00e1pr. 9. Mv.-en temett\u00e9k). \u2013 A mv.-i Cukorgy\u00e1r f\u0151int\u00e9z\u0151je. \u2013 Csehszlov\u00e1k \u00e1llampolg\u00e1rs\u00e1g\u00fa cukorgy\u00e1rt\u00f3 szakember (1924-ben m\u00e1r Mv.-en [&hellip;]<\/p>\n","protected":false},"featured_media":0,"comment_status":"open","ping_status":"closed","template":"","meta":[],"product_brand":[],"product_cat":[137],"product_tag":[],"class_list":{"0":"post-19956","1":"product","2":"type-product","3":"status-publish","5":"product_cat-maros-megyei-eletrajzi-lexikon","7":"first","8":"instock","9":"shipping-taxable","10":"product-type-simple"},"_links":{"self":[{"href":"https:\/\/uj.adatbank.ro\/lexikon\/wp-json\/wp\/v2\/product\/19956","targetHints":{"allow":["GET"]}}],"collection":[{"href":"https:\/\/uj.adatbank.ro\/lexikon\/wp-json\/wp\/v2\/product"}],"about":[{"href":"https:\/\/uj.adatbank.ro\/lexikon\/wp-json\/wp\/v2\/types\/product"}],"replies":[{"embeddable":true,"href":"https:\/\/uj.adatbank.ro\/lexikon\/wp-json\/wp\/v2\/comments?post=19956"}],"wp:attachment":[{"href":"https:\/\/uj.adatbank.ro\/lexikon\/wp-json\/wp\/v2\/media?parent=19956"}],"wp:term":[{"taxonomy":"product_brand","embeddable":true,"href":"https:\/\/uj.adatbank.ro\/lexikon\/wp-json\/wp\/v2\/product_brand?post=19956"},{"taxonomy":"product_cat","embeddable":true,"href":"https:\/\/uj.adatbank.ro\/lexikon\/wp-json\/wp\/v2\/product_cat?post=19956"},{"taxonomy":"product_tag","embeddable":true,"href":"https:\/\/uj.adatbank.ro\/lexikon\/wp-json\/wp\/v2\/product_tag?post=19956"}],"curies":[{"name":"wp","href":"https:\/\/api.w.org\/{rel}","templated":true}]}}