{"id":19957,"date":"2025-07-22T18:31:18","date_gmt":"2025-07-22T16:31:18","guid":{"rendered":"https:\/\/uj.adatbank.ro\/lexikon\/termek\/schmidt-konstantin\/"},"modified":"2025-07-22T18:31:18","modified_gmt":"2025-07-22T16:31:18","slug":"schmidt-konstantin","status":"publish","type":"product","link":"https:\/\/uj.adatbank.ro\/lexikon\/termek\/schmidt-konstantin\/","title":{"rendered":"SCHMIDT Konstantin"},"content":{"rendered":"<p>? \u2020?: k\u0151m\u0171ves pall\u00e9r, \u00e9p\u00edt\u00e9sz. \u2013 S. P\u00e1l fia. \u2013 A 18. sz. m\u00e1sodik fel\u00e9ben m\u0171k\u00f6d\u00f6tt, a Ref. Koll. \u00e9p\u00fclete (1803), a gernyeszegi kast\u00e9ly befejez\u00e9se (1772\u20131803) tartozik munk\u00e1i k\u00f6z\u00e9. R\u00e9szt vett a Kir. T\u00e1bla sz\u00e9kh\u00e1z\u00e1nak jav\u00edt\u00e1si munk\u00e1lataiban (1799), az ablakrost\u00e9lyokat k\u0151keretbe foglalta. A katonai hat\u00f3s\u00e1gok megrendel\u00e9s\u00e9re elk\u00e9sz\u00edtette n\u00e9h\u00e1ny v\u00e1rbeli b\u00e1stya \u00e1t\u00e9p\u00edt\u00e9si terv\u00e9t (1798\u201399). A s\u00falyosan elad\u00f3sodott pall\u00e9r azonban 1803 janu\u00e1rj\u00e1ban a reform\u00e1tus koll\u00e9giumt\u00f3l felvett el\u0151leggel a zseb\u00e9ben elt\u0171nt a v\u00e1rosb\u00f3l. <br \/><strong>Irod.:<\/strong> Maros megye; Moln\u00e1r Orb\u00e1n J\u00e1nos: A Kir. T\u00e1bla els\u0151 k\u00e9t Mv.-i sz\u00e9kh\u00e1za = St\u00edlusok, m\u0171vek, mesterek.<\/br><\/p>\n","protected":false},"excerpt":{"rendered":"<p>? \u2020?: k\u0151m\u0171ves pall\u00e9r, \u00e9p\u00edt\u00e9sz. \u2013 S. P\u00e1l fia. \u2013 A 18. sz. m\u00e1sodik fel\u00e9ben m\u0171k\u00f6d\u00f6tt, a Ref. Koll. \u00e9p\u00fclete (1803), a gernyeszegi kast\u00e9ly befejez\u00e9se (1772\u20131803) tartozik munk\u00e1i k\u00f6z\u00e9. R\u00e9szt vett a Kir. T\u00e1bla sz\u00e9kh\u00e1z\u00e1nak jav\u00edt\u00e1si munk\u00e1lataiban (1799), az ablakrost\u00e9lyokat k\u0151keretbe foglalta. A katonai hat\u00f3s\u00e1gok megrendel\u00e9s\u00e9re elk\u00e9sz\u00edtette n\u00e9h\u00e1ny v\u00e1rbeli b\u00e1stya \u00e1t\u00e9p\u00edt\u00e9si terv\u00e9t (1798\u201399). A s\u00falyosan [&hellip;]<\/p>\n","protected":false},"featured_media":0,"comment_status":"open","ping_status":"closed","template":"","meta":[],"product_brand":[],"product_cat":[137],"product_tag":[],"class_list":{"0":"post-19957","1":"product","2":"type-product","3":"status-publish","5":"product_cat-maros-megyei-eletrajzi-lexikon","7":"first","8":"instock","9":"shipping-taxable","10":"product-type-simple"},"_links":{"self":[{"href":"https:\/\/uj.adatbank.ro\/lexikon\/wp-json\/wp\/v2\/product\/19957","targetHints":{"allow":["GET"]}}],"collection":[{"href":"https:\/\/uj.adatbank.ro\/lexikon\/wp-json\/wp\/v2\/product"}],"about":[{"href":"https:\/\/uj.adatbank.ro\/lexikon\/wp-json\/wp\/v2\/types\/product"}],"replies":[{"embeddable":true,"href":"https:\/\/uj.adatbank.ro\/lexikon\/wp-json\/wp\/v2\/comments?post=19957"}],"wp:attachment":[{"href":"https:\/\/uj.adatbank.ro\/lexikon\/wp-json\/wp\/v2\/media?parent=19957"}],"wp:term":[{"taxonomy":"product_brand","embeddable":true,"href":"https:\/\/uj.adatbank.ro\/lexikon\/wp-json\/wp\/v2\/product_brand?post=19957"},{"taxonomy":"product_cat","embeddable":true,"href":"https:\/\/uj.adatbank.ro\/lexikon\/wp-json\/wp\/v2\/product_cat?post=19957"},{"taxonomy":"product_tag","embeddable":true,"href":"https:\/\/uj.adatbank.ro\/lexikon\/wp-json\/wp\/v2\/product_tag?post=19957"}],"curies":[{"name":"wp","href":"https:\/\/api.w.org\/{rel}","templated":true}]}}