{"id":19959,"date":"2025-07-22T18:31:23","date_gmt":"2025-07-22T16:31:23","guid":{"rendered":"https:\/\/uj.adatbank.ro\/lexikon\/termek\/schmidt-pal-schmidt-paul\/"},"modified":"2025-07-22T18:31:23","modified_gmt":"2025-07-22T16:31:23","slug":"schmidt-pal-schmidt-paul","status":"publish","type":"product","link":"https:\/\/uj.adatbank.ro\/lexikon\/termek\/schmidt-pal-schmidt-paul\/","title":{"rendered":"SCHMIDT P\u00e1l, Schmidt Paul"},"content":{"rendered":"<p>T\u00f6lz (Bajororsz\u00e1g), 1732, \u2020\u00a0Mv., 1789.: k\u0151m\u0171vespall\u00e9r, \u00e9p\u00edt\u0151mester. \u2013 Bajoro.-b\u00f3l ker\u00fclt Mv.-re, ahol el\u0151bb Toldalagi L\u00e1szl\u00f3 foglalkoztatta, majd Teleki L\u00e1szl\u00f3 \u00e9s rokonai dolgoztattak vele. A Toldalagi \u00e9s a Teleki gr\u00f3fok h\u00edvt\u00e1k meg Mv.-re, ahol 30 \u00e9vig (1763\u20131789) vezette a v\u00e1rosi \u00f6nkorm\u00e1nyzat \u00f6sszes jelent\u0151s \u00e9p\u00edtkez\u00e9s\u00e9t, val\u00f3s\u00e1ggal monopoliz\u00e1lta a helyi \u00e9p\u00edt\u0151ipart. F\u0151 m\u0171vei: a volt v\u00e1rosi fogad\u00f3 (R\u00f3zs\u00e1k tere, 58. sz.; 1785-ben kezdte \u00e9p\u00edteni), a Toldalagi palota Jean Louidorral (1759\u201372); Teleki L\u00e1szl\u00f3 gr. h\u00e1za, aki megv\u00e1s\u00e1rolta a K\u00f6peczi h\u00e1zat a Borb\u00e9ly csal\u00e1dt\u00f3l (1756), majd \u00e1t\u00e9p\u00edttette S. P. tervei alapj\u00e1n (1763\u201368); Gernyeszegen a Teleki kast\u00e9ly neobarokk st\u00edlusban (1772\u20131803), S\u00e1rpatakon (1777\u201379) a barokk kast\u00e9ly k\u00f6z\u00f6sen fi\u00e1val, Konstantinnal; a s\u00e1romberki templom. Dolgozott a Kir. T\u00e1bla els\u0151 sz\u00e9kh\u00e1z\u00e1nak karbantart\u00e1si, \u00e1talak\u00edt\u00e1si, jav\u00edt\u00e1si munk\u00e1latain is (1778, 1781, 1785). M\u00e1s erd\u00e9lyi v\u00e1rosokban (Udvarhely, Nagyenyed, Gyulafeh\u00e9rv\u00e1r, Beszterce, Erzs\u00e9betv\u00e1ros, Kolozsv\u00e1r) is komoly megrendel\u00e9sekhez jutott. <br \/><strong>Irod.:<\/strong> Bir\u00f3; Bir\u00f3 J\u00f3zsef: A gernyeszegi Teleki kast\u00e9ly (Bp., 1938); Castellum \u00c9rtes\u00edt\u0151 (2001, 6. sz.); Fekete; Id\u0151t\u00e1r 1; Imreh; K.L. M\u0171v. t\u00f6rt. tan. 2.; K\u00f6nyvek \u00e1ltal\u2026; Man: Tg. M. 1; Moln\u00e1r; Mv.-Bal\u00e1s; Nagy-Bod\u00f3 Tibor: A Telekiek \u0151si f\u00e9szke (K\u00f6zpont, 2016. j\u00fan. 16\u201322.); Orb\u00e1n J\u00e1nos: Egy erd\u00e9lyi kast\u00e9lylelt\u00e1r 1787-b\u0151l (Korunk, 12. sz., 2005); Orb\u00e1n J\u00e1nos: A Kir\u00e1lyi T\u00e1bla els\u0151 k\u00e9t mv.-i sz\u00e9kh\u00e1za = St\u00edlusok, m\u0171vek, mesterek; S\u00e1romberke; Sz\u00e9pr\u00e9ti: R\u00e9gi \u00e9s \u00faj vil\u00e1g; \u00daIL.<\/br><\/p>\n","protected":false},"excerpt":{"rendered":"<p>T\u00f6lz (Bajororsz\u00e1g), 1732, \u2020\u00a0Mv., 1789.: k\u0151m\u0171vespall\u00e9r, \u00e9p\u00edt\u0151mester. \u2013 Bajoro.-b\u00f3l ker\u00fclt Mv.-re, ahol el\u0151bb Toldalagi L\u00e1szl\u00f3 foglalkoztatta, majd Teleki L\u00e1szl\u00f3 \u00e9s rokonai dolgoztattak vele. A Toldalagi \u00e9s a Teleki gr\u00f3fok h\u00edvt\u00e1k meg Mv.-re, ahol 30 \u00e9vig (1763\u20131789) vezette a v\u00e1rosi \u00f6nkorm\u00e1nyzat \u00f6sszes jelent\u0151s \u00e9p\u00edtkez\u00e9s\u00e9t, val\u00f3s\u00e1ggal monopoliz\u00e1lta a helyi \u00e9p\u00edt\u0151ipart. F\u0151 m\u0171vei: a volt v\u00e1rosi fogad\u00f3 (R\u00f3zs\u00e1k [&hellip;]<\/p>\n","protected":false},"featured_media":0,"comment_status":"open","ping_status":"closed","template":"","meta":[],"product_brand":[],"product_cat":[137],"product_tag":[],"class_list":{"0":"post-19959","1":"product","2":"type-product","3":"status-publish","5":"product_cat-maros-megyei-eletrajzi-lexikon","7":"first","8":"instock","9":"shipping-taxable","10":"product-type-simple"},"_links":{"self":[{"href":"https:\/\/uj.adatbank.ro\/lexikon\/wp-json\/wp\/v2\/product\/19959","targetHints":{"allow":["GET"]}}],"collection":[{"href":"https:\/\/uj.adatbank.ro\/lexikon\/wp-json\/wp\/v2\/product"}],"about":[{"href":"https:\/\/uj.adatbank.ro\/lexikon\/wp-json\/wp\/v2\/types\/product"}],"replies":[{"embeddable":true,"href":"https:\/\/uj.adatbank.ro\/lexikon\/wp-json\/wp\/v2\/comments?post=19959"}],"wp:attachment":[{"href":"https:\/\/uj.adatbank.ro\/lexikon\/wp-json\/wp\/v2\/media?parent=19959"}],"wp:term":[{"taxonomy":"product_brand","embeddable":true,"href":"https:\/\/uj.adatbank.ro\/lexikon\/wp-json\/wp\/v2\/product_brand?post=19959"},{"taxonomy":"product_cat","embeddable":true,"href":"https:\/\/uj.adatbank.ro\/lexikon\/wp-json\/wp\/v2\/product_cat?post=19959"},{"taxonomy":"product_tag","embeddable":true,"href":"https:\/\/uj.adatbank.ro\/lexikon\/wp-json\/wp\/v2\/product_tag?post=19959"}],"curies":[{"name":"wp","href":"https:\/\/api.w.org\/{rel}","templated":true}]}}