{"id":19960,"date":"2025-07-22T18:31:25","date_gmt":"2025-07-22T16:31:25","guid":{"rendered":"https:\/\/uj.adatbank.ro\/lexikon\/termek\/schmidt-robert\/"},"modified":"2025-07-22T18:31:25","modified_gmt":"2025-07-22T16:31:25","slug":"schmidt-robert","status":"publish","type":"product","link":"https:\/\/uj.adatbank.ro\/lexikon\/termek\/schmidt-robert\/","title":{"rendered":"SCHMIDT Robert"},"content":{"rendered":"<p>Segesv\u00e1r, 1858. nov.1., \u2020 B\u00e9cs, 1901. j\u00fal. 10.: tan\u00e1r, orvos. \u2013 Tanult Segesv\u00e1ron az ottani f\u0151gimn.-ban (1876-ban), a teol\u00f3gi\u00e1t \u00e9s klasszika filol\u00f3gi\u00e1t B\u00e9csben (1876\u201377) \u00e9s T\u00fcbingenben (1877\u201379) hallgatta. Hazat\u00e9rve (1879), seg\u00e9dtan\u00e1r (1881. aug. 14. \u2013) volt a segesv\u00e1ri gimn.-ban. Betegesked\u00e9se miatt nyugalomba helyezt\u00e9k (1891. jan. 1.). Ekkor B\u00e9csbe ment, ahol orvostudom\u00e1nyokat hallgatott \u00e9s orvosi oklevelet szerzett (doktor\u00e1lt 1898). Cikke a segesv\u00e1ri \u00e1g. evang. f\u0151gymnasium Programmj\u00e1ban (1888. Das geometrische Zeichnen in der ersten Klasse des Gymnasiums). <br \/><strong>Irod.:<\/strong> Szab\u00f3\u2013Simon\u2013Sz\u00f6gi; Szinnyei.<\/br><\/p>\n","protected":false},"excerpt":{"rendered":"<p>Segesv\u00e1r, 1858. nov.1., \u2020 B\u00e9cs, 1901. j\u00fal. 10.: tan\u00e1r, orvos. \u2013 Tanult Segesv\u00e1ron az ottani f\u0151gimn.-ban (1876-ban), a teol\u00f3gi\u00e1t \u00e9s klasszika filol\u00f3gi\u00e1t B\u00e9csben (1876\u201377) \u00e9s T\u00fcbingenben (1877\u201379) hallgatta. Hazat\u00e9rve (1879), seg\u00e9dtan\u00e1r (1881. aug. 14. \u2013) volt a segesv\u00e1ri gimn.-ban. Betegesked\u00e9se miatt nyugalomba helyezt\u00e9k (1891. jan. 1.). Ekkor B\u00e9csbe ment, ahol orvostudom\u00e1nyokat hallgatott \u00e9s orvosi oklevelet [&hellip;]<\/p>\n","protected":false},"featured_media":0,"comment_status":"open","ping_status":"closed","template":"","meta":[],"product_brand":[],"product_cat":[137],"product_tag":[],"class_list":{"0":"post-19960","1":"product","2":"type-product","3":"status-publish","5":"product_cat-maros-megyei-eletrajzi-lexikon","7":"first","8":"instock","9":"shipping-taxable","10":"product-type-simple"},"_links":{"self":[{"href":"https:\/\/uj.adatbank.ro\/lexikon\/wp-json\/wp\/v2\/product\/19960","targetHints":{"allow":["GET"]}}],"collection":[{"href":"https:\/\/uj.adatbank.ro\/lexikon\/wp-json\/wp\/v2\/product"}],"about":[{"href":"https:\/\/uj.adatbank.ro\/lexikon\/wp-json\/wp\/v2\/types\/product"}],"replies":[{"embeddable":true,"href":"https:\/\/uj.adatbank.ro\/lexikon\/wp-json\/wp\/v2\/comments?post=19960"}],"wp:attachment":[{"href":"https:\/\/uj.adatbank.ro\/lexikon\/wp-json\/wp\/v2\/media?parent=19960"}],"wp:term":[{"taxonomy":"product_brand","embeddable":true,"href":"https:\/\/uj.adatbank.ro\/lexikon\/wp-json\/wp\/v2\/product_brand?post=19960"},{"taxonomy":"product_cat","embeddable":true,"href":"https:\/\/uj.adatbank.ro\/lexikon\/wp-json\/wp\/v2\/product_cat?post=19960"},{"taxonomy":"product_tag","embeddable":true,"href":"https:\/\/uj.adatbank.ro\/lexikon\/wp-json\/wp\/v2\/product_tag?post=19960"}],"curies":[{"name":"wp","href":"https:\/\/api.w.org\/{rel}","templated":true}]}}