{"id":19961,"date":"2025-07-22T18:31:27","date_gmt":"2025-07-22T16:31:27","guid":{"rendered":"https:\/\/uj.adatbank.ro\/lexikon\/termek\/schmidt-rudolf\/"},"modified":"2025-07-22T18:31:27","modified_gmt":"2025-07-22T16:31:27","slug":"schmidt-rudolf","status":"publish","type":"product","link":"https:\/\/uj.adatbank.ro\/lexikon\/termek\/schmidt-rudolf\/","title":{"rendered":"SCHMIDT Rudolf"},"content":{"rendered":"<p>Segesv\u00e1r, 1839. m\u00e1rc. 29., \u2020?: tan\u00e1r. \u2013 A gimn.-ot Segesv\u00e1rt v\u00e9gezte (1858), azut\u00e1n a j\u00e9nai \u00e9s t\u00fcbingeni egyetemet l\u00e1togatta a classica philologia szakon. A segesv\u00e1ri f\u0151gimn. tan\u00e1ra (1863\u2013). Cikke a segesv\u00e1ri \u00e1g. evang. f\u0151gimn. Programmj\u00e1ban (1876. De rationibus quibusdam quae efficiant, ut C. Cornelii Taciti opera tanti in historia literarum sunt momenti). <br \/><strong>Irod.:<\/strong> A mo.-i k\u00f6z\u00e9piskol\u00e1kban 1850\u201355 megjelent \u00f6sszes programm\u00e9rtekez\u00e9seknek repert\u00f3riuma (Bp., 1887); Szinnyei.<\/br><\/p>\n","protected":false},"excerpt":{"rendered":"<p>Segesv\u00e1r, 1839. m\u00e1rc. 29., \u2020?: tan\u00e1r. \u2013 A gimn.-ot Segesv\u00e1rt v\u00e9gezte (1858), azut\u00e1n a j\u00e9nai \u00e9s t\u00fcbingeni egyetemet l\u00e1togatta a classica philologia szakon. A segesv\u00e1ri f\u0151gimn. tan\u00e1ra (1863\u2013). Cikke a segesv\u00e1ri \u00e1g. evang. f\u0151gimn. Programmj\u00e1ban (1876. De rationibus quibusdam quae efficiant, ut C. Cornelii Taciti opera tanti in historia literarum sunt momenti). Irod.: A mo.-i [&hellip;]<\/p>\n","protected":false},"featured_media":0,"comment_status":"open","ping_status":"closed","template":"","meta":[],"product_brand":[],"product_cat":[137],"product_tag":[],"class_list":{"0":"post-19961","1":"product","2":"type-product","3":"status-publish","5":"product_cat-maros-megyei-eletrajzi-lexikon","7":"first","8":"instock","9":"shipping-taxable","10":"product-type-simple"},"_links":{"self":[{"href":"https:\/\/uj.adatbank.ro\/lexikon\/wp-json\/wp\/v2\/product\/19961","targetHints":{"allow":["GET"]}}],"collection":[{"href":"https:\/\/uj.adatbank.ro\/lexikon\/wp-json\/wp\/v2\/product"}],"about":[{"href":"https:\/\/uj.adatbank.ro\/lexikon\/wp-json\/wp\/v2\/types\/product"}],"replies":[{"embeddable":true,"href":"https:\/\/uj.adatbank.ro\/lexikon\/wp-json\/wp\/v2\/comments?post=19961"}],"wp:attachment":[{"href":"https:\/\/uj.adatbank.ro\/lexikon\/wp-json\/wp\/v2\/media?parent=19961"}],"wp:term":[{"taxonomy":"product_brand","embeddable":true,"href":"https:\/\/uj.adatbank.ro\/lexikon\/wp-json\/wp\/v2\/product_brand?post=19961"},{"taxonomy":"product_cat","embeddable":true,"href":"https:\/\/uj.adatbank.ro\/lexikon\/wp-json\/wp\/v2\/product_cat?post=19961"},{"taxonomy":"product_tag","embeddable":true,"href":"https:\/\/uj.adatbank.ro\/lexikon\/wp-json\/wp\/v2\/product_tag?post=19961"}],"curies":[{"name":"wp","href":"https:\/\/api.w.org\/{rel}","templated":true}]}}