{"id":19962,"date":"2025-07-22T18:31:29","date_gmt":"2025-07-22T16:31:29","guid":{"rendered":"https:\/\/uj.adatbank.ro\/lexikon\/termek\/schmidt-stephan\/"},"modified":"2025-07-22T18:31:29","modified_gmt":"2025-07-22T16:31:29","slug":"schmidt-stephan","status":"publish","type":"product","link":"https:\/\/uj.adatbank.ro\/lexikon\/termek\/schmidt-stephan\/","title":{"rendered":"SCHMIDT, Stephan"},"content":{"rendered":"<p>Segesv\u00e1r? \u2020 Rados, 1839.: tan\u00e1r. \u2013 Tanult J\u00e9n\u00e1ban. Tan\u00e1r volt Segesv\u00e1ron, lelk\u00e9sz Radoson (1805\u201339). <br \/><strong>Irod.:<\/strong> Szab\u00f3\u2013Sz\u00f6gi.<\/br><\/p>\n","protected":false},"excerpt":{"rendered":"<p>Segesv\u00e1r? \u2020 Rados, 1839.: tan\u00e1r. \u2013 Tanult J\u00e9n\u00e1ban. Tan\u00e1r volt Segesv\u00e1ron, lelk\u00e9sz Radoson (1805\u201339). Irod.: Szab\u00f3\u2013Sz\u00f6gi.<\/p>\n","protected":false},"featured_media":0,"comment_status":"open","ping_status":"closed","template":"","meta":[],"product_brand":[],"product_cat":[137],"product_tag":[],"class_list":{"0":"post-19962","1":"product","2":"type-product","3":"status-publish","5":"product_cat-maros-megyei-eletrajzi-lexikon","7":"first","8":"instock","9":"shipping-taxable","10":"product-type-simple"},"_links":{"self":[{"href":"https:\/\/uj.adatbank.ro\/lexikon\/wp-json\/wp\/v2\/product\/19962","targetHints":{"allow":["GET"]}}],"collection":[{"href":"https:\/\/uj.adatbank.ro\/lexikon\/wp-json\/wp\/v2\/product"}],"about":[{"href":"https:\/\/uj.adatbank.ro\/lexikon\/wp-json\/wp\/v2\/types\/product"}],"replies":[{"embeddable":true,"href":"https:\/\/uj.adatbank.ro\/lexikon\/wp-json\/wp\/v2\/comments?post=19962"}],"wp:attachment":[{"href":"https:\/\/uj.adatbank.ro\/lexikon\/wp-json\/wp\/v2\/media?parent=19962"}],"wp:term":[{"taxonomy":"product_brand","embeddable":true,"href":"https:\/\/uj.adatbank.ro\/lexikon\/wp-json\/wp\/v2\/product_brand?post=19962"},{"taxonomy":"product_cat","embeddable":true,"href":"https:\/\/uj.adatbank.ro\/lexikon\/wp-json\/wp\/v2\/product_cat?post=19962"},{"taxonomy":"product_tag","embeddable":true,"href":"https:\/\/uj.adatbank.ro\/lexikon\/wp-json\/wp\/v2\/product_tag?post=19962"}],"curies":[{"name":"wp","href":"https:\/\/api.w.org\/{rel}","templated":true}]}}