{"id":19963,"date":"2025-07-22T18:31:32","date_gmt":"2025-07-22T16:31:32","guid":{"rendered":"https:\/\/uj.adatbank.ro\/lexikon\/termek\/schmidthauer-lajos\/"},"modified":"2025-07-22T18:31:32","modified_gmt":"2025-07-22T16:31:32","slug":"schmidthauer-lajos","status":"publish","type":"product","link":"https:\/\/uj.adatbank.ro\/lexikon\/termek\/schmidthauer-lajos\/","title":{"rendered":"SCHMIDTHAUER Lajos"},"content":{"rendered":"<p>? \u2020?: orgonam\u0171v\u00e9sz. \u2013 Az I. vh. idej\u00e9n Mv.-en j\u00f3t\u00e9konys\u00e1gi c\u00e9l\u00fa hangversenyeken is fell\u00e9pett. <br \/><strong>Irod.:<\/strong> Mv. \u00e9s a h\u00e1bor\u00fa 1.<\/br><\/p>\n","protected":false},"excerpt":{"rendered":"<p>? \u2020?: orgonam\u0171v\u00e9sz. \u2013 Az I. vh. idej\u00e9n Mv.-en j\u00f3t\u00e9konys\u00e1gi c\u00e9l\u00fa hangversenyeken is fell\u00e9pett. Irod.: Mv. \u00e9s a h\u00e1bor\u00fa 1.<\/p>\n","protected":false},"featured_media":0,"comment_status":"open","ping_status":"closed","template":"","meta":[],"product_brand":[],"product_cat":[137],"product_tag":[],"class_list":{"0":"post-19963","1":"product","2":"type-product","3":"status-publish","5":"product_cat-maros-megyei-eletrajzi-lexikon","7":"first","8":"instock","9":"shipping-taxable","10":"product-type-simple"},"_links":{"self":[{"href":"https:\/\/uj.adatbank.ro\/lexikon\/wp-json\/wp\/v2\/product\/19963","targetHints":{"allow":["GET"]}}],"collection":[{"href":"https:\/\/uj.adatbank.ro\/lexikon\/wp-json\/wp\/v2\/product"}],"about":[{"href":"https:\/\/uj.adatbank.ro\/lexikon\/wp-json\/wp\/v2\/types\/product"}],"replies":[{"embeddable":true,"href":"https:\/\/uj.adatbank.ro\/lexikon\/wp-json\/wp\/v2\/comments?post=19963"}],"wp:attachment":[{"href":"https:\/\/uj.adatbank.ro\/lexikon\/wp-json\/wp\/v2\/media?parent=19963"}],"wp:term":[{"taxonomy":"product_brand","embeddable":true,"href":"https:\/\/uj.adatbank.ro\/lexikon\/wp-json\/wp\/v2\/product_brand?post=19963"},{"taxonomy":"product_cat","embeddable":true,"href":"https:\/\/uj.adatbank.ro\/lexikon\/wp-json\/wp\/v2\/product_cat?post=19963"},{"taxonomy":"product_tag","embeddable":true,"href":"https:\/\/uj.adatbank.ro\/lexikon\/wp-json\/wp\/v2\/product_tag?post=19963"}],"curies":[{"name":"wp","href":"https:\/\/api.w.org\/{rel}","templated":true}]}}