{"id":19965,"date":"2025-07-22T18:31:35","date_gmt":"2025-07-22T16:31:35","guid":{"rendered":"https:\/\/uj.adatbank.ro\/lexikon\/termek\/schmiss-janos\/"},"modified":"2025-07-22T18:31:35","modified_gmt":"2025-07-22T16:31:35","slug":"schmiss-janos","status":"publish","type":"product","link":"https:\/\/uj.adatbank.ro\/lexikon\/termek\/schmiss-janos\/","title":{"rendered":"SCHMISS J\u00e1nos"},"content":{"rendered":"<p>1854.? \u2020\u00a0Mv., 1884. \u00e1pr. 3.: \u00fcgyv\u00e9d. \u2013 Sch. Konr\u00e1d fia. Feles\u00e9ge: Herberth Gizella. Gyermekeik: Sch. Alfr\u00e9d, Elira, Eleonora. Mv.-en \u00fcgyv\u00e9di seg\u00e9d. <br \/><strong>Irod.:<\/strong> Gy\u00e1szjelent\u0151.<\/br><\/p>\n","protected":false},"excerpt":{"rendered":"<p>1854.? \u2020\u00a0Mv., 1884. \u00e1pr. 3.: \u00fcgyv\u00e9d. \u2013 Sch. Konr\u00e1d fia. Feles\u00e9ge: Herberth Gizella. Gyermekeik: Sch. Alfr\u00e9d, Elira, Eleonora. Mv.-en \u00fcgyv\u00e9di seg\u00e9d. Irod.: Gy\u00e1szjelent\u0151.<\/p>\n","protected":false},"featured_media":0,"comment_status":"open","ping_status":"closed","template":"","meta":[],"product_brand":[],"product_cat":[137],"product_tag":[],"class_list":{"0":"post-19965","1":"product","2":"type-product","3":"status-publish","5":"product_cat-maros-megyei-eletrajzi-lexikon","7":"first","8":"instock","9":"shipping-taxable","10":"product-type-simple"},"_links":{"self":[{"href":"https:\/\/uj.adatbank.ro\/lexikon\/wp-json\/wp\/v2\/product\/19965","targetHints":{"allow":["GET"]}}],"collection":[{"href":"https:\/\/uj.adatbank.ro\/lexikon\/wp-json\/wp\/v2\/product"}],"about":[{"href":"https:\/\/uj.adatbank.ro\/lexikon\/wp-json\/wp\/v2\/types\/product"}],"replies":[{"embeddable":true,"href":"https:\/\/uj.adatbank.ro\/lexikon\/wp-json\/wp\/v2\/comments?post=19965"}],"wp:attachment":[{"href":"https:\/\/uj.adatbank.ro\/lexikon\/wp-json\/wp\/v2\/media?parent=19965"}],"wp:term":[{"taxonomy":"product_brand","embeddable":true,"href":"https:\/\/uj.adatbank.ro\/lexikon\/wp-json\/wp\/v2\/product_brand?post=19965"},{"taxonomy":"product_cat","embeddable":true,"href":"https:\/\/uj.adatbank.ro\/lexikon\/wp-json\/wp\/v2\/product_cat?post=19965"},{"taxonomy":"product_tag","embeddable":true,"href":"https:\/\/uj.adatbank.ro\/lexikon\/wp-json\/wp\/v2\/product_tag?post=19965"}],"curies":[{"name":"wp","href":"https:\/\/api.w.org\/{rel}","templated":true}]}}