{"id":19967,"date":"2025-07-22T18:31:39","date_gmt":"2025-07-22T16:31:39","guid":{"rendered":"https:\/\/uj.adatbank.ro\/lexikon\/termek\/schnedarek-istvan\/"},"modified":"2025-07-22T18:31:39","modified_gmt":"2025-07-22T16:31:39","slug":"schnedarek-istvan","status":"publish","type":"product","link":"https:\/\/uj.adatbank.ro\/lexikon\/termek\/schnedarek-istvan\/","title":{"rendered":"SCHNEDAREK Istv\u00e1n"},"content":{"rendered":"<p>Mv., 1906., \u2020 Mv., 1989. nov. 4.: technikus, m\u0171szer\u00e9sz, k\u00f6nyvt\u00e1ros. \u2013 Feles\u00e9ge: Bukaresti Irma. Gyermekeik: Istv\u00e1n, P\u00e9ter. \u2013 Dolgozott a MOGYI \u00e9s k\u00f3rh\u00e1zak alkalmazottjak\u00e9nt, a m\u0171szerek karbantart\u00f3ja. A Maros Megyei K\u00f6nyvt\u00e1r M\u0171szaki r\u00e9szleg\u00e9nek vezet\u0151je (1962\u201364). <br \/><strong>Irod.:<\/strong> [Nekrol\u00f3g] (V. Z., 1989. nov. 5.).<\/br><\/p>\n","protected":false},"excerpt":{"rendered":"<p>Mv., 1906., \u2020 Mv., 1989. nov. 4.: technikus, m\u0171szer\u00e9sz, k\u00f6nyvt\u00e1ros. \u2013 Feles\u00e9ge: Bukaresti Irma. Gyermekeik: Istv\u00e1n, P\u00e9ter. \u2013 Dolgozott a MOGYI \u00e9s k\u00f3rh\u00e1zak alkalmazottjak\u00e9nt, a m\u0171szerek karbantart\u00f3ja. A Maros Megyei K\u00f6nyvt\u00e1r M\u0171szaki r\u00e9szleg\u00e9nek vezet\u0151je (1962\u201364). Irod.: [Nekrol\u00f3g] (V. Z., 1989. nov. 5.).<\/p>\n","protected":false},"featured_media":0,"comment_status":"open","ping_status":"closed","template":"","meta":[],"product_brand":[],"product_cat":[137],"product_tag":[],"class_list":{"0":"post-19967","1":"product","2":"type-product","3":"status-publish","5":"product_cat-maros-megyei-eletrajzi-lexikon","7":"first","8":"instock","9":"shipping-taxable","10":"product-type-simple"},"_links":{"self":[{"href":"https:\/\/uj.adatbank.ro\/lexikon\/wp-json\/wp\/v2\/product\/19967","targetHints":{"allow":["GET"]}}],"collection":[{"href":"https:\/\/uj.adatbank.ro\/lexikon\/wp-json\/wp\/v2\/product"}],"about":[{"href":"https:\/\/uj.adatbank.ro\/lexikon\/wp-json\/wp\/v2\/types\/product"}],"replies":[{"embeddable":true,"href":"https:\/\/uj.adatbank.ro\/lexikon\/wp-json\/wp\/v2\/comments?post=19967"}],"wp:attachment":[{"href":"https:\/\/uj.adatbank.ro\/lexikon\/wp-json\/wp\/v2\/media?parent=19967"}],"wp:term":[{"taxonomy":"product_brand","embeddable":true,"href":"https:\/\/uj.adatbank.ro\/lexikon\/wp-json\/wp\/v2\/product_brand?post=19967"},{"taxonomy":"product_cat","embeddable":true,"href":"https:\/\/uj.adatbank.ro\/lexikon\/wp-json\/wp\/v2\/product_cat?post=19967"},{"taxonomy":"product_tag","embeddable":true,"href":"https:\/\/uj.adatbank.ro\/lexikon\/wp-json\/wp\/v2\/product_tag?post=19967"}],"curies":[{"name":"wp","href":"https:\/\/api.w.org\/{rel}","templated":true}]}}