{"id":19969,"date":"2025-07-22T18:31:45","date_gmt":"2025-07-22T16:31:45","guid":{"rendered":"https:\/\/uj.adatbank.ro\/lexikon\/termek\/schnedarek-laszlo\/"},"modified":"2025-07-22T18:31:45","modified_gmt":"2025-07-22T16:31:45","slug":"schnedarek-laszlo","status":"publish","type":"product","link":"https:\/\/uj.adatbank.ro\/lexikon\/termek\/schnedarek-laszlo\/","title":{"rendered":"SCHNEDAREK L\u00e1szl\u00f3"},"content":{"rendered":"<p>Mv., 1913., \u2020 Mv., 1982. j\u00fan. 7.: igazgat\u00f3. \u2013 Feles\u00e9ge: Sz\u0151nyi M\u00e1rta. Fi\u00fak: L\u00e1szl\u00f3. \u2013 Kereskedelmi igazgat\u00f3 az ICRM v\u00e1llalatn\u00e1l. <br \/><strong>Irod.:<\/strong> [Nekrol\u00f3g] (V. Z., 1982. j\u00fan. 9.).<\/br><\/p>\n","protected":false},"excerpt":{"rendered":"<p>Mv., 1913., \u2020 Mv., 1982. j\u00fan. 7.: igazgat\u00f3. \u2013 Feles\u00e9ge: Sz\u0151nyi M\u00e1rta. Fi\u00fak: L\u00e1szl\u00f3. \u2013 Kereskedelmi igazgat\u00f3 az ICRM v\u00e1llalatn\u00e1l. Irod.: [Nekrol\u00f3g] (V. Z., 1982. j\u00fan. 9.).<\/p>\n","protected":false},"featured_media":0,"comment_status":"open","ping_status":"closed","template":"","meta":[],"product_brand":[],"product_cat":[137],"product_tag":[],"class_list":{"0":"post-19969","1":"product","2":"type-product","3":"status-publish","5":"product_cat-maros-megyei-eletrajzi-lexikon","7":"first","8":"instock","9":"shipping-taxable","10":"product-type-simple"},"_links":{"self":[{"href":"https:\/\/uj.adatbank.ro\/lexikon\/wp-json\/wp\/v2\/product\/19969","targetHints":{"allow":["GET"]}}],"collection":[{"href":"https:\/\/uj.adatbank.ro\/lexikon\/wp-json\/wp\/v2\/product"}],"about":[{"href":"https:\/\/uj.adatbank.ro\/lexikon\/wp-json\/wp\/v2\/types\/product"}],"replies":[{"embeddable":true,"href":"https:\/\/uj.adatbank.ro\/lexikon\/wp-json\/wp\/v2\/comments?post=19969"}],"wp:attachment":[{"href":"https:\/\/uj.adatbank.ro\/lexikon\/wp-json\/wp\/v2\/media?parent=19969"}],"wp:term":[{"taxonomy":"product_brand","embeddable":true,"href":"https:\/\/uj.adatbank.ro\/lexikon\/wp-json\/wp\/v2\/product_brand?post=19969"},{"taxonomy":"product_cat","embeddable":true,"href":"https:\/\/uj.adatbank.ro\/lexikon\/wp-json\/wp\/v2\/product_cat?post=19969"},{"taxonomy":"product_tag","embeddable":true,"href":"https:\/\/uj.adatbank.ro\/lexikon\/wp-json\/wp\/v2\/product_tag?post=19969"}],"curies":[{"name":"wp","href":"https:\/\/api.w.org\/{rel}","templated":true}]}}