{"id":19970,"date":"2025-07-22T18:31:46","date_gmt":"2025-07-22T16:31:46","guid":{"rendered":"https:\/\/uj.adatbank.ro\/lexikon\/termek\/schneider-iulius\/"},"modified":"2025-07-22T18:31:46","modified_gmt":"2025-07-22T16:31:46","slug":"schneider-iulius","status":"publish","type":"product","link":"https:\/\/uj.adatbank.ro\/lexikon\/termek\/schneider-iulius\/","title":{"rendered":"SCHNEIDER Iulius"},"content":{"rendered":"<p>Segesv\u00e1r, 1880. m\u00e1rc.19., \u2020 Kv.?: tisztvisel\u0151: K\u00f6z\u00e9piskol\u00e1t Segesv\u00e1ron v\u00e9gzett, azut\u00e1n uo. keresked\u0151, majd Beszterc\u00e9n postai tisztvisel\u0151. Buk.-be az Eg\u00e9szs\u00e9g\u00fcgyi Miniszt\u00e9riumba ker\u00fcl, majd kinevezik a buk.-i Vakok Int\u00e9zet\u00e9nek gondnok\u00e1v\u00e1 (1925\u20131930), Kv.-on a Principesa Ileana Vakok Int\u00e9zet\u00e9nek gondnoka (1930\u2013). A II. vh.-ban Ez\u00fcst \u00c9rdemkereszttel t\u00fcntett\u00e9k ki. <br \/><strong>Irod.:<\/strong> Lexiconul vie\u0163ii publice.<\/br><\/p>\n","protected":false},"excerpt":{"rendered":"<p>Segesv\u00e1r, 1880. m\u00e1rc.19., \u2020 Kv.?: tisztvisel\u0151: K\u00f6z\u00e9piskol\u00e1t Segesv\u00e1ron v\u00e9gzett, azut\u00e1n uo. keresked\u0151, majd Beszterc\u00e9n postai tisztvisel\u0151. Buk.-be az Eg\u00e9szs\u00e9g\u00fcgyi Miniszt\u00e9riumba ker\u00fcl, majd kinevezik a buk.-i Vakok Int\u00e9zet\u00e9nek gondnok\u00e1v\u00e1 (1925\u20131930), Kv.-on a Principesa Ileana Vakok Int\u00e9zet\u00e9nek gondnoka (1930\u2013). A II. vh.-ban Ez\u00fcst \u00c9rdemkereszttel t\u00fcntett\u00e9k ki. Irod.: Lexiconul vie\u0163ii publice.<\/p>\n","protected":false},"featured_media":0,"comment_status":"open","ping_status":"closed","template":"","meta":[],"product_brand":[],"product_cat":[137],"product_tag":[],"class_list":{"0":"post-19970","1":"product","2":"type-product","3":"status-publish","5":"product_cat-maros-megyei-eletrajzi-lexikon","7":"first","8":"instock","9":"shipping-taxable","10":"product-type-simple"},"_links":{"self":[{"href":"https:\/\/uj.adatbank.ro\/lexikon\/wp-json\/wp\/v2\/product\/19970","targetHints":{"allow":["GET"]}}],"collection":[{"href":"https:\/\/uj.adatbank.ro\/lexikon\/wp-json\/wp\/v2\/product"}],"about":[{"href":"https:\/\/uj.adatbank.ro\/lexikon\/wp-json\/wp\/v2\/types\/product"}],"replies":[{"embeddable":true,"href":"https:\/\/uj.adatbank.ro\/lexikon\/wp-json\/wp\/v2\/comments?post=19970"}],"wp:attachment":[{"href":"https:\/\/uj.adatbank.ro\/lexikon\/wp-json\/wp\/v2\/media?parent=19970"}],"wp:term":[{"taxonomy":"product_brand","embeddable":true,"href":"https:\/\/uj.adatbank.ro\/lexikon\/wp-json\/wp\/v2\/product_brand?post=19970"},{"taxonomy":"product_cat","embeddable":true,"href":"https:\/\/uj.adatbank.ro\/lexikon\/wp-json\/wp\/v2\/product_cat?post=19970"},{"taxonomy":"product_tag","embeddable":true,"href":"https:\/\/uj.adatbank.ro\/lexikon\/wp-json\/wp\/v2\/product_tag?post=19970"}],"curies":[{"name":"wp","href":"https:\/\/api.w.org\/{rel}","templated":true}]}}