{"id":19973,"date":"2025-07-22T18:31:53","date_gmt":"2025-07-22T16:31:53","guid":{"rendered":"https:\/\/uj.adatbank.ro\/lexikon\/termek\/schneider-josephine\/"},"modified":"2025-07-22T18:31:53","modified_gmt":"2025-07-22T16:31:53","slug":"schneider-josephine","status":"publish","type":"product","link":"https:\/\/uj.adatbank.ro\/lexikon\/termek\/schneider-josephine\/","title":{"rendered":"SCHNEIDER Josephine"},"content":{"rendered":"<p>? \u2020?: mag\u00e1niskola tulajdonos. \u2013 Mv.-en sikeresen m\u0171k\u00f6d\u00f6tt a le\u00e1ny mag\u00e1niskol\u00e1ja, az iskola sz\u00e1m\u00e1ra nyilv\u00e1noss\u00e1gi jogot k\u00e9rt (1877), megkezdte a tan\u00e9vet (1878. szept. 2.), majd a De\u00e1k Ferenc utc\u00e1b\u00f3l a Szentgy\u00f6rgy utc\u00e1ba k\u00f6lt\u00f6z\u00f6tt (1879. \u00e1pr.). <br \/><strong>Irod.:<\/strong> Id\u0151t\u00e1r 5\/3.<\/br><\/p>\n","protected":false},"excerpt":{"rendered":"<p>? \u2020?: mag\u00e1niskola tulajdonos. \u2013 Mv.-en sikeresen m\u0171k\u00f6d\u00f6tt a le\u00e1ny mag\u00e1niskol\u00e1ja, az iskola sz\u00e1m\u00e1ra nyilv\u00e1noss\u00e1gi jogot k\u00e9rt (1877), megkezdte a tan\u00e9vet (1878. szept. 2.), majd a De\u00e1k Ferenc utc\u00e1b\u00f3l a Szentgy\u00f6rgy utc\u00e1ba k\u00f6lt\u00f6z\u00f6tt (1879. \u00e1pr.). Irod.: Id\u0151t\u00e1r 5\/3.<\/p>\n","protected":false},"featured_media":0,"comment_status":"open","ping_status":"closed","template":"","meta":[],"product_brand":[],"product_cat":[137],"product_tag":[],"class_list":{"0":"post-19973","1":"product","2":"type-product","3":"status-publish","5":"product_cat-maros-megyei-eletrajzi-lexikon","7":"first","8":"instock","9":"shipping-taxable","10":"product-type-simple"},"_links":{"self":[{"href":"https:\/\/uj.adatbank.ro\/lexikon\/wp-json\/wp\/v2\/product\/19973","targetHints":{"allow":["GET"]}}],"collection":[{"href":"https:\/\/uj.adatbank.ro\/lexikon\/wp-json\/wp\/v2\/product"}],"about":[{"href":"https:\/\/uj.adatbank.ro\/lexikon\/wp-json\/wp\/v2\/types\/product"}],"replies":[{"embeddable":true,"href":"https:\/\/uj.adatbank.ro\/lexikon\/wp-json\/wp\/v2\/comments?post=19973"}],"wp:attachment":[{"href":"https:\/\/uj.adatbank.ro\/lexikon\/wp-json\/wp\/v2\/media?parent=19973"}],"wp:term":[{"taxonomy":"product_brand","embeddable":true,"href":"https:\/\/uj.adatbank.ro\/lexikon\/wp-json\/wp\/v2\/product_brand?post=19973"},{"taxonomy":"product_cat","embeddable":true,"href":"https:\/\/uj.adatbank.ro\/lexikon\/wp-json\/wp\/v2\/product_cat?post=19973"},{"taxonomy":"product_tag","embeddable":true,"href":"https:\/\/uj.adatbank.ro\/lexikon\/wp-json\/wp\/v2\/product_tag?post=19973"}],"curies":[{"name":"wp","href":"https:\/\/api.w.org\/{rel}","templated":true}]}}