{"id":19974,"date":"2025-07-22T18:31:55","date_gmt":"2025-07-22T16:31:55","guid":{"rendered":"https:\/\/uj.adatbank.ro\/lexikon\/termek\/schneider-karl-carl\/"},"modified":"2025-07-22T18:31:55","modified_gmt":"2025-07-22T16:31:55","slug":"schneider-karl-carl","status":"publish","type":"product","link":"https:\/\/uj.adatbank.ro\/lexikon\/termek\/schneider-karl-carl\/","title":{"rendered":"SCHNEIDER, Karl, Carl"},"content":{"rendered":"<p>1817., \u2020\u00a01875.: orgona\u00e9p\u00edt\u0151. \u2013 Brass\u00f3i orgona\u00e9p\u00edt\u0151 19 ismert alkot\u00e1sa k\u00f6z\u00fcl a sz\u00e1szr\u00e9geni n\u00e9met evang\u00e9likus templom orgon\u00e1ja (1849), a s\u00e1romberki ref. templom sz\u00e1m\u00e1ra k\u00e9sz\u00fclt orgona (1855\u201357) \u00e9s a sz\u00e1szr\u00e9geni n\u00e9met evang\u00e9likus templom orgon\u00e1ja (1858) ismert Maros megy\u00e9ben. K\u00e9s\u0151bb Mesnyi J\u00e1nos jav\u00edtotta. <br \/><strong>Irod.:<\/strong> Cs\u00edky Csaba.<\/br><\/p>\n","protected":false},"excerpt":{"rendered":"<p>1817., \u2020\u00a01875.: orgona\u00e9p\u00edt\u0151. \u2013 Brass\u00f3i orgona\u00e9p\u00edt\u0151 19 ismert alkot\u00e1sa k\u00f6z\u00fcl a sz\u00e1szr\u00e9geni n\u00e9met evang\u00e9likus templom orgon\u00e1ja (1849), a s\u00e1romberki ref. templom sz\u00e1m\u00e1ra k\u00e9sz\u00fclt orgona (1855\u201357) \u00e9s a sz\u00e1szr\u00e9geni n\u00e9met evang\u00e9likus templom orgon\u00e1ja (1858) ismert Maros megy\u00e9ben. K\u00e9s\u0151bb Mesnyi J\u00e1nos jav\u00edtotta. Irod.: Cs\u00edky Csaba.<\/p>\n","protected":false},"featured_media":0,"comment_status":"open","ping_status":"closed","template":"","meta":[],"product_brand":[],"product_cat":[137],"product_tag":[],"class_list":{"0":"post-19974","1":"product","2":"type-product","3":"status-publish","5":"product_cat-maros-megyei-eletrajzi-lexikon","7":"first","8":"instock","9":"shipping-taxable","10":"product-type-simple"},"_links":{"self":[{"href":"https:\/\/uj.adatbank.ro\/lexikon\/wp-json\/wp\/v2\/product\/19974","targetHints":{"allow":["GET"]}}],"collection":[{"href":"https:\/\/uj.adatbank.ro\/lexikon\/wp-json\/wp\/v2\/product"}],"about":[{"href":"https:\/\/uj.adatbank.ro\/lexikon\/wp-json\/wp\/v2\/types\/product"}],"replies":[{"embeddable":true,"href":"https:\/\/uj.adatbank.ro\/lexikon\/wp-json\/wp\/v2\/comments?post=19974"}],"wp:attachment":[{"href":"https:\/\/uj.adatbank.ro\/lexikon\/wp-json\/wp\/v2\/media?parent=19974"}],"wp:term":[{"taxonomy":"product_brand","embeddable":true,"href":"https:\/\/uj.adatbank.ro\/lexikon\/wp-json\/wp\/v2\/product_brand?post=19974"},{"taxonomy":"product_cat","embeddable":true,"href":"https:\/\/uj.adatbank.ro\/lexikon\/wp-json\/wp\/v2\/product_cat?post=19974"},{"taxonomy":"product_tag","embeddable":true,"href":"https:\/\/uj.adatbank.ro\/lexikon\/wp-json\/wp\/v2\/product_tag?post=19974"}],"curies":[{"name":"wp","href":"https:\/\/api.w.org\/{rel}","templated":true}]}}