{"id":19978,"date":"2025-07-22T18:32:04","date_gmt":"2025-07-22T16:32:04","guid":{"rendered":"https:\/\/uj.adatbank.ro\/lexikon\/termek\/schnitzer-arthur\/"},"modified":"2025-07-22T18:32:04","modified_gmt":"2025-07-22T16:32:04","slug":"schnitzer-arthur","status":"publish","type":"product","link":"https:\/\/uj.adatbank.ro\/lexikon\/termek\/schnitzer-arthur\/","title":{"rendered":"SCHNITZER Arthur"},"content":{"rendered":"<p>Brass\u00f3, 1899., \u2020\u00a01949. m\u00e1j. 24.: vegyeskeresked\u0151. \u2013 Iskol\u00e1it Mv.-en v\u00e9gezte, ahol kereskedelmi \u00e9retts\u00e9git tett. Az els\u0151 vh.-ban a 82. sz\u00e9kely gy. e.-del harcolt (1914\u201316). A M\u00c1V szolg\u00e1lat\u00e1ba ker\u00fclt. Az imp\u00e9riumv\u00e1lt\u00e1s ut\u00e1n elbocs\u00e1tott\u00e1k. Szov\u00e1t\u00e1n telepszik le (1929) \u00e9s \u00f6n\u00e1ll\u00f3 vegyeskeresked\u00e9st nyitott. A M. Iparegyes\u00fclet \u00e9s Kereskedelmi Egyes\u00fclet tagja volt. <br \/><strong>Irod.:<\/strong> Mv.-i zsid\u00f3 temet\u0151 dok.; Sz\u00e9kelyf\u00f6ld \u00ed. k.; Visnai.<\/br><\/p>\n","protected":false},"excerpt":{"rendered":"<p>Brass\u00f3, 1899., \u2020\u00a01949. m\u00e1j. 24.: vegyeskeresked\u0151. \u2013 Iskol\u00e1it Mv.-en v\u00e9gezte, ahol kereskedelmi \u00e9retts\u00e9git tett. Az els\u0151 vh.-ban a 82. sz\u00e9kely gy. e.-del harcolt (1914\u201316). A M\u00c1V szolg\u00e1lat\u00e1ba ker\u00fclt. Az imp\u00e9riumv\u00e1lt\u00e1s ut\u00e1n elbocs\u00e1tott\u00e1k. Szov\u00e1t\u00e1n telepszik le (1929) \u00e9s \u00f6n\u00e1ll\u00f3 vegyeskeresked\u00e9st nyitott. A M. Iparegyes\u00fclet \u00e9s Kereskedelmi Egyes\u00fclet tagja volt. Irod.: Mv.-i zsid\u00f3 temet\u0151 dok.; Sz\u00e9kelyf\u00f6ld \u00ed. [&hellip;]<\/p>\n","protected":false},"featured_media":0,"comment_status":"open","ping_status":"closed","template":"","meta":[],"product_brand":[],"product_cat":[137],"product_tag":[],"class_list":{"0":"post-19978","1":"product","2":"type-product","3":"status-publish","5":"product_cat-maros-megyei-eletrajzi-lexikon","7":"first","8":"instock","9":"shipping-taxable","10":"product-type-simple"},"_links":{"self":[{"href":"https:\/\/uj.adatbank.ro\/lexikon\/wp-json\/wp\/v2\/product\/19978","targetHints":{"allow":["GET"]}}],"collection":[{"href":"https:\/\/uj.adatbank.ro\/lexikon\/wp-json\/wp\/v2\/product"}],"about":[{"href":"https:\/\/uj.adatbank.ro\/lexikon\/wp-json\/wp\/v2\/types\/product"}],"replies":[{"embeddable":true,"href":"https:\/\/uj.adatbank.ro\/lexikon\/wp-json\/wp\/v2\/comments?post=19978"}],"wp:attachment":[{"href":"https:\/\/uj.adatbank.ro\/lexikon\/wp-json\/wp\/v2\/media?parent=19978"}],"wp:term":[{"taxonomy":"product_brand","embeddable":true,"href":"https:\/\/uj.adatbank.ro\/lexikon\/wp-json\/wp\/v2\/product_brand?post=19978"},{"taxonomy":"product_cat","embeddable":true,"href":"https:\/\/uj.adatbank.ro\/lexikon\/wp-json\/wp\/v2\/product_cat?post=19978"},{"taxonomy":"product_tag","embeddable":true,"href":"https:\/\/uj.adatbank.ro\/lexikon\/wp-json\/wp\/v2\/product_tag?post=19978"}],"curies":[{"name":"wp","href":"https:\/\/api.w.org\/{rel}","templated":true}]}}