{"id":19981,"date":"2025-07-22T18:32:10","date_gmt":"2025-07-22T16:32:10","guid":{"rendered":"https:\/\/uj.adatbank.ro\/lexikon\/termek\/schobel-georgius\/"},"modified":"2025-07-22T18:32:10","modified_gmt":"2025-07-22T16:32:10","slug":"schobel-georgius","status":"publish","type":"product","link":"https:\/\/uj.adatbank.ro\/lexikon\/termek\/schobel-georgius\/","title":{"rendered":"SCHOBEL, Georgius"},"content":{"rendered":"<p>Segesv\u00e1r., \u2020 Garat, 1775.: tan\u00e1r, lelk\u00e9sz. \u2013 Tanult J\u00e9n\u00e1ban (1730). Rektor volt K\u0151halmon (\u20131743), lelk\u00e9sz Garaton (1749\u201375). <br \/><strong>Irod.:<\/strong> Szab\u00f3\u2013Sz\u00f6gi.<\/br><\/p>\n","protected":false},"excerpt":{"rendered":"<p>Segesv\u00e1r., \u2020 Garat, 1775.: tan\u00e1r, lelk\u00e9sz. \u2013 Tanult J\u00e9n\u00e1ban (1730). Rektor volt K\u0151halmon (\u20131743), lelk\u00e9sz Garaton (1749\u201375). Irod.: Szab\u00f3\u2013Sz\u00f6gi.<\/p>\n","protected":false},"featured_media":0,"comment_status":"open","ping_status":"closed","template":"","meta":[],"product_brand":[],"product_cat":[137],"product_tag":[],"class_list":{"0":"post-19981","1":"product","2":"type-product","3":"status-publish","5":"product_cat-maros-megyei-eletrajzi-lexikon","7":"first","8":"instock","9":"shipping-taxable","10":"product-type-simple"},"_links":{"self":[{"href":"https:\/\/uj.adatbank.ro\/lexikon\/wp-json\/wp\/v2\/product\/19981","targetHints":{"allow":["GET"]}}],"collection":[{"href":"https:\/\/uj.adatbank.ro\/lexikon\/wp-json\/wp\/v2\/product"}],"about":[{"href":"https:\/\/uj.adatbank.ro\/lexikon\/wp-json\/wp\/v2\/types\/product"}],"replies":[{"embeddable":true,"href":"https:\/\/uj.adatbank.ro\/lexikon\/wp-json\/wp\/v2\/comments?post=19981"}],"wp:attachment":[{"href":"https:\/\/uj.adatbank.ro\/lexikon\/wp-json\/wp\/v2\/media?parent=19981"}],"wp:term":[{"taxonomy":"product_brand","embeddable":true,"href":"https:\/\/uj.adatbank.ro\/lexikon\/wp-json\/wp\/v2\/product_brand?post=19981"},{"taxonomy":"product_cat","embeddable":true,"href":"https:\/\/uj.adatbank.ro\/lexikon\/wp-json\/wp\/v2\/product_cat?post=19981"},{"taxonomy":"product_tag","embeddable":true,"href":"https:\/\/uj.adatbank.ro\/lexikon\/wp-json\/wp\/v2\/product_tag?post=19981"}],"curies":[{"name":"wp","href":"https:\/\/api.w.org\/{rel}","templated":true}]}}