{"id":19982,"date":"2025-07-22T18:32:13","date_gmt":"2025-07-22T16:32:13","guid":{"rendered":"https:\/\/uj.adatbank.ro\/lexikon\/termek\/schobel-karl\/"},"modified":"2025-07-22T18:32:13","modified_gmt":"2025-07-22T16:32:13","slug":"schobel-karl","status":"publish","type":"product","link":"https:\/\/uj.adatbank.ro\/lexikon\/termek\/schobel-karl\/","title":{"rendered":"SCHOBEL Karl"},"content":{"rendered":"<p>Sz\u00e1szr\u00e9gen 1863. nov. 17. v. Malom\u00e1rka, 1862 \u2020?: tan\u00e1r. \u2013 Apja pap. \u2013 Egyetemi tanulm\u00e1nyait a T\u00fcbingeni Egy. Hittud. Kar\u00e1n (1882\u2013), Berni Egy. Hittud. Kar\u00e1n (1883), a Lipcsei Egy. Hittud. Kar\u00e1n (1883\u201385), a B\u00e9csi Egy B\u00f6lcs. Kar\u00e1n (1885) folytatta. Hazat\u00e9r\u00e9se ut\u00e1n tan\u00e1r Beszterc\u00e9n, lelk\u00e9sz Als\u00f3idecsen (1891\u20131959), Vajol\u00e1n (1895\u20131900), Sz\u00e1szp\u00e9nteken (1900\u20131922). <br \/><strong>Irod.:<\/strong> Szab\u00f3\u2013Simon\u2013Sz\u00f6gi.<\/br><\/p>\n","protected":false},"excerpt":{"rendered":"<p>Sz\u00e1szr\u00e9gen 1863. nov. 17. v. Malom\u00e1rka, 1862 \u2020?: tan\u00e1r. \u2013 Apja pap. \u2013 Egyetemi tanulm\u00e1nyait a T\u00fcbingeni Egy. Hittud. Kar\u00e1n (1882\u2013), Berni Egy. Hittud. Kar\u00e1n (1883), a Lipcsei Egy. Hittud. Kar\u00e1n (1883\u201385), a B\u00e9csi Egy B\u00f6lcs. Kar\u00e1n (1885) folytatta. Hazat\u00e9r\u00e9se ut\u00e1n tan\u00e1r Beszterc\u00e9n, lelk\u00e9sz Als\u00f3idecsen (1891\u20131959), Vajol\u00e1n (1895\u20131900), Sz\u00e1szp\u00e9nteken (1900\u20131922). Irod.: Szab\u00f3\u2013Simon\u2013Sz\u00f6gi.<\/p>\n","protected":false},"featured_media":0,"comment_status":"open","ping_status":"closed","template":"","meta":[],"product_brand":[],"product_cat":[137],"product_tag":[],"class_list":{"0":"post-19982","1":"product","2":"type-product","3":"status-publish","5":"product_cat-maros-megyei-eletrajzi-lexikon","7":"first","8":"instock","9":"shipping-taxable","10":"product-type-simple"},"_links":{"self":[{"href":"https:\/\/uj.adatbank.ro\/lexikon\/wp-json\/wp\/v2\/product\/19982","targetHints":{"allow":["GET"]}}],"collection":[{"href":"https:\/\/uj.adatbank.ro\/lexikon\/wp-json\/wp\/v2\/product"}],"about":[{"href":"https:\/\/uj.adatbank.ro\/lexikon\/wp-json\/wp\/v2\/types\/product"}],"replies":[{"embeddable":true,"href":"https:\/\/uj.adatbank.ro\/lexikon\/wp-json\/wp\/v2\/comments?post=19982"}],"wp:attachment":[{"href":"https:\/\/uj.adatbank.ro\/lexikon\/wp-json\/wp\/v2\/media?parent=19982"}],"wp:term":[{"taxonomy":"product_brand","embeddable":true,"href":"https:\/\/uj.adatbank.ro\/lexikon\/wp-json\/wp\/v2\/product_brand?post=19982"},{"taxonomy":"product_cat","embeddable":true,"href":"https:\/\/uj.adatbank.ro\/lexikon\/wp-json\/wp\/v2\/product_cat?post=19982"},{"taxonomy":"product_tag","embeddable":true,"href":"https:\/\/uj.adatbank.ro\/lexikon\/wp-json\/wp\/v2\/product_tag?post=19982"}],"curies":[{"name":"wp","href":"https:\/\/api.w.org\/{rel}","templated":true}]}}