{"id":19983,"date":"2025-07-22T18:32:14","date_gmt":"2025-07-22T16:32:14","guid":{"rendered":"https:\/\/uj.adatbank.ro\/lexikon\/termek\/schobel-michael\/"},"modified":"2025-07-22T18:32:14","modified_gmt":"2025-07-22T16:32:14","slug":"schobel-michael","status":"publish","type":"product","link":"https:\/\/uj.adatbank.ro\/lexikon\/termek\/schobel-michael\/","title":{"rendered":"SCHOBEL, Michael"},"content":{"rendered":"<p>Sz\u00e1szr\u00e9gen, 1837., \u2020?: tan\u00e1r, pap. \u2013 Apja keresked\u0151. A k\u00f6z\u00e9piskol\u00e1t Segesv\u00e1ron v\u00e9gezte, majd k\u00fclf\u00f6ldi egyetemeket l\u00e1togatott: B\u00e9cs. Prot. Teol\u00f3giai Int. Hittud. Kar (1859\u20131860), B\u00e9csi Egy. (1859), Heidelbergi Egy Hittud. Kar (1860\u2013), Berlini Egy. Hittud. Kar (1861). Hazat\u00e9rve Sz\u00e1szr\u00e9genben tan\u00e1r, lelk\u00e9sz Vajol\u00e1n (1866\u2013), Malom\u00e1rk\u00e1ban (1872\u20131912). <br \/><strong>Irod.:<\/strong> Szab\u00f3\u2013Simon\u2013Sz\u00f6gi.<\/br><\/p>\n","protected":false},"excerpt":{"rendered":"<p>Sz\u00e1szr\u00e9gen, 1837., \u2020?: tan\u00e1r, pap. \u2013 Apja keresked\u0151. A k\u00f6z\u00e9piskol\u00e1t Segesv\u00e1ron v\u00e9gezte, majd k\u00fclf\u00f6ldi egyetemeket l\u00e1togatott: B\u00e9cs. Prot. Teol\u00f3giai Int. Hittud. Kar (1859\u20131860), B\u00e9csi Egy. (1859), Heidelbergi Egy Hittud. Kar (1860\u2013), Berlini Egy. Hittud. Kar (1861). Hazat\u00e9rve Sz\u00e1szr\u00e9genben tan\u00e1r, lelk\u00e9sz Vajol\u00e1n (1866\u2013), Malom\u00e1rk\u00e1ban (1872\u20131912). Irod.: Szab\u00f3\u2013Simon\u2013Sz\u00f6gi.<\/p>\n","protected":false},"featured_media":0,"comment_status":"open","ping_status":"closed","template":"","meta":[],"product_brand":[],"product_cat":[137],"product_tag":[],"class_list":{"0":"post-19983","1":"product","2":"type-product","3":"status-publish","5":"product_cat-maros-megyei-eletrajzi-lexikon","7":"first","8":"instock","9":"shipping-taxable","10":"product-type-simple"},"_links":{"self":[{"href":"https:\/\/uj.adatbank.ro\/lexikon\/wp-json\/wp\/v2\/product\/19983","targetHints":{"allow":["GET"]}}],"collection":[{"href":"https:\/\/uj.adatbank.ro\/lexikon\/wp-json\/wp\/v2\/product"}],"about":[{"href":"https:\/\/uj.adatbank.ro\/lexikon\/wp-json\/wp\/v2\/types\/product"}],"replies":[{"embeddable":true,"href":"https:\/\/uj.adatbank.ro\/lexikon\/wp-json\/wp\/v2\/comments?post=19983"}],"wp:attachment":[{"href":"https:\/\/uj.adatbank.ro\/lexikon\/wp-json\/wp\/v2\/media?parent=19983"}],"wp:term":[{"taxonomy":"product_brand","embeddable":true,"href":"https:\/\/uj.adatbank.ro\/lexikon\/wp-json\/wp\/v2\/product_brand?post=19983"},{"taxonomy":"product_cat","embeddable":true,"href":"https:\/\/uj.adatbank.ro\/lexikon\/wp-json\/wp\/v2\/product_cat?post=19983"},{"taxonomy":"product_tag","embeddable":true,"href":"https:\/\/uj.adatbank.ro\/lexikon\/wp-json\/wp\/v2\/product_tag?post=19983"}],"curies":[{"name":"wp","href":"https:\/\/api.w.org\/{rel}","templated":true}]}}