{"id":19986,"date":"2025-07-22T18:32:20","date_gmt":"2025-07-22T16:32:20","guid":{"rendered":"https:\/\/uj.adatbank.ro\/lexikon\/termek\/schonauer-emil\/"},"modified":"2025-07-22T18:32:20","modified_gmt":"2025-07-22T16:32:20","slug":"schonauer-emil","status":"publish","type":"product","link":"https:\/\/uj.adatbank.ro\/lexikon\/termek\/schonauer-emil\/","title":{"rendered":"SCH\u00d6NAUER, Emil"},"content":{"rendered":"<p>Sz\u00e1szr\u00e9gen, 1895. m\u00e1j. 29. \u2020 Olaszo., 1918. nov. 1.: \u0151rmester. \u2013 A 116. cs. kir. t\u00fcz\u00e9rezredben szolg\u00e1lt, az Olaszo. elleni harcokban esett el. <br \/><strong>Irod.:<\/strong> Reghin, militari.<\/br><\/p>\n","protected":false},"excerpt":{"rendered":"<p>Sz\u00e1szr\u00e9gen, 1895. m\u00e1j. 29. \u2020 Olaszo., 1918. nov. 1.: \u0151rmester. \u2013 A 116. cs. kir. t\u00fcz\u00e9rezredben szolg\u00e1lt, az Olaszo. elleni harcokban esett el. Irod.: Reghin, militari.<\/p>\n","protected":false},"featured_media":0,"comment_status":"open","ping_status":"closed","template":"","meta":[],"product_brand":[],"product_cat":[137],"product_tag":[],"class_list":{"0":"post-19986","1":"product","2":"type-product","3":"status-publish","5":"product_cat-maros-megyei-eletrajzi-lexikon","7":"first","8":"instock","9":"shipping-taxable","10":"product-type-simple"},"_links":{"self":[{"href":"https:\/\/uj.adatbank.ro\/lexikon\/wp-json\/wp\/v2\/product\/19986","targetHints":{"allow":["GET"]}}],"collection":[{"href":"https:\/\/uj.adatbank.ro\/lexikon\/wp-json\/wp\/v2\/product"}],"about":[{"href":"https:\/\/uj.adatbank.ro\/lexikon\/wp-json\/wp\/v2\/types\/product"}],"replies":[{"embeddable":true,"href":"https:\/\/uj.adatbank.ro\/lexikon\/wp-json\/wp\/v2\/comments?post=19986"}],"wp:attachment":[{"href":"https:\/\/uj.adatbank.ro\/lexikon\/wp-json\/wp\/v2\/media?parent=19986"}],"wp:term":[{"taxonomy":"product_brand","embeddable":true,"href":"https:\/\/uj.adatbank.ro\/lexikon\/wp-json\/wp\/v2\/product_brand?post=19986"},{"taxonomy":"product_cat","embeddable":true,"href":"https:\/\/uj.adatbank.ro\/lexikon\/wp-json\/wp\/v2\/product_cat?post=19986"},{"taxonomy":"product_tag","embeddable":true,"href":"https:\/\/uj.adatbank.ro\/lexikon\/wp-json\/wp\/v2\/product_tag?post=19986"}],"curies":[{"name":"wp","href":"https:\/\/api.w.org\/{rel}","templated":true}]}}