{"id":19987,"date":"2025-07-22T18:32:26","date_gmt":"2025-07-22T16:32:26","guid":{"rendered":"https:\/\/uj.adatbank.ro\/lexikon\/termek\/schonauer-frigyes\/"},"modified":"2025-07-22T18:32:26","modified_gmt":"2025-07-22T16:32:26","slug":"schonauer-frigyes","status":"publish","type":"product","link":"https:\/\/uj.adatbank.ro\/lexikon\/termek\/schonauer-frigyes\/","title":{"rendered":"SCH\u00d6NAUER Frigyes"},"content":{"rendered":"<p>? \u2020?: segesv\u00e1ri kit\u00fcntetett. <br \/><strong>Irod.:<\/strong> Az 1885 \u00e9vi Bp.-i Orsz\u00e1gos \u00c1ltal\u00e1nos Ki\u00e1ll\u00edt\u00e1s: A jury-tan\u00e1cs hat\u00e1rozatai alapj\u00e1n kit\u00fcntetett, valamint a versenyen k\u00edv\u00fcl \u00e1ll\u00f3 ki\u00e1ll\u00edt\u00f3k \u00e9s kit\u00fcntetett k\u00f6zrem\u0171k\u00f6d\u0151k jegyz\u00e9ke (Bp., 1885).<\/br><\/p>\n","protected":false},"excerpt":{"rendered":"<p>? \u2020?: segesv\u00e1ri kit\u00fcntetett. Irod.: Az 1885 \u00e9vi Bp.-i Orsz\u00e1gos \u00c1ltal\u00e1nos Ki\u00e1ll\u00edt\u00e1s: A jury-tan\u00e1cs hat\u00e1rozatai alapj\u00e1n kit\u00fcntetett, valamint a versenyen k\u00edv\u00fcl \u00e1ll\u00f3 ki\u00e1ll\u00edt\u00f3k \u00e9s kit\u00fcntetett k\u00f6zrem\u0171k\u00f6d\u0151k jegyz\u00e9ke (Bp., 1885).<\/p>\n","protected":false},"featured_media":0,"comment_status":"open","ping_status":"closed","template":"","meta":[],"product_brand":[],"product_cat":[137],"product_tag":[],"class_list":{"0":"post-19987","1":"product","2":"type-product","3":"status-publish","5":"product_cat-maros-megyei-eletrajzi-lexikon","7":"first","8":"instock","9":"shipping-taxable","10":"product-type-simple"},"_links":{"self":[{"href":"https:\/\/uj.adatbank.ro\/lexikon\/wp-json\/wp\/v2\/product\/19987","targetHints":{"allow":["GET"]}}],"collection":[{"href":"https:\/\/uj.adatbank.ro\/lexikon\/wp-json\/wp\/v2\/product"}],"about":[{"href":"https:\/\/uj.adatbank.ro\/lexikon\/wp-json\/wp\/v2\/types\/product"}],"replies":[{"embeddable":true,"href":"https:\/\/uj.adatbank.ro\/lexikon\/wp-json\/wp\/v2\/comments?post=19987"}],"wp:attachment":[{"href":"https:\/\/uj.adatbank.ro\/lexikon\/wp-json\/wp\/v2\/media?parent=19987"}],"wp:term":[{"taxonomy":"product_brand","embeddable":true,"href":"https:\/\/uj.adatbank.ro\/lexikon\/wp-json\/wp\/v2\/product_brand?post=19987"},{"taxonomy":"product_cat","embeddable":true,"href":"https:\/\/uj.adatbank.ro\/lexikon\/wp-json\/wp\/v2\/product_cat?post=19987"},{"taxonomy":"product_tag","embeddable":true,"href":"https:\/\/uj.adatbank.ro\/lexikon\/wp-json\/wp\/v2\/product_tag?post=19987"}],"curies":[{"name":"wp","href":"https:\/\/api.w.org\/{rel}","templated":true}]}}