{"id":19989,"date":"2025-07-22T18:32:29","date_gmt":"2025-07-22T16:32:29","guid":{"rendered":"https:\/\/uj.adatbank.ro\/lexikon\/termek\/schonauer-norbert-schonauer-norbert\/"},"modified":"2025-07-22T18:32:29","modified_gmt":"2025-07-22T16:32:29","slug":"schonauer-norbert-schonauer-norbert","status":"publish","type":"product","link":"https:\/\/uj.adatbank.ro\/lexikon\/termek\/schonauer-norbert-schonauer-norbert\/","title":{"rendered":"SCH\u00d6NAUER Norbert, Schonauer Norbert"},"content":{"rendered":"<p>? \u2020?: gy\u00e1ros. \u2013 B\u0151rgy\u00e1rat l\u00e9tes\u00edtett Sz\u00e1szr\u00e9genben (1890), m\u00e9g sok\u00e1ig m\u0171k\u00f6d\u00f6tt (1926-ban is). <br \/><strong>Irod.:<\/strong> Pan\u0103.<\/br><\/p>\n","protected":false},"excerpt":{"rendered":"<p>? \u2020?: gy\u00e1ros. \u2013 B\u0151rgy\u00e1rat l\u00e9tes\u00edtett Sz\u00e1szr\u00e9genben (1890), m\u00e9g sok\u00e1ig m\u0171k\u00f6d\u00f6tt (1926-ban is). Irod.: Pan\u0103.<\/p>\n","protected":false},"featured_media":0,"comment_status":"open","ping_status":"closed","template":"","meta":[],"product_brand":[],"product_cat":[137],"product_tag":[],"class_list":{"0":"post-19989","1":"product","2":"type-product","3":"status-publish","5":"product_cat-maros-megyei-eletrajzi-lexikon","7":"first","8":"instock","9":"shipping-taxable","10":"product-type-simple"},"_links":{"self":[{"href":"https:\/\/uj.adatbank.ro\/lexikon\/wp-json\/wp\/v2\/product\/19989","targetHints":{"allow":["GET"]}}],"collection":[{"href":"https:\/\/uj.adatbank.ro\/lexikon\/wp-json\/wp\/v2\/product"}],"about":[{"href":"https:\/\/uj.adatbank.ro\/lexikon\/wp-json\/wp\/v2\/types\/product"}],"replies":[{"embeddable":true,"href":"https:\/\/uj.adatbank.ro\/lexikon\/wp-json\/wp\/v2\/comments?post=19989"}],"wp:attachment":[{"href":"https:\/\/uj.adatbank.ro\/lexikon\/wp-json\/wp\/v2\/media?parent=19989"}],"wp:term":[{"taxonomy":"product_brand","embeddable":true,"href":"https:\/\/uj.adatbank.ro\/lexikon\/wp-json\/wp\/v2\/product_brand?post=19989"},{"taxonomy":"product_cat","embeddable":true,"href":"https:\/\/uj.adatbank.ro\/lexikon\/wp-json\/wp\/v2\/product_cat?post=19989"},{"taxonomy":"product_tag","embeddable":true,"href":"https:\/\/uj.adatbank.ro\/lexikon\/wp-json\/wp\/v2\/product_tag?post=19989"}],"curies":[{"name":"wp","href":"https:\/\/api.w.org\/{rel}","templated":true}]}}