{"id":1999,"date":"2025-06-28T12:00:34","date_gmt":"2025-06-28T10:00:34","guid":{"rendered":"https:\/\/uj.adatbank.ro\/lexikon\/termek\/balint\/"},"modified":"2025-06-28T12:00:34","modified_gmt":"2025-06-28T10:00:34","slug":"balint","status":"publish","type":"product","link":"https:\/\/uj.adatbank.ro\/lexikon\/termek\/balint\/","title":{"rendered":"B\u00c1LINT"},"content":{"rendered":"<p>? \u2020\u00a0? : fest\u0151. \u2013 A segesv\u00e1ri pl\u00e9b\u00e1niatemplom falfestm\u00e9nyeinek k\u00e9sz\u00edt\u0151je (1483\u201388). <br \/><strong>Irod.:<\/strong> L\u00e9sty\u00e1n \u2013 templomok<\/br><\/p>\n","protected":false},"excerpt":{"rendered":"<p>? \u2020\u00a0? : fest\u0151. \u2013 A segesv\u00e1ri pl\u00e9b\u00e1niatemplom falfestm\u00e9nyeinek k\u00e9sz\u00edt\u0151je (1483\u201388). Irod.: L\u00e9sty\u00e1n \u2013 templomok<\/p>\n","protected":false},"featured_media":0,"comment_status":"open","ping_status":"closed","template":"","meta":[],"product_brand":[],"product_cat":[137],"product_tag":[],"class_list":{"0":"post-1999","1":"product","2":"type-product","3":"status-publish","5":"product_cat-maros-megyei-eletrajzi-lexikon","7":"first","8":"instock","9":"shipping-taxable","10":"product-type-simple"},"_links":{"self":[{"href":"https:\/\/uj.adatbank.ro\/lexikon\/wp-json\/wp\/v2\/product\/1999","targetHints":{"allow":["GET"]}}],"collection":[{"href":"https:\/\/uj.adatbank.ro\/lexikon\/wp-json\/wp\/v2\/product"}],"about":[{"href":"https:\/\/uj.adatbank.ro\/lexikon\/wp-json\/wp\/v2\/types\/product"}],"replies":[{"embeddable":true,"href":"https:\/\/uj.adatbank.ro\/lexikon\/wp-json\/wp\/v2\/comments?post=1999"}],"wp:attachment":[{"href":"https:\/\/uj.adatbank.ro\/lexikon\/wp-json\/wp\/v2\/media?parent=1999"}],"wp:term":[{"taxonomy":"product_brand","embeddable":true,"href":"https:\/\/uj.adatbank.ro\/lexikon\/wp-json\/wp\/v2\/product_brand?post=1999"},{"taxonomy":"product_cat","embeddable":true,"href":"https:\/\/uj.adatbank.ro\/lexikon\/wp-json\/wp\/v2\/product_cat?post=1999"},{"taxonomy":"product_tag","embeddable":true,"href":"https:\/\/uj.adatbank.ro\/lexikon\/wp-json\/wp\/v2\/product_tag?post=1999"}],"curies":[{"name":"wp","href":"https:\/\/api.w.org\/{rel}","templated":true}]}}