{"id":19990,"date":"2025-07-22T18:32:31","date_gmt":"2025-07-22T16:32:31","guid":{"rendered":"https:\/\/uj.adatbank.ro\/lexikon\/termek\/schonauer-norbert-schonauer-norbert-2\/"},"modified":"2025-07-22T18:32:31","modified_gmt":"2025-07-22T16:32:31","slug":"schonauer-norbert-schonauer-norbert-2","status":"publish","type":"product","link":"https:\/\/uj.adatbank.ro\/lexikon\/termek\/schonauer-norbert-schonauer-norbert-2\/","title":{"rendered":"SCH\u00d6NAUER Norbert, Schonauer Norbert"},"content":{"rendered":"<p>? \u2020?: \u00e9p\u00edt\u00e9sz, tervez\u0151. \u2013 Sz\u00e1szr\u00e9genben nevelkedett, Bp.-en v\u00e9gezte tanulm\u00e1nyait a m\u00e1sodik vh. alatt. A kanadai korm\u00e1ny tan\u00e1csad\u00f3ja, t\u00f6bb k\u00f6nyv szerz\u0151je. A Mc. Gill Egyetem \u00e9p\u00edt\u00e9szeti kar\u00e1n tan\u00edtott. A lak\u00f3h\u00e1z\u00e9p\u00edt\u00e9s foglalkoztatta. <br \/><strong>Irod.:<\/strong> B\u00edr\u00f3 Don\u00e1t; N\u00fa. (2001. szept. 22.).<\/br><\/p>\n","protected":false},"excerpt":{"rendered":"<p>? \u2020?: \u00e9p\u00edt\u00e9sz, tervez\u0151. \u2013 Sz\u00e1szr\u00e9genben nevelkedett, Bp.-en v\u00e9gezte tanulm\u00e1nyait a m\u00e1sodik vh. alatt. A kanadai korm\u00e1ny tan\u00e1csad\u00f3ja, t\u00f6bb k\u00f6nyv szerz\u0151je. A Mc. Gill Egyetem \u00e9p\u00edt\u00e9szeti kar\u00e1n tan\u00edtott. A lak\u00f3h\u00e1z\u00e9p\u00edt\u00e9s foglalkoztatta. Irod.: B\u00edr\u00f3 Don\u00e1t; N\u00fa. (2001. szept. 22.).<\/p>\n","protected":false},"featured_media":0,"comment_status":"open","ping_status":"closed","template":"","meta":[],"product_brand":[],"product_cat":[137],"product_tag":[],"class_list":{"0":"post-19990","1":"product","2":"type-product","3":"status-publish","5":"product_cat-maros-megyei-eletrajzi-lexikon","7":"first","8":"instock","9":"shipping-taxable","10":"product-type-simple"},"_links":{"self":[{"href":"https:\/\/uj.adatbank.ro\/lexikon\/wp-json\/wp\/v2\/product\/19990","targetHints":{"allow":["GET"]}}],"collection":[{"href":"https:\/\/uj.adatbank.ro\/lexikon\/wp-json\/wp\/v2\/product"}],"about":[{"href":"https:\/\/uj.adatbank.ro\/lexikon\/wp-json\/wp\/v2\/types\/product"}],"replies":[{"embeddable":true,"href":"https:\/\/uj.adatbank.ro\/lexikon\/wp-json\/wp\/v2\/comments?post=19990"}],"wp:attachment":[{"href":"https:\/\/uj.adatbank.ro\/lexikon\/wp-json\/wp\/v2\/media?parent=19990"}],"wp:term":[{"taxonomy":"product_brand","embeddable":true,"href":"https:\/\/uj.adatbank.ro\/lexikon\/wp-json\/wp\/v2\/product_brand?post=19990"},{"taxonomy":"product_cat","embeddable":true,"href":"https:\/\/uj.adatbank.ro\/lexikon\/wp-json\/wp\/v2\/product_cat?post=19990"},{"taxonomy":"product_tag","embeddable":true,"href":"https:\/\/uj.adatbank.ro\/lexikon\/wp-json\/wp\/v2\/product_tag?post=19990"}],"curies":[{"name":"wp","href":"https:\/\/api.w.org\/{rel}","templated":true}]}}